{"id":502,"date":"2019-02-25T12:12:29","date_gmt":"2019-02-25T11:12:29","guid":{"rendered":"http:\/\/10.0.0.65\/ukctuzla3\/?page_id=502"},"modified":"2023-01-27T13:05:15","modified_gmt":"2023-01-27T12:05:15","slug":"poliklinika-za-laboratorijsku-dijagnostiku","status":"publish","type":"page","link":"https:\/\/www.ukctuzla.ba\/ukctuzla\/?page_id=502&lang=bs","title":{"rendered":"POLIKLINIKA ZA LABORATORIJSKU DIJAGNOSTIKU"},"content":{"rendered":"<p><strong>Na\u010delnik Poliklinike:<\/strong> Prof.dr.Nijaz Tihi\u0107 spec.mikrobiologije<\/p>\n<p>Tel.++\u00a0 387 35 303 536<\/p>\n<p>e-mail: nijaz.tihic@ukctuzla.ba<\/p>\n<p><strong>Glavni tehni\u010dar Poliklinike<\/strong>: Mr.sc.Sadik Jahi\u0107, dipl.ing.med.laboratorijske dijagnostike<br \/>\nTel.++\u00a0 387 35 303 547<br \/>\ne-mail: sadik.jahic@ukctuzla.ba<\/p>\n<p><strong>Medicinska sestra \/ tehni\u010dar za poslove pobolji\u0161anja kvaliteta i edukaciju:<\/strong>Mirela Salihovi\u0107 dipl.med.lab.ing.<br \/>\nTel. 387 35 303 515<br \/>\ne-mail: mirela.salihovic@ukctuzla.ba<\/p>\n<p><strong>Va\u017eniji telefonski brojevi za kontakt:<\/strong><br \/>\n<strong>Zavod za patologiju<\/strong><br \/>\nTel. ++ 387 35 303 542- \u0160ef Zavoda<br \/>\nTel: ++ 387 35 303 515 i 303 547- Odgovorni tehni\u010dar\u00a0 Zavoda<br \/>\nTel.++387 35 303 534- Informacije o nalazima: (od 14:00-15,30 h):<br \/>\nTel.++ 387 35 303 515- Prijem uzoraka<br \/>\nTel.++ 387 35 303 357- Preuzimanje tijela umrlih: (od 08:00-16:00h)<\/p>\n<p><strong>Zavod za mikrobiologiju<\/strong><br \/>\nTel. ++ 387 35 303 536- \u0160ef Zavoda<br \/>\nTel: ++ 387 35 303 568- Odgovorni tehni\u010dar Zavoda<br \/>\nTel.++ 387 35 303 517- Laboratorija<\/p>\n<p style=\"text-align: justify;\">Prijemna ambulanta Zavoda:<br \/>\nTel.++ 387 35 303 511<br \/>\nInformacije o nalazima:<br \/>\nTel.++ 387 35 303 511 (od 12-14,30 sati)<\/p>\n<p><strong>Zavod za biohemiju<\/strong><br \/>\nTel. ++ 387 35 303 502- \u0160ef Zavoda<br \/>\nTel: ++ 387 35 303 525- Odgovorni tehni\u010dar Zavoda<br \/>\nTel.++ 387 35 303 516 \u2013 Laboratorija za urgentni program<br \/>\nTel.++ 387 35 303 571- Informacije o nalazima<\/p>\n<p style=\"text-align: justify;\"><strong>Istorijat:<\/strong><br \/>\nPoliklinika za laboratorijsku dijagnostiku datira od maja 2003. godine kada je\u00a0 integracijom i pro\u0161irenjem djelatnosti Zavoda za patologiju i Zavoda za mikrobiologiju JZU UKC Tuzla osnovana Poliklinika za mikrobiologiju, patologiju, imunologiju i molekularnu medicinu. Pripajanjem Zavoda za biohemiju, u julu 2005. godine, formirana je Poliklinika za laboratorijsku dijagnostiku.<\/p>\n<p style=\"text-align: justify;\"><strong>Djelatnost Poliklinike:<\/strong><br \/>\nDijagnosti\u010dke usluge iz oblasti patologije, citologije, proto\u010dne-citometrije, citogenetike, molekularne dijagnostike, mikrobiolo\u0161ke i biohemijske dijagnostike koje se obavljaju u sklopu organizacionih jedinica Poliklinike.<br \/>\nU\u010de\u0161\u0107e u radu onkolo\u0161kih Konzilija, Konzilija za transplantaciju bubrega i jetre kao i Konzilija za transplantaciju mati\u010dnih \u0107elija hematopoeze.<br \/>\nSprovo\u0111enje, kontrola i unaprije\u0111enje kvaliteta dijagnosti\u010dkih usluga<br \/>\nNastavna i edukativna djelatnost za studente zdravstvenih fakulteta, Visoke zdravstvene \u0161kole, specijalizante i specijaliste koja se obavlja u sklopu organizacionih jedinica Poliklinike<br \/>\nNau\u010dno-istra\u017eivacka djelatnost u saradnji sa drugim institucijama<br \/>\nKonsultativno specijalisti\u010dki nadzor nad sprovo\u0111enjem laboratorijske dijagnostike na podru\u010dju Tuzlanskog kantona.<\/p>\n<p>&nbsp;<\/p>\n<p><strong>ORGANIZACIONA STRUKTURA<\/strong><br \/>\n<a href=\"https:\/\/www.ukctuzla.ba\/ukctuzla\/?page_id=550\" target=\"_blank\" rel=\"noopener\">Zavod za patologiju<\/a><br \/>\n<a href=\"https:\/\/www.ukctuzla.ba\/ukctuzla\/?page_id=552\" target=\"_blank\" rel=\"noopener\">Zavod za mikrobiologiju<\/a><br \/>\n<a href=\"https:\/\/www.ukctuzla.ba\/ukctuzla\/?page_id=554\" target=\"_blank\" rel=\"noopener\">Zavod za biohemiju<\/a><\/p>\n<p style=\"text-align: justify;\">Poliklinika za laboratorijsku dijagnostiku je smje\u0161tena na dvije lokacije. Zavod za biohemiju nalazi se u suterenu zgrade Hirur\u0161ke klinike, a Zavod za patologiju i Zavod za mikrobiologiju u adaptiranoj i rekonstruisanoj zgradi biv\u0161e kasarne, izme\u0111u Interne klinike i zgrade Uprave UKC Tuzla. U prizemlju zgrade smje\u0161tena je prijemna ambulanta Zavoda za mikrobiologiju i Zavoda za patologiju, predavaona za studente, obdukcioni trakt i pomo\u0107ne prostorije. Na prvom spratu nalazi se Zavod za patologiju i prostori zajedni\u010dkih slu\u017ebi, a na drugom spratu prostor Zavoda za mikrobiologiju.<\/p>\n<p><strong>Struktura uposlenika Poliklinike<\/strong><\/p>\n<ul>\n<li>22 specijalista<\/li>\n<li>3\u00a0 ljekara na specijalizaciji<\/li>\n<li>1 ljekara op\u0161te prakse<\/li>\n<li>2 magistra farmacije \u2013 specijalisti medicinske biohemije i laboratorijske dijagnostike<\/li>\n<li>22 diplomirana medicinsko-laboratorijska in\u017einjera<\/li>\n<li>2\u00a0 diplomirana medicinska sestra\/tehni\u010dara<\/li>\n<li>14 medicinski tehnolog\/biolog<\/li>\n<li>5 vi\u0161ih laboratorijskih tehnicara<\/li>\n<li>40 laboratorijska tehni\u010dara (1\u00a0 medicinska sestra \u2013 Citotehnolog SSS)<\/li>\n<li>11 Nemedicinski uposlenici<\/li>\n<\/ul>\n<p>&nbsp;<\/p>\n<p><strong>Knjige i ud\u017ebenici u \u010dijem pisanju su u\u010destvovali uposlenici Poliklinike<\/strong><\/p>\n<ol>\n<li>Proto\u010dna citometrija osnove i zna\u010daj u klini\u010dkoj praksi (Prof.dr.Fejzo D\u017e. Marina D-\u0160. Selma M, Jasenko K. Tuzla 2018.god.)<\/li>\n<li>Imunolo\u0161ki rje\u010dnik, Tuzla: Medicinski fakultet Univerziteta u Tuzli, 2001<\/li>\n<li>Patologija: Testovi za provjeru znanja, pitanja i odgovori (prof dr Selak I., Radovi\u0107 S., Iljazovi\u0107 E., \u010ci\u010dku\u0161i\u0107 E). Medicinski\u00a0 Fakultet Univerziteta\u00a0 u Sarajevu i Medicinski\u00a0 Fakultet Univerziteta\u00a0 u Tuzli, Februar, 2002.g.<\/li>\n<li>Mikobakterije, klini\u010dki zna\u010daj i dijagnosti\u010dke metode, Tuzla: Univerzitet u Tuzli, 2003.<\/li>\n<li>Patologija (priru\u010dnik za pripremu ispita), M. Nola\u2020, I. Damjanov. Medicinska naklada, Zagreb, 2008. (autor poglavlja 13 Iljazovi\u0107 E, Damjanov I: Bolesti jetre i bilijarnog sustava)<\/li>\n<li>Prevencija i kontrola infekcija u zdravstvenim Ustanovama, M. Huki\u0107 i sar.TDP Sarajevo, 2010. (Poglavlja u knjizi: Poglavlje III. Fatima Numanovi\u0107, Invazivne dijagnosti\u010dke i terapijske procedure; Poglavlje VIII.\u00a0 Nijaz Tihi\u0107, Postupak izolacije pacijenata i poglavlje XI Patogeni koji se prenose putem krvi).<\/li>\n<\/ol>\n<p>&nbsp;<\/p>\n","protected":false},"excerpt":{"rendered":"<p>Na\u010delnik Poliklinike: Prof.dr.Nijaz Tihi\u0107 spec.mikrobiologije Tel.++\u00a0 387 35 303 536 e-mail: nijaz.tihic@ukctuzla.ba Glavni tehni\u010dar Poliklinike: Mr.sc.Sadik Jahi\u0107, dipl.ing.med.laboratorijske dijagnostike Tel.++\u00a0 387 35 303 547 e-mail: sadik.jahic@ukctuzla.ba Medicinska sestra \/ tehni\u010dar za poslove pobolji\u0161anja kvaliteta i edukaciju:Mirela Salihovi\u0107 dipl.med.lab.ing. Tel. 387 35 303 515 e-mail: mirela.salihovic@ukctuzla.ba Va\u017eniji telefonski brojevi za kontakt: Zavod za patologiju Tel. ++&hellip;<\/p>\n","protected":false},"author":1,"featured_media":16294,"parent":0,"menu_order":0,"comment_status":"closed","ping_status":"closed","template":"","meta":{"footnotes":""},"class_list":["post-502","page","type-page","status-publish","has-post-thumbnail","hentry","description-off"],"_links":{"self":[{"href":"https:\/\/www.ukctuzla.ba\/ukctuzla\/index.php?rest_route=\/wp\/v2\/pages\/502","targetHints":{"allow":["GET"]}}],"collection":[{"href":"https:\/\/www.ukctuzla.ba\/ukctuzla\/index.php?rest_route=\/wp\/v2\/pages"}],"about":[{"href":"https:\/\/www.ukctuzla.ba\/ukctuzla\/index.php?rest_route=\/wp\/v2\/types\/page"}],"author":[{"embeddable":true,"href":"https:\/\/www.ukctuzla.ba\/ukctuzla\/index.php?rest_route=\/wp\/v2\/users\/1"}],"replies":[{"embeddable":true,"href":"https:\/\/www.ukctuzla.ba\/ukctuzla\/index.php?rest_route=%2Fwp%2Fv2%2Fcomments&post=502"}],"version-history":[{"count":20,"href":"https:\/\/www.ukctuzla.ba\/ukctuzla\/index.php?rest_route=\/wp\/v2\/pages\/502\/revisions"}],"predecessor-version":[{"id":13649,"href":"https:\/\/www.ukctuzla.ba\/ukctuzla\/index.php?rest_route=\/wp\/v2\/pages\/502\/revisions\/13649"}],"wp:featuredmedia":[{"embeddable":true,"href":"https:\/\/www.ukctuzla.ba\/ukctuzla\/index.php?rest_route=\/wp\/v2\/media\/16294"}],"wp:attachment":[{"href":"https:\/\/www.ukctuzla.ba\/ukctuzla\/index.php?rest_route=%2Fwp%2Fv2%2Fmedia&parent=502"}],"curies":[{"name":"wp","href":"https:\/\/api.w.org\/{rel}","templated":true}]}}