{"id":506,"date":"2024-05-05T12:14:31","date_gmt":"2024-05-05T11:14:31","guid":{"rendered":"http:\/\/10.0.0.65\/ukctuzla3\/?page_id=506"},"modified":"2024-05-24T13:03:59","modified_gmt":"2024-05-24T12:03:59","slug":"zavod-za-klinicku-farmakologiju","status":"publish","type":"page","link":"https:\/\/www.ukctuzla.ba\/ukctuzla\/?page_id=506&lang=bs","title":{"rendered":"ZAVOD ZA KLINI\u010cKU FARMAKOLOGIJU"},"content":{"rendered":"<p><strong>v.d. Na\u010delnika:<\/strong> Dr Lejla Rakovac-Tupkovi\u0107, mr.med.sc.<br \/>\n<strong>Odgovorna sestra : <\/strong>Selma Sinanovi\u0107, dr.sci, dipl.med.tehn.-sestra<\/p>\n<p><strong>Kontakt<\/strong><\/p>\n<p>tel.: 00 387 35 30 33 55<br \/>\ne-mail: info@ukctuzla.ba<\/p>\n<p><strong>DJELATNOST ZAVODA<\/strong><\/p>\n<ul>\n<li>Pru\u017eanje zdravstvenih usluga iz domena klini\u010dke farmakologije<\/li>\n<li>Savjetovanje ljekara, sestara, stru\u010dnih slu\u017ebi Ustanove<\/li>\n<li>Savjetovanje bolesnika i njegovatelja<\/li>\n<li>Organizacija rada Komisije za lijekove<\/li>\n<li>Kotrola propisivanja lijekova<\/li>\n<li>Analiza potro\u0161nje lijekova<\/li>\n<li>Pra\u0107enje antimikrobne rezistencije<\/li>\n<li>Terapijski monitoring<\/li>\n<li>Prikupljanje i obrada prijava ne\u017eeljenih reakcija na lijekove<\/li>\n<li>Kontrola primjene uspostavljenih standarda<\/li>\n<li>Saradnja sa farmaceutskom industrijom<\/li>\n<\/ul>\n<p>&nbsp;<\/p>\n<p><strong>KADROVI<\/strong><br \/>\nprim.dr. Aldina Ahmetagi\u0107, mr.med.sci., specijalista klini\u010dke farmakologije<br \/>\ndr Aida Nuriki\u0107, specijalista klini\u010dke farmakologije<br \/>\ndr Lejla Rakovac Tupkovi\u0107, mr.med.sci., specijalista klini\u010dke farmakologije<br \/>\ndr Selma Halilovi\u0107, specijalista klini\u010dke farmakologije<br \/>\nSelma Sinanovi\u0107, mr.sci, dipl.med.tehn.-sestra<\/p>\n<p>&nbsp;<\/p>\n","protected":false},"excerpt":{"rendered":"<p>v.d. Na\u010delnika: Dr Lejla Rakovac-Tupkovi\u0107, mr.med.sc. Odgovorna sestra : Selma Sinanovi\u0107, dr.sci, dipl.med.tehn.-sestra Kontakt tel.: 00 387 35 30 33 55 e-mail: info@ukctuzla.ba DJELATNOST ZAVODA Pru\u017eanje zdravstvenih usluga iz domena klini\u010dke farmakologije Savjetovanje ljekara, sestara, stru\u010dnih slu\u017ebi Ustanove Savjetovanje bolesnika i njegovatelja Organizacija rada Komisije za lijekove Kotrola propisivanja lijekova Analiza potro\u0161nje lijekova Pra\u0107enje antimikrobne&hellip;<\/p>\n","protected":false},"author":1,"featured_media":16294,"parent":0,"menu_order":0,"comment_status":"closed","ping_status":"closed","template":"","meta":{"footnotes":""},"class_list":["post-506","page","type-page","status-publish","has-post-thumbnail","hentry","description-off"],"_links":{"self":[{"href":"https:\/\/www.ukctuzla.ba\/ukctuzla\/index.php?rest_route=\/wp\/v2\/pages\/506","targetHints":{"allow":["GET"]}}],"collection":[{"href":"https:\/\/www.ukctuzla.ba\/ukctuzla\/index.php?rest_route=\/wp\/v2\/pages"}],"about":[{"href":"https:\/\/www.ukctuzla.ba\/ukctuzla\/index.php?rest_route=\/wp\/v2\/types\/page"}],"author":[{"embeddable":true,"href":"https:\/\/www.ukctuzla.ba\/ukctuzla\/index.php?rest_route=\/wp\/v2\/users\/1"}],"replies":[{"embeddable":true,"href":"https:\/\/www.ukctuzla.ba\/ukctuzla\/index.php?rest_route=%2Fwp%2Fv2%2Fcomments&post=506"}],"version-history":[{"count":5,"href":"https:\/\/www.ukctuzla.ba\/ukctuzla\/index.php?rest_route=\/wp\/v2\/pages\/506\/revisions"}],"predecessor-version":[{"id":16492,"href":"https:\/\/www.ukctuzla.ba\/ukctuzla\/index.php?rest_route=\/wp\/v2\/pages\/506\/revisions\/16492"}],"wp:featuredmedia":[{"embeddable":true,"href":"https:\/\/www.ukctuzla.ba\/ukctuzla\/index.php?rest_route=\/wp\/v2\/media\/16294"}],"wp:attachment":[{"href":"https:\/\/www.ukctuzla.ba\/ukctuzla\/index.php?rest_route=%2Fwp%2Fv2%2Fmedia&parent=506"}],"curies":[{"name":"wp","href":"https:\/\/api.w.org\/{rel}","templated":true}]}}