{"id":508,"date":"2022-09-29T06:15:13","date_gmt":"2022-09-29T05:15:13","guid":{"rendered":"http:\/\/10.0.0.65\/ukctuzla3\/?page_id=508"},"modified":"2025-10-27T12:50:46","modified_gmt":"2025-10-27T11:50:46","slug":"zavod-za-psiholosku-i-socijalnu-zastitu","status":"publish","type":"page","link":"https:\/\/www.ukctuzla.ba\/ukctuzla\/?page_id=508&lang=bs","title":{"rendered":"ZAVOD ZA PSIHOLO\u0160KU I SOCIJALNU ZA\u0160TITU"},"content":{"rendered":"<p><strong>v.d. Na\u010delnika:<\/strong> dr.sc.Samra Mahmutovi\u0107, dipl. socijalni radnik<br \/>\n<strong>Kontakt tel.:<\/strong> 00 387 35 303 616<br \/>\n<strong>e-mail:<\/strong> samra.mahmutovic@ukctuzla.ba<\/p>\n<p><strong>Djelatnosti Zavoda za psiholo\u0161ku i socijalnu za\u0161titu:<\/strong><\/p>\n<ul>\n<li>rad sa radnicima Ustanove<\/li>\n<li>rad sa pacijentima koji su na bolni\u010dkom tretmanu u Ustanovi<\/li>\n<li>rad sa ambulantnim pacijentima<\/li>\n<li>nau\u010dno-istra\u017eiva\u010dki rad<\/li>\n<li>rad na obu\u010davanju pripravnika\/studenata socijalnog rada i psihologije<\/li>\n<\/ul>\n<p><strong>Rad sa radnicima Ustanove:<\/strong><\/p>\n<ul>\n<li>Prevencija i rano otkrivanje problema u mentalnoj za\u0161titi radnika;<\/li>\n<li>Psihoedukacija sa ciljem razvijanja komunikacijskih vje\u0161tina kao i rane prevencije stresa;<\/li>\n<li>Sistematski pregledi radnika;<\/li>\n<li>Psiholo\u0161ko i socijalno savjetovanje u situacijama sumnje na naru\u0161ene me\u0111uljudske odnose unutar organizacione jedinice;<\/li>\n<li>Kreiranje plana pristupa i aktivnosti s ciljem rje\u0161avanja socijalno-radnih problema;<\/li>\n<li>Izrada socijalnih anamneza za radnike Ustanove za potrebe tretmana u Dnevnoj bolnici Klinike za psihijatriju;<\/li>\n<li>U\u010destvovanje u obradi kod upu\u0107ivanja radnika Ustanove na Ocjenu radne sposobnosti;<\/li>\n<li>Saradnja sa primarnom zdravstvenom za\u0161titom, Federalnim zavodom za penzijsko i invalidsko osiguranje u vezi sa obradom i pripremom uposlenika za ocjenu radne sposobnosti;<\/li>\n<li>Rje\u0161avanje statusa radnika sa promjenjenom radnom sposobno\u0161\u0107u;<\/li>\n<li>Vo\u0111enje evidencije o privremenim sprije\u010denostima za rad po osnovu bolovanja radnicima Ustanove;<\/li>\n<li>vo\u0111enje evidencije i staranje o radnicima koji su ostvarili pravo na penziju;<\/li>\n<li>Savjetovanje radnika u oblasti socijalne za\u0161tite;<\/li>\n<\/ul>\n<p><strong>Rad sa pacijentima koji su na bolni\u010dkom tretmanu u Ustanovi:<\/strong><\/p>\n<ul>\n<li>Prevencija i rano otkrivanje problema u mentalnoj za\u0161titi;<\/li>\n<li>Psihodijagnosti\u010dka procjena inteligencije, kognitivnih sposobnosti, strukture li\u010dnosti, emocionalnog statusa pacijenta, simptoma traume uz kori\u0161tenje usmjerenog klini\u010dkog intervjua, psiholo\u0161kog instrumentarija i analize projektivnih tehnika; procjena psihomotornog razvoja djece, te specijalizirana procjena razvojnih karakteristika;<\/li>\n<li>Individualni i grupni psihoterapijski tretman sa pacijentima (odrasle osobe i djeca) uz kori\u0161tenje Psihodramskog pristupa, Transakcione analize, Ge\u0161talt terapije, REBT terapije, EMDR tehnike, Treninga asertivnosti;KBT terapije;<\/li>\n<li>Sociolo\u0161ko \u2013 psiholo\u0161ka procjena te savjetodavni rad sa trudnicama koje \u017eele izvr\u0161iti prekid poodmakle trudno\u0107e;<\/li>\n<li>Psiholo\u0161ko savjetovanje i suport pacijenata, kao i savjetodavni rad sa socijalnim radnicima u smislu ostvarivanja prava iz oblasti socijalne za\u0161tite po zavr\u0161etku lije\u010denja, te pomo\u0107 u kori\u0161tenju li\u010dnih kapaciteta i socijalnog okru\u017eenja pacijenata;<\/li>\n<li>Planiranje i sprovo\u0111enje aktivnosti s ciljem smje\u0161taja lica u stanju socijalne i zdravstvene potrebe u Ustanovu socijalne ili zdravstvene za\u0161tite;<\/li>\n<li>Izrada psiholo\u0161ke i socijalne procjene za pacijente u postupku transplantacije i ugradnje kohlearnog aparata;<\/li>\n<li>U\u010destvovanje u radu sa pacijentima koje su \u017ertve nasilja u porodici, vo\u0111enje evidencije o nasilju u porodici u sklopu Protokola o intervencijama u slu\u010dajevima nasilja u porodici za Tuzlanski kanton;<\/li>\n<li>U\u010destovovanje i socijalno savjetovanje pacijenata u Klubu lije\u010denih alkoholi\u010dara;<\/li>\n<li>Rad na prevenciji, ranom otkrivanju i rehabilitaciji pacijenata s bolesti ovisnosti;<\/li>\n<li>Pru\u017eanje socijalne podr\u0161ke i socijalne za\u0161tite nad maloljetnim i odraslim licima u okviru Ustanove;<\/li>\n<li>Saradnja sa nadle\u017enim institucijama na nivou lokalne zajednice, kantona i dr\u017eave s ciljem rje\u0161avanja socijalnih problema korisnika usluga Ustanove;<\/li>\n<li>Saradnja sa odgovaraju\u0107im institucijama s ciljem unapre\u0111enja socioekonomskog statusa pacijenata (nadle\u017enim Ministarstvima, Centrima za socijalni rad, Centrima za mentalno zdravlje, Zavodima zdravstvenog osiguranja, Institutom za medicinsko vje\u0161ta\u010denje zdravstvenog stanja, Federalnim zavodom za penzijsko i invalidsko osiguranje i sl.);<\/li>\n<li>Predlaganje mjera i akcija nadle\u017enim ustanovama u cilju potpunije psiholo\u0161ke i socijalne za\u0161tite pacijenata<\/li>\n<\/ul>\n<p><strong>Ambulantni rad<\/strong><\/p>\n<ul>\n<li>izrada socijalne anamneze<\/li>\n<li>psihodijagnosti\u010dka procjena inteligencije, kognitivnih sposobnosti, strukture li\u010dnosti, emocionalnog statusa pacijenta, te simptoma traume uz kori\u0161tenje usmjerenog klini\u010dkog intervjua, psiholo\u0161kog instrumentarija te analize projektivnih tehnika; kod djece procjena psihomotornog razvoja, te specijalizirana procjena razvojnih karakteristika;<\/li>\n<li>Individualni i grupni psihoterapijski tretman sa pacijentima (odrasle osobe i djeca) uz kori\u0161tenje Psihodramskog pristupa, Transakcione analize, Ge\u0161talt terapije, REBT terapije, EMDR tehnike, Treninga asertivnosti;<\/li>\n<\/ul>\n<p><strong>Nau\u010dno \u2013 istra\u017eiva\u010dki rad<\/strong><\/p>\n<ul>\n<li>stalno li\u010dno i stru\u010dno usavr\u0161avanje<\/li>\n<li>u\u010de\u0161\u0107e u nau\u010dno-istra\u017eiva\u010dkim projektima<\/li>\n<li>rad na uvo\u0111enju i primjeni savremenih dostignu\u0107a iz oblasti socijalnog rada i psihologije<\/li>\n<li>rad na izradi plana i programa iz oblasti socijalnog rada i razvoja<\/li>\n<li>izrada izvje\u0161taja i analiza u oblasti socijalne za\u0161tite<\/li>\n<\/ul>\n<p>&nbsp;<\/p>\n<p><strong>Rad na obu\u010davanju pripravnika\/studenata socijalnog rada i psihologije<\/strong><\/p>\n<ul>\n<li>u\u010de\u0161\u0107e u obrazovanju u\u010denika i studenata socijalnog rada i psihologije<\/li>\n<li>uvo\u0111enje u rad socijalnih radnika i psihologa<\/li>\n<li>stru\u010dno osposobljavanje socijalnih radnika i psihologa<\/li>\n<li>u\u010de\u0161\u0107e u obu\u010davanju pripravnika \u2013 socijalnih radnika, kao i studenata \u2013 pripravnika psihologije.<\/li>\n<\/ul>\n<p>&nbsp;<\/p>\n<p><span style=\"color: #333333;\"><strong>Odjeljenje za socijalnu za\u0161titu<\/strong><\/span><br \/>\n<span style=\"color: #333333;\"> <strong>\u0160ef odjeljenja za socijalnu za\u0161titu:<\/strong> dr.sc.<\/span>Vesna Huremovi\u0107, dipl. socijalni radnik<br \/>\n<strong>Kontakt tel.:<\/strong> 00 387 35 303 616<br \/>\n<strong>e-mail:<\/strong> vesna.huremovic@ukctuzla.ba<br \/>\nFatima Mehmedovi\u0107, magistar socijalnog rada<br \/>\nSenada Kurti\u0107, dipl. socijalni radnik<br \/>\nAmra Ademovi\u0107, magistar socijalnog rada<br \/>\nAlma Mustafi\u0107, magistar socijalnog rada<br \/>\nMerima Alji\u0107, magistar socijalnog rada<\/p>\n<p><span style=\"color: #333333;\"><strong>Odjeljenje za psiholo\u0161ku za\u0161titu<\/strong><\/span><br \/>\n<strong>\u0160ef odjeljenja za psiholo\u0161ku za\u0161titu:<\/strong> Edin Ni\u0161i\u0107, magistar psihologije<br \/>\n<strong>Kontakt tel.:<\/strong> 00 387 35 290 312<br \/>\n<strong>e-mail:<\/strong> edin.nisic@ukctuzla.ba<br \/>\nMr.psy. sci Nera Kravi\u0107 Preli\u0107, diplomirani psiholog<br \/>\nLarisa Bu\u0161evac, magistar psihologije<br \/>\nNedim Preli\u0107, diplomirani psiholog<br \/>\nSanja Mulaosmanovi\u0107, diplomirani pedagog psiholog<\/p>\n<p><strong>Nau\u010dni i stru\u010dni radovi u \u010dijoj izradi su u\u010destvovali radnici Zavoda za psiholo\u0161ku i socijalnu za\u0161titu<\/strong><\/p>\n<p><strong>Doktorske disertacije:<\/strong><br \/>\n1. Samra Mahmutovi\u0107 (2023). Oporavak i pozitivno mentalno zdravlje osoba koje boluju od psihi\u010dke bolesti; Zagreb: Sveu\u010dili\u0161te u Zagrebu, Pravni fakultet. Poveznica: <a href=\"https:\/\/urn.nsk.hr\/urn:nbn:hr:199:622303\" target=\"_blank\" rel=\"noopener\">https:\/\/urn.nsk.hr\/urn:nbn:hr:199:622303<\/a><br \/>\n2. Vesna Huremovi\u0107 (2023). Zna\u010daj obiteljske i grupne tretmanske podr\u0161ke u oporavku osoba ovisnih o alkoholu u Bosni i Hercegovini; Zagreb: Sveu\u010dili\u0161te u Zagrebu, Pravni fakultet.<br \/>\nPoveznica: <a href=\"https:\/\/urn.nsk.hr\/urn:nbn:hr:199:850983\" target=\"_blank\" rel=\"noopener\">https:\/\/urn.nsk.hr\/urn:nbn:hr:199:850983<\/a><\/p>\n<p><strong>Magistarski radovi:<\/strong><\/p>\n<ol>\n<li>Edin Ni\u0161i\u0107 (2014) Povezanost soiodemografskih karakteristika sa simptomima anksioznosti i depresivnosti studenata, Filozofski fakultet Banja Luka<\/li>\n<li>Larisa Bu\u0161evac (2015) Zadovoljstvo \u017eivotom majki djece pred\u0161kolskog uzrasta, Filozofski fakultet Univerzitet u Tuzli<\/li>\n<li>Vesna Huremovi\u0107 (2014) Socijalno poduzetni\u010dktvo kao aktivna mjera zapo\u0161ljavanja mladih Filozofski fakultet Univerzitet u Tuzli<\/li>\n<li>Samra Mahmutovi\u0107 (2015) Uloga primarne socijalne mre\u017ee u prevenciji prstupni\u010dkog pona\u0161anja mladih Filozofski fakultet Univerzitet u Tuzli<\/li>\n<li>Fatima Mehmedovi\u0107 (2015) Prisutnost nasilja nad starim osobama u socijalnim i zdravstvenim ustanovama Filozofski fakultet Univerzitet u Tuzli<\/li>\n<\/ol>\n<p><strong>Nau\u010dni i stru\u010dni radovi:<\/strong><\/p>\n<ol>\n<li>Mahmutovi\u0107, Samra; Klete\u010dki Radovi\u0107, Marijana; Huremovi\u0107, Vesna Koncept oporavka \u2013 doprinos razvoju usluga za za\u0161titu mentalnog zdravlja u zajednici. \/\/ DHS 4 (21) (2022), 669-692. (me\u0111unarodna recenzija, pregledni rad).<\/li>\n<li>Huremovi\u0107, Vesna; Mahmutovi\u0107, Samra Uloga i zna\u010daj Klubova lije\u010denih alkoholi\u010dara u kontinuiranom odr\u017eavanju apstinencije i postignutih rezultata oporavka od alkohola. \/\/ Dru\u0161tvene i humanisti\u010dke studije, 20 (2022), 429-452. (me\u0111unarodna recenzija, pregledni rad).<\/li>\n<li>Nedim, Preli\u0107; Nera, Kravi\u0107 Preli\u0107; Edin, Ni\u0161i\u0107; Samira, Seleskovi\u0107 Sofi\u0107; Bu\u0161evac, Larisa; Sanja Mulaosmanovi\u0107, Potrebe, mogu\u0107nosti i ograni\u010denja u pru\u017eanju psiholo\u0161ke podr\u0161ke le\u017ee\u0107im pacijentima oboljelim od COVID 19, Psihologija izme\u0111u profesije i nauke\u201c Dru\u0161tvo psihologa Srbije (2022).<\/li>\n<li>Suada, Selimovi\u0107; Samra, Mahmutovi\u0107; Lejla, Sadikovi\u0107; Vesna, Huremovi\u0107; Amela, Tupaji\u0107; Edin, \u0160estan; Mahir, Huremovi\u0107; Elvir, \u010camd\u017ei\u0107; Selma, Kazi\u0107; Analiza stanja socijalne za\u0161tite s posebnim osvrtom na utjecaj pandemije Coronavirusa na sistem socijalne za\u0161tite UNICEF BIH (2019).<\/li>\n<li>Mahmutovi\u0107, Samra; Huremovi\u0107, Vesna Uloga socijalnog radnika u lije\u010denju osoba sa du\u0161evnim smetnjama. \/\/ Dru\u0161tvene i humanisti\u010dke studije, 1 (2018), 4; 109-121 (me\u0111unarodna recenzija, \u010dlanak, znanstveni)<\/li>\n<li>Huremovi\u0107, Vesna; Mahmutovi\u0107, Samra Inkluzija djece sa psihofizi\u010dkim smetnjama u razvoju u srednjo\u0161kolsko obrazovanje. \/\/ Zbornik radova Konferencije sa me\u0111unarodnim u\u010de\u0161\u0107em &#8220;Izazovi i perspektive pomaga\u010dkih profesija Izet Pehli\u0107 (ur.). Biha\u0107, Bosna i Hercegovina: Islamski pedago\u0161ki fakultet u Zenici, 2019. str. 75-86 (predavanje, me\u0111unarodna recenzija, sa\u017eetak, stru\u010dni)<\/li>\n<li>Huremovi\u0107, Vesna; Mahmutovi\u0107, Samra Uloga i zna\u010daj socijalnog radnika u zdravstvenim ustanovama u tretmanu osoba sa problemom alkoholizma. \/\/ Zbornik radova Fakulteta politi\u010dkih nauka Univerziteta u Sarajevu, 1 (2018), 2018; 101-112 (doma\u0107a recenzija, ostalo, stru\u010dni)<\/li>\n<li>Mahmutovi\u0107, Samra; Huremovi\u0107, Vesna Primarna socijalna mre\u017ea kao za\u0161titni faktor u prevenciji poreme\u0107aja u pona\u0161anju. \/\/ Zbornik radova Konferencije sa me\u0111unarodnim u\u010de\u0161\u0107em &#8220;Izazovi i perspektive pomaga\u010dkih profesija&#8221; \/ Kepe\u0161 Nusreta (ur.). Biha\u0107, 2018. str. 101-112 (predavanje, me\u0111unarodna recenzija, stru\u010dni)<\/li>\n<li>Mahmutovi\u0107, Samra ; Bijedi\u0107, Meliha., Huremovi\u0107, Vesna Socijalna mre\u017ea maloljetnika kao za\u0161titni faktor u prevenciji prestupni\u0161tva. \/\/ Defektologija, 1 (2015): 56-62. (nau\u010dni rad).<\/li>\n<\/ol>\n<p>&nbsp;<\/p>\n<p>&nbsp;<\/p>\n","protected":false},"excerpt":{"rendered":"<p>v.d. Na\u010delnika: dr.sc.Samra Mahmutovi\u0107, dipl. socijalni radnik Kontakt tel.: 00 387 35 303 616 e-mail: samra.mahmutovic@ukctuzla.ba Djelatnosti Zavoda za psiholo\u0161ku i socijalnu za\u0161titu: rad sa radnicima Ustanove rad sa pacijentima koji su na bolni\u010dkom tretmanu u Ustanovi rad sa ambulantnim pacijentima nau\u010dno-istra\u017eiva\u010dki rad rad na obu\u010davanju pripravnika\/studenata socijalnog rada i psihologije Rad sa radnicima Ustanove:&hellip;<\/p>\n","protected":false},"author":1,"featured_media":16294,"parent":0,"menu_order":0,"comment_status":"closed","ping_status":"closed","template":"","meta":{"footnotes":""},"class_list":["post-508","page","type-page","status-publish","has-post-thumbnail","hentry","description-off"],"_links":{"self":[{"href":"https:\/\/www.ukctuzla.ba\/ukctuzla\/index.php?rest_route=\/wp\/v2\/pages\/508","targetHints":{"allow":["GET"]}}],"collection":[{"href":"https:\/\/www.ukctuzla.ba\/ukctuzla\/index.php?rest_route=\/wp\/v2\/pages"}],"about":[{"href":"https:\/\/www.ukctuzla.ba\/ukctuzla\/index.php?rest_route=\/wp\/v2\/types\/page"}],"author":[{"embeddable":true,"href":"https:\/\/www.ukctuzla.ba\/ukctuzla\/index.php?rest_route=\/wp\/v2\/users\/1"}],"replies":[{"embeddable":true,"href":"https:\/\/www.ukctuzla.ba\/ukctuzla\/index.php?rest_route=%2Fwp%2Fv2%2Fcomments&post=508"}],"version-history":[{"count":21,"href":"https:\/\/www.ukctuzla.ba\/ukctuzla\/index.php?rest_route=\/wp\/v2\/pages\/508\/revisions"}],"predecessor-version":[{"id":19830,"href":"https:\/\/www.ukctuzla.ba\/ukctuzla\/index.php?rest_route=\/wp\/v2\/pages\/508\/revisions\/19830"}],"wp:featuredmedia":[{"embeddable":true,"href":"https:\/\/www.ukctuzla.ba\/ukctuzla\/index.php?rest_route=\/wp\/v2\/media\/16294"}],"wp:attachment":[{"href":"https:\/\/www.ukctuzla.ba\/ukctuzla\/index.php?rest_route=%2Fwp%2Fv2%2Fmedia&parent=508"}],"curies":[{"name":"wp","href":"https:\/\/api.w.org\/{rel}","templated":true}]}}