{"id":510,"date":"2021-11-09T08:16:52","date_gmt":"2021-11-09T07:16:52","guid":{"rendered":"http:\/\/10.0.0.65\/ukctuzla3\/?page_id=510"},"modified":"2026-04-10T14:10:07","modified_gmt":"2026-04-10T13:10:07","slug":"centar-palijativne-njege","status":"publish","type":"page","link":"https:\/\/www.ukctuzla.ba\/ukctuzla\/?page_id=510&lang=bs","title":{"rendered":"CENTAR ZA PALIJATIVNU NJEGU I TERAPIJU BOLA"},"content":{"rendered":"<p style=\"text-align: justify;\"><strong>Na\u010delnik<\/strong>: Mr. med. sc. Samir Hod\u017ei\u0107, prim. dr. med., specijalista anesteziologije sa reanimatologijom<\/p>\n<p><strong>Glavna sestra: <\/strong>Mersiha Hasanovi\u0107, dipl.med.sestra<\/p>\n<p><strong>Medicinska sestra za poslove pobolj\u0161anja kvaliteta i edukaciju:<\/strong> Fahrudina Mujagi\u0107, dipl. med.sestra<\/p>\n<p style=\"text-align: justify;\">Adresa: Izeta Sarajli\u0107a bb, Slavinovi\u0107i, Tuzla<br \/>\ntel. 00 387 035 306 657; 306 670<br \/>\ne-mail: info@ukctuzla.ba<\/p>\n<p><strong>DJELATNOST CENTRA ZA PALIJATIVNU NJEGU I TERAPIJU BOLA<\/strong><br \/>\nCentar za palijativnu njegu i terapiju bola zbrinjava pacijente sa tumorima u palijativnom stadijumu bolesti.<\/p>\n<p>U okviru Centra za palijativnu njegu i terapiju bola vr\u0161i se:<\/p>\n<ul>\n<li style=\"text-align: justify;\">Dijagnostika i terapijski postupci u palijativnom stadiju bolesti pacijenta oboljelih od tumora,<\/li>\n<li>Terapija hroni\u010dnog bola i drugih simptoma ambulantnih i le\u017ee\u0107ih pacijenata,<\/li>\n<li>Uklju\u010divanje porodice\/njegovatelja u proces podr\u0161ke i njege,<\/li>\n<li>Davanje stru\u010dnih savjeta i edukacija pacijenata i \u010dlanova porodice,<\/li>\n<li>Fizioterapija pacijenata i<\/li>\n<li>Psihosocijalna rehabilitacija.<\/li>\n<\/ul>\n<p><strong>ORGANIZACIONA STRUKTURA<\/strong><\/p>\n<ul>\n<li>ZAJEDNI\u010cKI POSLOVI<\/li>\n<li>POLIKLINIKA \u2013 AMBULANTE (Prijemna ambulanta i Ambulanta za terapiju hroni\u010dnog bola)<\/li>\n<li>PALIJATIVNA NJEGA LE\u017dE\u0106IH PACIJENATA<\/li>\n<li>DNEVNA PALIJATIVNA NJEGA<\/li>\n<li>DJE\u010cIJA PALIJATIVNA NJEGE<\/li>\n<\/ul>\n<p><strong>KADROVI<\/strong><br \/>\nUkupan broj uposlenika \u2013 26<br \/>\nLjekara specijalista (VSS) \u2013 2<br \/>\nMedicinskih sestara sa visokom zdravstvenom \u0161kolom (VSS) \u2013 4<br \/>\nMedicinskih sestara sa srednjom medicinskom \u0161kolom (SSS) \u2013 17<br \/>\nDoktor medicine &#8211; 3<\/p>\n<p><span style=\"color: #3366ff;\"><strong>DJELATNOSTI\u00a0 ORGANIZACIONIH\u00a0 JEDINICA<\/strong><\/span><br \/>\n<strong>PALIJATIVNA NJEGA LE\u017dE\u0106IH PACIJENATA<\/strong><br \/>\n<strong>Odgovorna medicinska sestra: <\/strong>Nihada Mujanovi\u0107, bachelor sestrinstva<strong><br \/>\n<\/strong><\/p>\n<ul>\n<li>Prijem, palijativno zbrinjavanje, dijagnosti\u010dki i terapijaki postupci u\u00a0 palijativnom stadijumu bolesti bolesnika oboljelih od tumora,<\/li>\n<li>Terapija hroni\u010dnog bola i drugih simptoma kod le\u017ee\u0107ih i ambulantnih pacijenata,<\/li>\n<li>Fizioterapija pacijenata,<\/li>\n<li>Psihosocijalna rehabilitacija,<\/li>\n<li>Specijalisti\u010dko \u2013 konsultativni pregledi (prvi i kontrolni),<\/li>\n<li>Svi oblici prehrane (enteralna, parenteralna),<\/li>\n<li>Uklju\u010divanje porodice i njegovatelja u proces podr\u0161ke i njege,<\/li>\n<li>Davanje stru\u010dnih savjeta, te edukacija pacijenata i \u010dlanova porodice i<\/li>\n<li>Psiholo\u0161ka podr\u0161ka porodici u \u017ealovanju nakon smrti pacijenata.<\/li>\n<\/ul>\n<p><strong>DNEVNA PALIJATIVNA NJEGA<\/strong><br \/>\n<strong>Odgovorna medicinska sestra: <\/strong>Azra Salkovi\u0107, dipl. med. sestra<\/p>\n<ul>\n<li>Prijem i zbrinjavanje pacijenata u grupama,<\/li>\n<li>Terapija hroni\u010dnog bola,<\/li>\n<li>Fizioterapija pacijenata (individualna i grupna),<\/li>\n<li>Okupaciona terapija,<\/li>\n<li>Psihosocijalna rehabilitacija,<\/li>\n<li>Davanje stru\u010dnih savjeta i edukacija pacijenata,<\/li>\n<li>Organizacija i sprovo\u0111enje zajedni\u010dkih izleta pacijenata Odjeljenja i uposlenika Centra i<\/li>\n<li>Frizerske usluge.<\/li>\n<\/ul>\n<p><strong>DJE\u010cIJA PALIJATIVNA NJEGA<\/strong><br \/>\n<strong>Odgovorna medicinska sestra: <\/strong><strong><br \/>\n<\/strong><\/p>\n<ul>\n<li>Prijem, palijativno zbrinjavanje, dijagnosti\u010dki i terapijaki postupci u\u00a0 palijativnom stadijumu bolesti kod djece i omladine do 18 godina oboljelih od tumora i drugih te\u0161kih hroni\u010dnih bolesti,<\/li>\n<li>Terapija hroni\u010dnog bola i drugih simptoma kod le\u017ee\u0107ih i ambulantnih pacijenata,<\/li>\n<li>Fizioterapija pacijenata (kineziterapija, hidroterapija, manuelna i masa\u017ea, TENS),<\/li>\n<li>Multisenzorijalna relaksiraju\u0107a terapija (Snoezelen) za pacijenate i roditelje,<\/li>\n<li>Psihosocijalna rehabilitacija pacijenata i porodice,<\/li>\n<li>Okupaciona terapija,<\/li>\n<li>Specijalisti\u010dko \u2013 konsultativni pregledi (prvi i kontrolni),<\/li>\n<li>Svi oblici prehrane (enteralna, parenteralna),<\/li>\n<li>Uklju\u010divanje porodice i njegovatelja u proces podr\u0161ke i njege,<\/li>\n<li>Davanje stru\u010dnih savjeta, te edukacija pacijenata i \u010dlanova porodice,<\/li>\n<li>Psiholo\u0161ka podr\u0161ka porodici u \u017ealovanju nakon smrti pacijenata.<\/li>\n<\/ul>\n<p><strong>\u00a0<\/strong><\/p>\n<p>&nbsp;<\/p>\n","protected":false},"excerpt":{"rendered":"<p>Na\u010delnik: Mr. med. sc. Samir Hod\u017ei\u0107, prim. dr. med., specijalista anesteziologije sa reanimatologijom Glavna sestra: Mersiha Hasanovi\u0107, dipl.med.sestra Medicinska sestra za poslove pobolj\u0161anja kvaliteta i edukaciju: Fahrudina Mujagi\u0107, dipl. med.sestra Adresa: Izeta Sarajli\u0107a bb, Slavinovi\u0107i, Tuzla tel. 00 387 035 306 657; 306 670 e-mail: info@ukctuzla.ba DJELATNOST CENTRA ZA PALIJATIVNU NJEGU I TERAPIJU BOLA Centar&hellip;<\/p>\n","protected":false},"author":1,"featured_media":16294,"parent":0,"menu_order":0,"comment_status":"closed","ping_status":"closed","template":"","meta":{"footnotes":""},"class_list":["post-510","page","type-page","status-publish","has-post-thumbnail","hentry","description-off"],"_links":{"self":[{"href":"https:\/\/www.ukctuzla.ba\/ukctuzla\/index.php?rest_route=\/wp\/v2\/pages\/510","targetHints":{"allow":["GET"]}}],"collection":[{"href":"https:\/\/www.ukctuzla.ba\/ukctuzla\/index.php?rest_route=\/wp\/v2\/pages"}],"about":[{"href":"https:\/\/www.ukctuzla.ba\/ukctuzla\/index.php?rest_route=\/wp\/v2\/types\/page"}],"author":[{"embeddable":true,"href":"https:\/\/www.ukctuzla.ba\/ukctuzla\/index.php?rest_route=\/wp\/v2\/users\/1"}],"replies":[{"embeddable":true,"href":"https:\/\/www.ukctuzla.ba\/ukctuzla\/index.php?rest_route=%2Fwp%2Fv2%2Fcomments&post=510"}],"version-history":[{"count":18,"href":"https:\/\/www.ukctuzla.ba\/ukctuzla\/index.php?rest_route=\/wp\/v2\/pages\/510\/revisions"}],"predecessor-version":[{"id":21185,"href":"https:\/\/www.ukctuzla.ba\/ukctuzla\/index.php?rest_route=\/wp\/v2\/pages\/510\/revisions\/21185"}],"wp:featuredmedia":[{"embeddable":true,"href":"https:\/\/www.ukctuzla.ba\/ukctuzla\/index.php?rest_route=\/wp\/v2\/media\/16294"}],"wp:attachment":[{"href":"https:\/\/www.ukctuzla.ba\/ukctuzla\/index.php?rest_route=%2Fwp%2Fv2%2Fmedia&parent=510"}],"curies":[{"name":"wp","href":"https:\/\/api.w.org\/{rel}","templated":true}]}}