{"id":512,"date":"2022-11-14T09:17:36","date_gmt":"2022-11-14T08:17:36","guid":{"rendered":"http:\/\/10.0.0.65\/ukctuzla3\/?page_id=512"},"modified":"2025-09-22T12:34:44","modified_gmt":"2025-09-22T11:34:44","slug":"bolnicka-apoteka","status":"publish","type":"page","link":"https:\/\/www.ukctuzla.ba\/ukctuzla\/?page_id=512&lang=bs","title":{"rendered":"BOLNI\u010cKA APOTEKA"},"content":{"rendered":"<div class=\"wpb-content-wrapper\"><p>[vc_row][vc_column][vc_column_text css=&#8221;&#8221;]<strong>Na\u010delnik Bolni\u010dke poteke:<\/strong> mr ph An\u010dica Topal\u010devi\u0107<\/p>\n<p><strong>Glavni farmaceutski tehni\u010dar:<\/strong> Zehra Avdi\u0107<\/p>\n<p><strong>Kontakt:<\/strong><br \/>\ntel.:\u00a0 00 387 35 30 32 36<br \/>\n00 387 35 30 32 63<br \/>\nfax.: 00 387 35 30 32 90<\/p>\n<p>e-mail: info@ukctuzla.ba<\/p>\n<p><strong>DJELATNOST BOLNI\u010cKE APOTEKE<\/strong><\/p>\n<ul>\n<li>Planiranje nabavke lijekova, sanitetskog i drugog potro\u0161nog materijala<\/li>\n<li>Istra\u017eivanje tr\u017ei\u0161ta lijekova, sanitetskog i drugog potro\u0161nog materijala sa aspekta nabavke<\/li>\n<li>Kontakti sa proizvo\u0111a\u010dima lijekova, sanitetskog i drugog potro\u0161nog materijala i potencijalnim dobavlja\u010dima<\/li>\n<li>U\u010de\u0161\u0107e u raspisivanju tendera i u radu Komisije za javne nabavke u vezi nabavke lijekova, sanitetskog i drugog materijala<\/li>\n<li>Nadzor nad urednim snabdijevanjem lijekovima, sanitetskim materijalom i drugim potro\u0161nim materijalom i pra\u0107enje dinamike isporuka po zaklju\u010denim ugovorima<\/li>\n<li>Prijem trebovanja lijekova, sanitetskog i drugog potro\u0161nog materijala sa klinika i poliklinika<\/li>\n<li>Snabdijevanje i utvr\u0111ivanje frekvencije snabdijevanja klinika i poliklinika sa lijekovima, sanitetskim i drugim potro\u0161nim materijalom<\/li>\n<li>Utvr\u0111ivanje i predlaganje potrebnih zaliha<\/li>\n<li>Kontrola primjene uspostavljenih standarda u oblasti trebovanja, distribucije, \u010duvanja i apliciranja lijekova, sanitetskog i drugog potro\u0161nog materijala<\/li>\n<li>Analiza potro\u0161nje lijekova, sanitetskog i drugog potro\u0161nog materijala<\/li>\n<li>Izradu magistralnih lijekova i galenskih pripravaka<\/li>\n<li>Davanje stru\u010dnih savjeta zdravstvenim radnicima, zdravstvenim ustanovama, bolesnicima i njegovateljima o uzimanju lijekova.<\/li>\n<\/ul>\n<p>&nbsp;<\/p>\n<p><strong>Kadrovska struktura:<\/strong><br \/>\n<strong>Magistri farmacije u Centralnoj apoteci:<\/strong><br \/>\nspec. mr.ph. Andrej Pe\u010det specijalista ispitivanja i kontrole lijekova<br \/>\nspec.mr.ph. Amar Had\u017ei\u0107 specijalista klini\u010dke farmacije<br \/>\nspec.mr.ph. Dijana Ba\u0161i\u0107 specijalista klini\u010dke farmacije<br \/>\nspecmr.ph Amer Osmanovi\u0107. Specijalista klini\u010dke farmacije<br \/>\nspecmr.ph. Dubravka Mi\u0161i\u0107 specijalista farmac tehnologije<br \/>\nmr ph Amra Ibrahimovi\u0107<br \/>\nmr pu Amila Burina Spre\u010di\u0107<br \/>\nmr ph Eldar \u0160ahmanovi\u0107<br \/>\nmr ph Amna Tulumovi\u0107<br \/>\nmr ph Elma Suljetovi\u0107 na specijalizaciji<br \/>\nmr.ph Ivora Mlinari\u0107 Had\u017eiselimovi\u0107 na specijalizaciji<\/p>\n<p>&nbsp;<\/p>\n<p><strong>Farmaceutski tehni\u010dari u Centralnoj apoteci:<\/strong><br \/>\nSabina Zoni\u0107<br \/>\nAmra Hajdarevi\u0107<br \/>\nSaida Vildi\u0107<br \/>\nAsmir \u0110ulovi\u0107<br \/>\nDamira Rami\u0107<\/p>\n<p>&nbsp;<\/p>\n<p><strong>Farmaceutski tehni\u010dari u Klini\u010dkim apotekama:<\/strong><br \/>\nSadbera Omerefendi\u0107<br \/>\nAmira Nurki\u0107<br \/>\nJasmina Junuzovi\u0107<br \/>\nSejdina Pa\u0161\u010danovi\u0107<br \/>\nSelma Salihovi\u0107<br \/>\nIndira Had\u017eiefendi\u0107<br \/>\nNela Suljetovi\u0107<br \/>\nSandra Mrkonji\u0107<br \/>\nAzra Mahmutovi\u0107<br \/>\nAsmir \u0110ulovi\u0107<br \/>\nEmina Mu\u0161anovi\u0107<br \/>\nEnisa Joni\u0107<br \/>\nDamir Karamovi\u0107<br \/>\nMerima Alji\u0107<\/p>\n<p>&nbsp;<\/p>\n<p><strong>Referenti skladi\u0161ne referencije:<\/strong><br \/>\nJasna Moranki\u0107<br \/>\nTehni\u010dki sekretar<br \/>\nAlma Tanovi\u0107<\/p>\n<p>&nbsp;<\/p>\n<p><strong>Radnici u Bolni\u010dkoj apoteci<\/strong><br \/>\nNermin \u0106osi\u0107<br \/>\nDragan Gojkovi<br \/>\nSafet Palavri\u0107<\/p>\n<p>Po\u010deci Bolni\u010dke apotekarske djelatnosti u tuzlanskom kraju, vezani su za nekada\u0161nju Bolnicu za interne bolesti \u201e Koj\u0161ino\u201c. Bolni\u010dku apoteku \u010dine Centralna i 11 Klini\u010dkih apoteka.<\/p>\n<p>[\/vc_column_text][\/vc_column][\/vc_row]<\/p>\n<\/div>","protected":false},"excerpt":{"rendered":"<p>[vc_row][vc_column][vc_column_text css=&#8221;&#8221;]Na\u010delnik Bolni\u010dke poteke: mr ph An\u010dica Topal\u010devi\u0107 Glavni farmaceutski tehni\u010dar: Zehra Avdi\u0107 Kontakt: tel.:\u00a0 00 387 35 30 32 36 00 387 35 30 32 63 fax.: 00 387 35 30 32 90 e-mail: info@ukctuzla.ba DJELATNOST BOLNI\u010cKE APOTEKE Planiranje nabavke lijekova, sanitetskog i drugog potro\u0161nog materijala Istra\u017eivanje tr\u017ei\u0161ta lijekova, sanitetskog i drugog potro\u0161nog materijala&hellip;<\/p>\n","protected":false},"author":1,"featured_media":16294,"parent":0,"menu_order":0,"comment_status":"closed","ping_status":"closed","template":"","meta":{"footnotes":""},"class_list":["post-512","page","type-page","status-publish","has-post-thumbnail","hentry","description-off"],"_links":{"self":[{"href":"https:\/\/www.ukctuzla.ba\/ukctuzla\/index.php?rest_route=\/wp\/v2\/pages\/512","targetHints":{"allow":["GET"]}}],"collection":[{"href":"https:\/\/www.ukctuzla.ba\/ukctuzla\/index.php?rest_route=\/wp\/v2\/pages"}],"about":[{"href":"https:\/\/www.ukctuzla.ba\/ukctuzla\/index.php?rest_route=\/wp\/v2\/types\/page"}],"author":[{"embeddable":true,"href":"https:\/\/www.ukctuzla.ba\/ukctuzla\/index.php?rest_route=\/wp\/v2\/users\/1"}],"replies":[{"embeddable":true,"href":"https:\/\/www.ukctuzla.ba\/ukctuzla\/index.php?rest_route=%2Fwp%2Fv2%2Fcomments&post=512"}],"version-history":[{"count":19,"href":"https:\/\/www.ukctuzla.ba\/ukctuzla\/index.php?rest_route=\/wp\/v2\/pages\/512\/revisions"}],"predecessor-version":[{"id":19566,"href":"https:\/\/www.ukctuzla.ba\/ukctuzla\/index.php?rest_route=\/wp\/v2\/pages\/512\/revisions\/19566"}],"wp:featuredmedia":[{"embeddable":true,"href":"https:\/\/www.ukctuzla.ba\/ukctuzla\/index.php?rest_route=\/wp\/v2\/media\/16294"}],"wp:attachment":[{"href":"https:\/\/www.ukctuzla.ba\/ukctuzla\/index.php?rest_route=%2Fwp%2Fv2%2Fmedia&parent=512"}],"curies":[{"name":"wp","href":"https:\/\/api.w.org\/{rel}","templated":true}]}}