{"id":518,"date":"2022-11-15T08:23:47","date_gmt":"2022-11-15T07:23:47","guid":{"rendered":"http:\/\/10.0.0.65\/ukctuzla3\/?page_id=518"},"modified":"2024-12-04T14:25:13","modified_gmt":"2024-12-04T13:25:13","slug":"sektor-za-pravne-poslove-i-ljudske-resurse","status":"publish","type":"page","link":"https:\/\/www.ukctuzla.ba\/ukctuzla\/?page_id=518&lang=bs","title":{"rendered":"SEKTOR ZA PRAVNE POSLOVE I LJUDSKE RESURSE"},"content":{"rendered":"<p><strong>V.D. Na\u010delnik Sektora za pravne poslove i ljudske resurse:<\/strong> Armin Huri\u0107, MA iur.<strong><br \/>\n<\/strong><\/p>\n<p><strong>Sekretar<\/strong> <strong>Sektora<\/strong>: Aida Mujki\u0107<\/p>\n<p>Kontakt:<\/p>\n<p>e-mail: info@ukctuzla.ba<\/p>\n<p>tel.: 00 387 35 303 666<\/p>\n<p>fax.: 00 387 35 250 474<\/p>\n<p><strong>Poslovi koji se obavljaju u okviru Sektora odnose se naro\u010dito na:<\/strong><\/p>\n<ul>\n<li>Izrada radnih materijala op\u0161tih i pojedina\u010dnih akata<\/li>\n<li>Izrada odluka i rje\u0161enja o ostvarivanju prava po osnovu radnog odnosa<\/li>\n<li>Sastavljanje tu\u017ebi, \u017ealbi i drugih podnesaka u parni\u010dnim, upravnim, izvr\u0161nim, krivi\u010dnim i prekr\u0161ajnim postupcima<\/li>\n<li>Zastupanje pred sudovima i organima uprave u svim postupcima<\/li>\n<li>Izrada tekstova ugovora i davanje primjedbi i prijedloga na ponu\u0111ene tekstove ugovora<\/li>\n<li>Provo\u0111enje radnji upisa u sudski registar i druge registre<\/li>\n<li>Pra\u0107enje i primjena zakonske i podzakonske regulative op\u0161tih i pojedina\u010dnih akata<\/li>\n<li>Vo\u0111enje evidencija vezanih za ljudske resurse<\/li>\n<li>Priprema dokumenata koji se odnose na prenos nekretnina i ostalih pitanja koja zahtijevaju formalnu registraciju<\/li>\n<li>U\u010de\u0161\u0107e u planiranju prijema zaposlenika<\/li>\n<li>Koordinacija i analiza aktivnosti oko uvo\u0111enja zaposlenika u rad<\/li>\n<li>U\u010de\u0161\u0107e u mjerenju individualnog doprinosa zaposlenika<\/li>\n<li>Pra\u0107enje i analiza fluktuacije zaposlenika<\/li>\n<li>Podno\u0161enje prijava i odjava za zdravstveno i penziono osiguranje<\/li>\n<li>Izrada izvje\u0161taja i analiza po nalogu Upravnog odbora i Direktora Ustanove i drugih izvje\u0161taja i analiza.<\/li>\n<\/ul>\n<p><strong>ORGANIZACIONA STRUKTURA<\/strong><\/p>\n<ul>\n<li>Slu\u017eba za pravne poslove<\/li>\n<li>Slu\u017eba za ljudske resurse<\/li>\n<\/ul>\n<p><span style=\"color: #800000;\"><strong>Slu\u017eba za pravne poslove<\/strong><\/span><\/p>\n<p><strong>\u0160ef Slu\u017ebe<\/strong><br \/>\nAjla Crnki\u0107, MA iur.<\/p>\n<p><span style=\"color: #800000;\"><strong>Slu\u017eba za ljudske resurse<\/strong><\/span><\/p>\n<p><strong>\u0160ef Slu\u017ebe<\/strong><br \/>\nAdmira No\u017einovi\u0107, dipl. pravnik<\/p>\n","protected":false},"excerpt":{"rendered":"<p>V.D. Na\u010delnik Sektora za pravne poslove i ljudske resurse: Armin Huri\u0107, MA iur. Sekretar Sektora: Aida Mujki\u0107 Kontakt: e-mail: info@ukctuzla.ba tel.: 00 387 35 303 666 fax.: 00 387 35 250 474 Poslovi koji se obavljaju u okviru Sektora odnose se naro\u010dito na: Izrada radnih materijala op\u0161tih i pojedina\u010dnih akata Izrada odluka i rje\u0161enja o&hellip;<\/p>\n","protected":false},"author":1,"featured_media":16294,"parent":0,"menu_order":0,"comment_status":"closed","ping_status":"closed","template":"","meta":{"footnotes":""},"class_list":["post-518","page","type-page","status-publish","has-post-thumbnail","hentry","description-off"],"_links":{"self":[{"href":"https:\/\/www.ukctuzla.ba\/ukctuzla\/index.php?rest_route=\/wp\/v2\/pages\/518","targetHints":{"allow":["GET"]}}],"collection":[{"href":"https:\/\/www.ukctuzla.ba\/ukctuzla\/index.php?rest_route=\/wp\/v2\/pages"}],"about":[{"href":"https:\/\/www.ukctuzla.ba\/ukctuzla\/index.php?rest_route=\/wp\/v2\/types\/page"}],"author":[{"embeddable":true,"href":"https:\/\/www.ukctuzla.ba\/ukctuzla\/index.php?rest_route=\/wp\/v2\/users\/1"}],"replies":[{"embeddable":true,"href":"https:\/\/www.ukctuzla.ba\/ukctuzla\/index.php?rest_route=%2Fwp%2Fv2%2Fcomments&post=518"}],"version-history":[{"count":10,"href":"https:\/\/www.ukctuzla.ba\/ukctuzla\/index.php?rest_route=\/wp\/v2\/pages\/518\/revisions"}],"predecessor-version":[{"id":3754,"href":"https:\/\/www.ukctuzla.ba\/ukctuzla\/index.php?rest_route=\/wp\/v2\/pages\/518\/revisions\/3754"}],"wp:featuredmedia":[{"embeddable":true,"href":"https:\/\/www.ukctuzla.ba\/ukctuzla\/index.php?rest_route=\/wp\/v2\/media\/16294"}],"wp:attachment":[{"href":"https:\/\/www.ukctuzla.ba\/ukctuzla\/index.php?rest_route=%2Fwp%2Fv2%2Fmedia&parent=518"}],"curies":[{"name":"wp","href":"https:\/\/api.w.org\/{rel}","templated":true}]}}