{"id":521,"date":"2023-01-10T06:24:31","date_gmt":"2023-01-10T05:24:31","guid":{"rendered":"http:\/\/10.0.0.65\/ukctuzla3\/?page_id=521"},"modified":"2025-01-31T13:00:16","modified_gmt":"2025-01-31T12:00:16","slug":"sektor-za-poslove-organizacije-i-poboljsanja-kvaliteta","status":"publish","type":"page","link":"https:\/\/www.ukctuzla.ba\/ukctuzla\/?page_id=521&lang=bs","title":{"rendered":"SEKTOR ZA POSLOVE ORGANIZACIJE I POBOLJ\u0160ANJA KVALITETA"},"content":{"rendered":"<p style=\"text-align: justify;\">U skladu sa najnovijim trendovima koji diktiraju stalno unapre\u0111enje organizacije zdravstvenih ustanova, kao i potrebe za stalnim pobolj\u0161anjem i podizanjem nivoa kvaliteta usluga, u okviru JZU Univerzitetski klini\u010dki centar Tuzla, sredinom 2003.godine, formiran je Sektor za poslove organizacije i pobolj\u0161anja kvaliteta.<br \/>\nOsnovni zadatak Sektora je da, u saradnji sa organizacionim jedinicama, realizuje zakonsku obavezu uspostave, odr\u017eavanja i unapre\u0111enja sistema pobolj\u0161anja kvaliteta i sigurnosti, \u0161to uklju\u010duje i provo\u0111enje nadzora nad stru\u010dnim radom prvenstveno zdravstvenih radnika i zdravstvenih saradnika. Uspostava, odr\u017eavanje i unapre\u0111enje sistema pobolj\u0161anja kvaliteta i sigurnosti imao je za cilj certifikaciju i akreditaciju ustanove.<br \/>\nKrajem 2018 . godine ustanova je vrlo uspje\u0161no okon\u010dala proces vanjske ocjene od strane Federalne agencije za kvalitet u zdravtsvu -AKAZ- i tako postla prvi klini\u010dki centar u BiH koji je stekao status akreditacije i certifikacije,a u decembru 2022 godine je zapo\u010det proces reakreditacije i recertifikacije ustanove \u010diji zavr\u0161etak se o\u010dekuje u prvom kvartalu godine .<\/p>\n<p><strong>DJELATNOST SEKTORA<\/strong><br \/>\nPoslovi koji se obavljaju u okviru Sektora odnose se naro\u010dito na:<\/p>\n<ul>\n<li>Istra\u017eivanje organizacijske strukture, organizacijskih postupaka i organizacijskih sredstava<\/li>\n<li>Analiza podataka istra\u017eivanja i davanje prijedloga za racionalizaciju i osavremenjivanje organizacije<\/li>\n<li>U\u010de\u0161\u0107e u izradi politika i procedura, protokola, klini\u010dkih puteva i drugih dokumenata standardizacije<\/li>\n<li>Uspostava indikatora kvaliteta i njihovo pra\u0107enje<\/li>\n<li>Koordiniranje odnosa sa bolesnicima<\/li>\n<li>Provo\u0111enje postupka po \u017ealbama bolesnika i njegovatelja<\/li>\n<li>Mjerenje zadovoljstva bolesnika<\/li>\n<li>U\u010de\u0161\u0107e u definisanju tema za klini\u010dku reviziju i koordinacija provo\u0111enja postupka klini\u010dke revizije<\/li>\n<li>Standardizacija medicinske i druge dokumentacije<\/li>\n<li>Kontrola primjene uspostavljenih standarda (primjena politika i procedura, popune medicinske i druge dokumentacije i sl.)<\/li>\n<li>U\u010de\u0161\u0107e u izradi planova upravljanja kvalitetom i upravljanja rizikom organizacionih jedinica i pra\u0107enje njihove realizacije<\/li>\n<li>Priprema ustanove za vanjsku ocjenu izradom samoocjene<\/li>\n<li>Izrada izvje\u0161taja i analiza u oblasti upravljanja kvalitetom<\/li>\n<\/ul>\n<p>&nbsp;<\/p>\n<p><span style=\"color: #800000;\"><strong>ZAJEDNI\u010cKI POSLOVI SEKTORA<\/strong><\/span><br \/>\n<strong>Na\u010delnik Sektora:<\/strong><br \/>\nTel.:<br \/>\nFax.:<br \/>\nE-mail:<\/p>\n<p><strong>Referent za projektovanje organizacije:<\/strong> Ervin Mujki\u0107 MA iur<br \/>\nTel. 00 387 35 303 645<br \/>\nE-mail: ervin.mujkic@ukctuzla.ba<\/p>\n<p><strong>Referent za mjerenje kvaliteta i analizu:<\/strong> Karabegovi\u0107 Amina, dipl.ecc.<br \/>\nTel. 00 387 35 303 450<br \/>\nE-mail: amina.karabegovic@ukctuzla.ba<\/p>\n<p><strong>Referent za administrativne poslove:<\/strong> Gogi\u0107 Amila<br \/>\nTel.00 387 35 303 450<br \/>\nE-mail: amila.gogic@ukctuzla.ba<\/p>\n<p>&nbsp;<\/p>\n<p><span style=\"color: #800000;\"><strong>SLU\u017dBA ZA STANDARDIZACIJU I KONTROLU KVALITETA<\/strong><\/span><br \/>\n<strong>\u0160ef slu\u017ebe za standardizaciju i kontrolu kvaliteta:<\/strong><br \/>\nE-mail:<br \/>\nTel.<\/p>\n<p><strong>Referent za standardizaciju i kontrolu kvaliteta:<\/strong><br \/>\nTel.00 387 35 303 420<br \/>\nE-mail:<\/p>\n<p><strong>Referent za standardizaciju i kontrolu kvaliteta:<\/strong> Adina \u0160ehomerovi\u0107, dipl.med.zdravstvene njege<br \/>\nTel. 00 387 35 303 420<br \/>\nE-mail: adina.sehomerovic@ukctuzla.ba<\/p>\n<p>&nbsp;<\/p>\n<p><span style=\"color: #800000;\"><strong>SLU\u017dBA ZA UPRAVLJANJE RIZIKOM<\/strong><\/span><\/p>\n<p><strong>\u0160ef slu\u017ebe za upravljenje rizikom:<\/strong><\/p>\n<p>&nbsp;<\/p>\n<p><strong>Referent za upravljanje rizikom:\u00a0<\/strong>Mirza Bekan, dipl.med.sestra<br \/>\nTel.00 387 35 303 645<br \/>\nE-mail: mirza.bekan@ukctuzla.ba<\/p>\n<p><strong>Referent za upravljanje rizikom:<\/strong> Denisa Babovi\u0107, dipl.med. sestra,dipl.med.zdravstvene njege<br \/>\nTel. 00 387 35 303 450<br \/>\nE-mail: denisa.babovic@ukctuzla.ba<\/p>\n<p><strong>Referent za upravljanje rizikom:<\/strong> Pad\u017ei\u0107 Admira, magistar sestrinstva<br \/>\nTel. 00 387 35 303 420<br \/>\nE-mail: admira.padzic@ukctuzla.ba<\/p>\n<p>&nbsp;<\/p>\n<p><strong>Knjige i ud\u017ebenici u \u010dijem pisanju su u\u010destvovali uposlenici Sektora:<\/strong><\/p>\n<ul>\n<li>Standardi sigurnosti i kvaliteta za bolnice -AKAZ 2020 \u2013 saradnici: Mr.sci.ecc Maida Nuhi\u0107, dipl.pravnik, Armin Huri\u0107, MA iur, Univerzitetski klini\u010dki centar Tuzla<\/li>\n<li>Priru\u010dnik : Standardne operativne procedure zdravstvene njege za sekundardni i tercijalni nivo zdravstvene za\u0161tite \u2013 koautor Salih Slijep\u010devi\u0107, Ministarstvo zdravlja F BiH i Fami 2022.<\/li>\n<\/ul>\n","protected":false},"excerpt":{"rendered":"<p>U skladu sa najnovijim trendovima koji diktiraju stalno unapre\u0111enje organizacije zdravstvenih ustanova, kao i potrebe za stalnim pobolj\u0161anjem i podizanjem nivoa kvaliteta usluga, u okviru JZU Univerzitetski klini\u010dki centar Tuzla, sredinom 2003.godine, formiran je Sektor za poslove organizacije i pobolj\u0161anja kvaliteta. Osnovni zadatak Sektora je da, u saradnji sa organizacionim jedinicama, realizuje zakonsku obavezu uspostave,&hellip;<\/p>\n","protected":false},"author":1,"featured_media":16294,"parent":0,"menu_order":0,"comment_status":"closed","ping_status":"closed","template":"","meta":{"footnotes":""},"class_list":["post-521","page","type-page","status-publish","has-post-thumbnail","hentry","description-off"],"_links":{"self":[{"href":"https:\/\/www.ukctuzla.ba\/ukctuzla\/index.php?rest_route=\/wp\/v2\/pages\/521","targetHints":{"allow":["GET"]}}],"collection":[{"href":"https:\/\/www.ukctuzla.ba\/ukctuzla\/index.php?rest_route=\/wp\/v2\/pages"}],"about":[{"href":"https:\/\/www.ukctuzla.ba\/ukctuzla\/index.php?rest_route=\/wp\/v2\/types\/page"}],"author":[{"embeddable":true,"href":"https:\/\/www.ukctuzla.ba\/ukctuzla\/index.php?rest_route=\/wp\/v2\/users\/1"}],"replies":[{"embeddable":true,"href":"https:\/\/www.ukctuzla.ba\/ukctuzla\/index.php?rest_route=%2Fwp%2Fv2%2Fcomments&post=521"}],"version-history":[{"count":22,"href":"https:\/\/www.ukctuzla.ba\/ukctuzla\/index.php?rest_route=\/wp\/v2\/pages\/521\/revisions"}],"predecessor-version":[{"id":17776,"href":"https:\/\/www.ukctuzla.ba\/ukctuzla\/index.php?rest_route=\/wp\/v2\/pages\/521\/revisions\/17776"}],"wp:featuredmedia":[{"embeddable":true,"href":"https:\/\/www.ukctuzla.ba\/ukctuzla\/index.php?rest_route=\/wp\/v2\/media\/16294"}],"wp:attachment":[{"href":"https:\/\/www.ukctuzla.ba\/ukctuzla\/index.php?rest_route=%2Fwp%2Fv2%2Fmedia&parent=521"}],"curies":[{"name":"wp","href":"https:\/\/api.w.org\/{rel}","templated":true}]}}