{"id":523,"date":"2021-09-07T12:25:18","date_gmt":"2021-09-07T11:25:18","guid":{"rendered":"http:\/\/10.0.0.65\/ukctuzla3\/?page_id=523"},"modified":"2022-12-14T11:29:39","modified_gmt":"2022-12-14T10:29:39","slug":"sektor-za-higijensko-epidemioloski-nadzor","status":"publish","type":"page","link":"https:\/\/www.ukctuzla.ba\/ukctuzla\/?page_id=523&lang=bs","title":{"rendered":"SEKTOR ZA HIGIJENSKO-EPIDEMIOLO\u0160KI NADZOR"},"content":{"rendered":"<p><strong>VD Na\u010delnik: <\/strong>Prof.dr.med.sc. Amer \u010custovi\u0107<br \/>\n<strong>Glavni sanitarni tehni\u010dar:<\/strong> Maida Kikanovi\u0107 dipl.san.ing.<br \/>\n<strong>Sanitarni tehni\u010dar za poslove pobolj\u0161anja kvaliteta i edukaciju: <\/strong>Mirza Mujanovi\u0107 ,dipl. san ing.<br \/>\n<strong>Kontakt:<\/strong><br \/>\ne-mail: info@ukctuzla.ba<br \/>\ntel.: 00 387 35 303 680<br \/>\nfax.: 00 387 35 250 474<\/p>\n<p><strong>DJELATNOST SEKTORA<\/strong><\/p>\n<ul>\n<li>Prevencija i kontrola bolni\u010dkih i drugih infekcija<\/li>\n<li style=\"text-align: justify;\">Prikupljanje prijava, analiza podataka i izvje\u0161tavanje o bolni\u010dkim infekcijama<\/li>\n<li style=\"text-align: justify;\">Nadzor i provo\u0111enje preventivne i protivepidemijske dezinfekcije, dezinsekcije i deratizacije u svim objektima<\/li>\n<li style=\"text-align: justify;\">Zdravstveni pregledi zaposlenika koji su prema propisima o za\u0161titi stanovni\u0161tva od zaraznih bolesti stavljeni pod zdravstveni nadzor i nadzor nad klicono\u0161ama<\/li>\n<li style=\"text-align: justify;\">Pra\u0107enje i procjena higijensko \u2013 epidemiolo\u0161ke situacije<\/li>\n<li style=\"text-align: justify;\">Sterilizacija i kontrola sterilizacije<\/li>\n<li style=\"text-align: justify;\">Uzorkovanje materijala za mikrobiolo\u0161ku i hemijsku analizu u svrhu ispitivanja zdravstvene ispravnosti vode i hrane i za mikrobiolo\u0161ku kontrolu \u017eive i ne\u017eive sredine (brisevi okoline i ruku osoblja, sediment zraka)<\/li>\n<li style=\"text-align: justify;\">Vo\u0111enje evidencije o nalazima, analiza podataka i ocjena higijensko &#8211; epidemiolo\u0161ke situacije na temelju rezultata mikrobiolo\u0161kih ispitivanja bolni\u010dke sredine<\/li>\n<li style=\"text-align: justify;\">Izrada programa edukacije zaposlenika o prevenciji i kontroli infekcije, bolni\u010dkoj higijeni i medicinskom otpadu i provo\u0111enje edukacije<\/li>\n<li style=\"text-align: justify;\">Organizovanje i provo\u0111enje \u010di\u0161\u0107enja prostorija i sanitarno \u2013 higijenski nadzor prostora<\/li>\n<li style=\"text-align: justify;\">Prikupljanje, unutra\u0161nji transport, privremeno odlaganje i otpremanje medicinskog otpada, komunalnog otpada i otpada za recikla\u017eu, nadzor nad postupcima sa otpadom, vo\u0111enje evidencije i izvje\u0161tavanje<\/li>\n<li style=\"text-align: justify;\">Izrada procedura, politika, planova, programa i strategija u oblastima iz djelatnosti Sektora u skladu sa bolni\u010dkim standardima<\/li>\n<li>Prikupljanje, pranje i distribucija ve\u0161a<\/li>\n<\/ul>\n<p><strong>ORGANIZACIONA STRUKTURA<\/strong><\/p>\n<ul>\n<li>Slu\u017eba za kontrolu infekcije i dezinfekciju, dezinsekciju i deratizaciju<\/li>\n<li>Slu\u017eba za sterilizaciju<\/li>\n<li>Slu\u017eba za odr\u017eavanje higijene<\/li>\n<li>Servis za pranje ve\u0161a<\/li>\n<\/ul>\n","protected":false},"excerpt":{"rendered":"<p>VD Na\u010delnik: Prof.dr.med.sc. Amer \u010custovi\u0107 Glavni sanitarni tehni\u010dar: Maida Kikanovi\u0107 dipl.san.ing. Sanitarni tehni\u010dar za poslove pobolj\u0161anja kvaliteta i edukaciju: Mirza Mujanovi\u0107 ,dipl. san ing. Kontakt: e-mail: info@ukctuzla.ba tel.: 00 387 35 303 680 fax.: 00 387 35 250 474 DJELATNOST SEKTORA Prevencija i kontrola bolni\u010dkih i drugih infekcija Prikupljanje prijava, analiza podataka i izvje\u0161tavanje o&hellip;<\/p>\n","protected":false},"author":1,"featured_media":16294,"parent":0,"menu_order":0,"comment_status":"closed","ping_status":"closed","template":"","meta":{"footnotes":""},"class_list":["post-523","page","type-page","status-publish","has-post-thumbnail","hentry","description-off"],"_links":{"self":[{"href":"https:\/\/www.ukctuzla.ba\/ukctuzla\/index.php?rest_route=\/wp\/v2\/pages\/523","targetHints":{"allow":["GET"]}}],"collection":[{"href":"https:\/\/www.ukctuzla.ba\/ukctuzla\/index.php?rest_route=\/wp\/v2\/pages"}],"about":[{"href":"https:\/\/www.ukctuzla.ba\/ukctuzla\/index.php?rest_route=\/wp\/v2\/types\/page"}],"author":[{"embeddable":true,"href":"https:\/\/www.ukctuzla.ba\/ukctuzla\/index.php?rest_route=\/wp\/v2\/users\/1"}],"replies":[{"embeddable":true,"href":"https:\/\/www.ukctuzla.ba\/ukctuzla\/index.php?rest_route=%2Fwp%2Fv2%2Fcomments&post=523"}],"version-history":[{"count":6,"href":"https:\/\/www.ukctuzla.ba\/ukctuzla\/index.php?rest_route=\/wp\/v2\/pages\/523\/revisions"}],"predecessor-version":[{"id":13423,"href":"https:\/\/www.ukctuzla.ba\/ukctuzla\/index.php?rest_route=\/wp\/v2\/pages\/523\/revisions\/13423"}],"wp:featuredmedia":[{"embeddable":true,"href":"https:\/\/www.ukctuzla.ba\/ukctuzla\/index.php?rest_route=\/wp\/v2\/media\/16294"}],"wp:attachment":[{"href":"https:\/\/www.ukctuzla.ba\/ukctuzla\/index.php?rest_route=%2Fwp%2Fv2%2Fmedia&parent=523"}],"curies":[{"name":"wp","href":"https:\/\/api.w.org\/{rel}","templated":true}]}}