{"id":525,"date":"2016-02-12T12:26:32","date_gmt":"2016-02-12T12:26:32","guid":{"rendered":"http:\/\/10.0.0.65\/ukctuzla3\/?page_id=525"},"modified":"2023-04-18T12:09:55","modified_gmt":"2023-04-18T11:09:55","slug":"sektor-za-tehnicke-poslove","status":"publish","type":"page","link":"https:\/\/www.ukctuzla.ba\/ukctuzla\/?page_id=525&lang=bs","title":{"rendered":"SEKTOR ZA TEHNI\u010cKE POSLOVE"},"content":{"rendered":"<p>ZAJEDNI\u010cKI POSLOVI<br \/>\n<strong>V.D. Na\u010delnika Sektora za tehni\u010dke poslove:<\/strong> Asim D\u017eafi\u0107 dipl.ing.ma\u0161instva<br \/>\n<strong>Sekretar:<\/strong> Nesiba Musta\u010devi\u0107<br \/>\n<strong>Referent za prijavu kvarova:<\/strong> Edis Beki\u0107<\/p>\n<p><strong>Kontakt:<\/strong><br \/>\ne-mail: info@ukctuzla.ba<br \/>\ntel.: 00 387 35 303 602<br \/>\nfax.: 00 387 35 250 474<\/p>\n<p>&nbsp;<\/p>\n<p>Sektor za tehni\u010dke poslove ima zadatak da obezbjedi tehni\u010dko-tehnolo\u0161ku podr\u0161ku potrebnu za normalan i funkcionalan rad svih organizacionih cjelina koje se nalaze u Ustanovi.<br \/>\nU okviru Sektora obavlja se mno\u0161tvo djelatnosti iz razli\u010ditih oblasti i one su razvrstane u \u0161est slu\u017ebi i servisa a to su:<br \/>\nSlu\u017eba ma\u0161instva<br \/>\nSlu\u017eba elektrotehnike<br \/>\nSlu\u017eba za\u0161tite na radu i za\u0161tite od po\u017eara<br \/>\nSlu\u017eba za investicije i investiciono odr\u017eavanje<br \/>\nServis elektromedicinskih ure\u0111aja<br \/>\nServis za ishranu<\/p>\n<p>&nbsp;<\/p>\n<p><strong>Slu\u017eba ma\u0161instva<\/strong><\/p>\n<p>Poslovi koji se obavljaju u okviru ove Slu\u017ebe su:<\/p>\n<ul>\n<li>proizvodnja tehnolo\u0161ke pare i poslovi odr\u017eavanja sistema za proizvodnju i distribuciju tehnolo\u0161ke pare<\/li>\n<li>proizvodnja toplotne energije i sanitarne vode, rukovanje i odr\u017eavanje postrojenja za proizvodnju toplotne energije<\/li>\n<li>poslovi odr\u017eavanja postrojenja i instalacija grijanja<\/li>\n<li>pra\u0107enje i odr\u017eavanje sistema za pripremu i distribuciju medicinskih plinova<\/li>\n<li>pra\u0107enje i odr\u017eavanje instalacija klimatizacije i ventilacije objekata i prostora<\/li>\n<li>pra\u0107enje i odr\u017eavanje sistema za distribuciju i pripremu voda<\/li>\n<li>pra\u0107enje, odr\u017eavanje i servisiranje postrojenja ve\u0161eraja<\/li>\n<li>poslovi odr\u017eavanja i servisiranja medicinske opreme<\/li>\n<li>poslovi izrade i servisiranja raznih transportnih kolica<\/li>\n<li>poslovi izrade i popravke raznih predmeta od metala<\/li>\n<li>odr\u017eavanje i servisiranje aluminijskih, PVC i metalnih vrata i prozora<\/li>\n<li>poslovi prevoza pacijenata unutar Ustanove i do klinika u zemlji i inostranstvu<\/li>\n<li>poslovi prevoza uposlenika Ustanove unutar Ustanove, u zemlji i inostranstvu<\/li>\n<li>poslovi transporta bolni\u010dkih obroka unutar kompleksa Gradina i do isturenih klinika<\/li>\n<li>poslovi transporta ve\u0161a prema klinikama unutar Ustanove<\/li>\n<li>poslovi transporta umrlih unutar kompleksa Gradina i sa isturenih klinika<\/li>\n<li>poslovi prevoza mobilnog tima Klinike za transfuziologiju na podru\u010dju Tuzlanskog kantona<\/li>\n<li>poslovi prevoza hitnih timova za transplant program u dr\u017eavi i inostranstvu<\/li>\n<li>poslovi prevoza mobilnih timova za potrebe civilne za\u0161tite unutar dr\u017eave<\/li>\n<\/ul>\n<p>&nbsp;<\/p>\n<p><strong>Slu\u017eba elektrotehnike<\/strong><\/p>\n<p>Poslovi koji se obavljaju u okviru ove Slu\u017ebe su:<\/p>\n<ul>\n<li>nadzor i odr\u017eavanje sistema za prijem, transformisanje i prijenos elektri\u010dne energije do potro\u0161a\u010da<\/li>\n<li>nadzor i odr\u017eavanje sistema za proizvodnju energije u dizel elektri\u010dnim agregatima<\/li>\n<li>nadzor i odr\u017eavanje sistema za akumulaciju i invertovanje u sistemima neprekidnog napajanja (UPS)<\/li>\n<li>nadzor liftovskih postrojenja u Ustanovi i saradnja sa ovla\u0161tenim serviserima u redovnim mjese\u010dnim servisima liftova<\/li>\n<li>servisiranje rashladnih ure\u0111aja<\/li>\n<li>servisiranje elektromotornih pogona<\/li>\n<li>elektri\u010dna mjerenja i ispitivanje elektrointalacija<\/li>\n<li>servisiranje elektroinstalacija i otklanjanje kvarova<\/li>\n<li>servisiranje rasvjete i otklanjanje kvarova<\/li>\n<li>servisiranje i nadzor velikih tehni\u010dkih postrojenja (kotlane, centralni klima sistemi, postrojenja medicinskih plinova, agregatsko napajanje elektri\u010dnom energijom, postrojenja za napajanje vodom, postrojenje ve\u0161eraja)<\/li>\n<\/ul>\n<p>&nbsp;<\/p>\n<p><strong>Slu\u017eba za\u0161tite na radu i za\u0161tite od po\u017eara<\/strong><\/p>\n<p>Poslovi koji se obavljaju u okviru ove Slu\u017ebe su:<\/p>\n<ul>\n<li>Organizovanje, sprovo\u0111enje i unapre\u0111enje za\u0161tite na radu i za\u0161tite od po\u017eara u Ustanovi<\/li>\n<li>Izrada podzakonskih akata, procedura, planova, programa, stru\u010dnih mi\u0161ljenja, uputstava za siguran i bezbjedan rad na aparatima i ure\u0111ajima koji se koriste u Ustanovi, izrada prijedloga tenderske dokumentacije te pra\u0107enje realizacije istih<\/li>\n<li>Izvr\u0161ilac je Programa mjera za\u0161tite na radu i za\u0161tite od po\u017eara za svaku kalendarsku godinu<\/li>\n<li>Razmatranje nalaza, izvje\u0161taja i zaklju\u010daka nadle\u017enih organa i slu\u017ebi te poduzimanje potrebnih radnji i mjera za njihovu realizaciju<\/li>\n<li>U skladu sa zakonskom regulativom vr\u0161e se pripreme i organizacija periodi\u010dnih pregleda aparata i ure\u0111aja za rad, mjerenja mikroklime, hemijskih i biolo\u0161kih \u0161tetnosti, elektri\u010dna mjerenja i ispitivanja na el. instalacijama i ure\u0111ajima, ispitivanje gromobranske instalacije, podnih obloga, li\u010dnih za\u0161titnih sredstava i opreme, gumenih prostirki, pra\u0107enje periodi\u010dnih ispitivanja ventila sigurnosti i sudova pod pritiskom, liftova, periodi\u010dni pregledi aparata za po\u010detno ga\u0161enje po\u017eara i hidrantske mre\u017ee te sistema za ru\u010dnu i automatsku dojavu po\u017eara<\/li>\n<li>Izdavanje naloga za isklju\u010denje iz upotrebe i zabrana rada sa aparatima i ure\u0111ajima koji ne ispunjavaju zahtjeve iz propisa za\u0161tite na radu, kao i prostorija koje ne ispunjavaju zahtjeve iz ovih propisa<\/li>\n<li>U\u010de\u0161\u0107e u redovnim mjese\u010dnim servisima liftova, tehni\u010dkim pregledima liftova i pregledima u cilju pribavljanja upotrebnih dozvola za rad istih, za sve instalisane liftove u Ustanovi a zajedno sa ovla\u0161tenim i odabranim serviserima<\/li>\n<li>U\u010de\u0161\u0107e u radu tima za rje\u0161avanje statusa zaposlenika sa preostalom radnom sposobno\u0161\u0107u<\/li>\n<li>Vr\u0161e se interni periodi\u010dni pregledi: aparata za po\u010detno ga\u0161enje po\u017eara i hidrantske mre\u017ee (svaka tri mjeseca), kontrola sistema za dojavu po\u017eara i prohodnost po\u017earnih puteva (svakodnevno), po\u017earnih stepenica, puteva i prolaza u objektima (jednom sedmi\u010dno), skladi\u0161ta zapaljivih te\u010dnosti i gasova<\/li>\n<li>Izrada Elaborata o za\u0161titi na radu i za\u0161titi od po\u017eara i vr\u0161enje nadzora nad primjenom mjera sigurnosti kod rekonstrukcije i adaptacije prostora koji se koriste u Ustanovi a gdje su izvo\u0111a\u010di radova zaposlenici Ustanove. Ukoliko se za potrebe Ustanove anga\u017euju drugi izvo\u0111a\u010di stara se da pribavljena projektno-tehni\u010dka dokumentacija bude u skladu sa propisima za\u0161tite na radu i za\u0161tite od po\u017eara te da izvedeni radovi budu u skladu sa projektno-tehni\u010dkom dokumentacijom iz ove oblasti.<\/li>\n<\/ul>\n<p>Ako kod izvo\u0111enja poslova u\u010destvuje dva ili vi\u0161e izvo\u0111a\u010da stara se da se objedine elaborati za\u0161tite na radu i za\u0161tite od po\u017eara u jedinstven zajedni\u010dki elaborat.<\/p>\n<ul>\n<li>Organizovanje periodi\u010dnih ljekarskih pregleda zaposlenika raspore\u0111enih na obavljanje poslova i radnih zadataka koji se obavljaju pod posebnim uslovima rada. Od ukupnog broja zaposlenih u Ustanovi oko 1500 zaposlenika je raspore\u0111eno na ove poslove. Za sve ove zaposlenike organizuju se periodi\u010dni ljekarski pregledi u Ustanovi preko ambulante za periodi\u010dne, sistematske i sanitarne ljekarske preglede na Klinici za interne bolesti.<\/li>\n<\/ul>\n<p>Slu\u017eba prati rokove za izvr\u0161enje istih, izra\u0111uje spiskove zaposlenika i iste proslje\u0111uje ambulanti.<\/p>\n<ul>\n<li>Organizuje se i vr\u0161i teoretska i prakti\u010dna obuka svih zaposlenika iz oblasti za\u0161tite na radu i za\u0161tite od po\u017eara prema va\u017ee\u0107im propisima. Slu\u017eba u zavisnosti od rizika na radnim mjestima u Ustanovi, priprema i izra\u0111uje obavezne testove za provjeru znanja zaposlenika koji su sastavni dio obuke. Nakon sprovedene obuke, pregleda i ocjene testova izra\u0111uje se izvje\u0161taj o prisutnosti i uspjehu popunjenog testa prema organizacionoj jedinici za koju je i organizovan ovaj vid edukacije. Za svakog zaposlenika koji je pristupio obuci i sa uspjehom popunio test vodi se obavezna propisana evidencija. Navedene obuke obavezno se rade i za sve novoprimljene zaposlenike, pripravnike i periodi\u010dni se ponavljaju za sve zaposlenike.<\/li>\n<li>Popunjavaju se obrasci o nesre\u0107i na poslu i prijave o oboljenju od profesionalne bolesti. Uzimaju se pismene izjave povre\u0111enog zaposlenika i svjedoka u vezi sa nesre\u0107om. Nakon popunjavanja i \u0161tampanja obrasca isti se proslje\u0111uju na potpis odgovornom licu organizacione jedinice, svjedoku povrede i na kraju uz svu prilo\u017eenu dokumentaciju Direktoru Ustanove.<\/li>\n<\/ul>\n<p>Ukoliko se radi o te\u0161koj povredi na radu, Slu\u017eba za\u0161tite na radu u skladu sa Zakonom o istom obavje\u0161tava nadle\u017enu inspekciju, u\u010destvuje u vr\u0161enju uvi\u0111aja i sa\u010dinjava zapisnik o istom. Utvr\u0111uju se i predla\u017eu mjere za otklanjanje uzroka povreda na radu i smrtnih slu\u010dajeva zaposlenika na radu i izra\u0111uje se informacija prema nadle\u017enoj inspekciji o poduzetim mjerama za spre\u010davanje te\u0161kih povreda na radu. O svim povredama na radu vodi se propisana evidencija. U skladu sa Zakonom izra\u0111uje se godi\u0161nji izvje\u0161taj prema nadle\u017enoj inspekciji o broju povreda, uzrocima i izvorima istih, broju izgubljenih radnih dana po osnovu sprije\u010denosti za rad u vezi sa povredom i profesionalnim oboljenjima.<\/p>\n<ul>\n<li>Slu\u017eba analizira, utvr\u0111uje i predla\u017ee mjere za otklanjanje uzroka povreda na radu, smrtnih slu\u010dajeva i profesionalnih oboljenja zaposlenika na radu<\/li>\n<li>Saradnja sa inspekcijskim organima, razmatranje zapisnika, rje\u0161enja, sugestija i izrada odgovora u skladu sa predvi\u0111enim rokovima za izvr\u0161enje istih.<\/li>\n<li>U\u010destvovanje i saradnja sa nadle\u017enom slu\u017ebom oko nabavke i odabira sredstava li\u010dne i kolektivne za\u0161tite i sredstava za\u0161tite od po\u017eara<\/li>\n<li>Davanje prijedloga rukovodnom osoblju klinika\/sektora\/slu\u017ebi za poduzimanje odgovaraju\u0107ih sankcija za zaposlenike koji se ne pridr\u017eavaju utvr\u0111enih mjera za\u0161tite na radu i za\u0161tite od po\u017eara propisanih zakonom i pravilnikom.<\/li>\n<li>Vr\u0161i se neposredna i stalna kontrola sprovo\u0111enja i primjene propisanih mjera za\u0161tite na radu i za\u0161tite od po\u017eara u Ustanovi i ima neometan i slobodan pristup u sve radne i pomo\u0107ne prostorije u Ustanovi.<\/li>\n<li>Slu\u017eba obavlja i druge poslove vezane za unapre\u0111enje za\u0161tite na radu i za\u0161tite od po\u017eara u skladu sa zakonom, op\u0161tim aktima, kolektivnim ugovorom i nalozima Direktora Ustanove i<br \/>\nNa\u010delnika Sektora za tehni\u010dke poslove<\/li>\n<\/ul>\n<p>&nbsp;<\/p>\n<p><strong>Slu\u017eba za investicije i investiciono odr\u017eavanje<\/strong><\/p>\n<p>Poslovi koji se obavljaju u okviru ove Slu\u017ebe su:<\/p>\n<ul>\n<li>izrada godi\u0161njih planova investicionih ulaganja i planova odr\u017eavanja gra\u0111evinskih objekata<\/li>\n<li>izrada investiconih elaborata, programa za izgradnju, adaptaciju i modernizaciju gra\u0111evinskih objekata<\/li>\n<li>izrada idejnih projejekata za potrebe adaptacija, dogradnji i rekonstrukcija objekata ili<\/li>\n<li>pojedinih dijelova organizacionih jedinica<\/li>\n<li>priprema detaljnih predmjera i predra\u010duna za sve vrste investicionih i redovnih odr\u017eavanja i vr\u0161enje stru\u010dnog nadzora na izvo\u0111enju istih<\/li>\n<li>priprema stru\u010dnih informacija i analiza o objektima i opremi<\/li>\n<li>u\u010destvovanje u pripremi i realizaciji projekata u oblasti za\u0161tite okolice, projekata energetske efikasnosti i sl.<\/li>\n<li>korespondencija sa vanjskim servisima te nadzor nad izvo\u0111enjem radova i usluga istih<\/li>\n<li>definisanje tenderske dokumentacije za prikupljanje ponuda u okviru javnih nabavki robe i usluga<\/li>\n<li>zidarski, kerami\u010darski i molersko-farbarski poslovi svih vrsta<\/li>\n<li>izrada raznih vrsta pregrada i elemenata od gips &#8211; kartonskih plo\u010da<\/li>\n<li>izrada i popravke drvenog namje\u0161taja i poslovi tapaciranja namje\u0161taja<\/li>\n<li>odr\u017eavanje zelenih povr\u0161ina<\/li>\n<li>odr\u017eavanje higijene objekata niskogradnje i zelenih povr\u0161ina<\/li>\n<li>zimsko odr\u017eavanje objekata niskogradnje<\/li>\n<li>odr\u017eavanje higijene ravnih krovova objekata<\/li>\n<li>prijenos i utovar\/istovar raznih vrsta roba za potrebe svih organizacionih jedinica u Ustanovi<\/li>\n<\/ul>\n<p>&nbsp;<\/p>\n<p><strong>Servis elektromedicinskih ure\u0111aja<\/strong><\/p>\n<p>Poslovi koji se obavljaju u okviru ove Servisa su:<\/p>\n<ul>\n<li>preventivno i korektivno odr\u017eavanje medicinskih ure\u0111aja<\/li>\n<li>definisanje, lokalizovanje i otklanjanje gre\u0161aka i kvarova<\/li>\n<li>pripremanje medicinskih ure\u0111aja za upotrebu<\/li>\n<li>davanje preporuka o kori\u0161tenju i odr\u017eavanju medicinskih ure\u0111aja<\/li>\n<li>kontrolisanje rada slo\u017eenih elektro-medicinskih sistema<\/li>\n<li>organizovanje i kontrola poslova vanjskih servisera<\/li>\n<li>davanje prijedloga za obezbje\u0111enje rezervnih dijelova i potro\u0161nog materijala<\/li>\n<li>vo\u0111enje evidencije i tehni\u010dke dokumentacije vezane za stanje i rad elektro-medicinskih ure\u0111aja<\/li>\n<li>dopunjavanje i sre\u0111ivanje tehni\u010dke dokumentacije<\/li>\n<li>kontinuirana stru\u010dna edukacija<\/li>\n<\/ul>\n<p>&nbsp;<\/p>\n<p><strong>Servis za ishranu<\/strong><\/p>\n<p>Poslovi koji se obavljaju u okviru ove Servisa su:<\/p>\n<ul>\n<li>sastavljanje dnevnih, sedmi\u010dnih i sezonskih jelovnika;<\/li>\n<li>sastavljanje specijalnih dijetalnih jelovnika uz konsultiranje s ljekarima, glavnim i odgovornim sestrama klinika po pitanju dijetoterapije i efekta iste kod bolesnika;<\/li>\n<li>odre\u0111ivanje normativa \u017eivotnih namirnica za pripremu jela;<\/li>\n<li>izra\u010dunavanje prehrambenih i dijetalnih vrijednosti obroka;<\/li>\n<li>savjetovanje bolesnika o pravilnoj primjeni potrebne dijete po izlasku iz bolnice;<\/li>\n<li>izra\u010dunavanje potrebnih koli\u010dina namirnica za dnevno izuzimanje iz magacina;<\/li>\n<li>obrada dnevnih trebovanja obroka sa klinika elektronskim putem;<\/li>\n<li>obra\u010dun i narud\u017eba dnevnih koli\u010dina hljeba;<\/li>\n<li>izrada izvje\u0161taja i analiza (brojno stanje bolesnika, izdatih obroka, dnevnih koli\u010dina hljeba, mjese\u010dni izvje\u0161taj o potro\u0161nji namirnica i sl.).<\/li>\n<li>kvalitativni prijem svih \u017eive\u017enih namirnica;<\/li>\n<li>pranje i priprema svih vrsta namirnica za dalju obradu;<\/li>\n<li>prijem, kontrola i uskladi\u0161tenje mesa;<\/li>\n<li>tran\u017eiranje, klasiranje, vaganje i predaja trebovanih koli\u010dina mesa;<\/li>\n<li>priprema svih vrsta obroka;<\/li>\n<li>priprema enteralne prehrane (sonde, te\u010dno-ka\u0161asta i ka\u0161asta hrana)<\/li>\n<li>nadzor i kontrola distribucije pripremljenih obroka;<\/li>\n<li>prikupljanje i \u010duvanje uzoraka gotovih jela;<\/li>\n<li>podjela gotovih obroka bolesnicima;<\/li>\n<li>podjela pripremljenih obroka u Mlije\u010dnoj kuhinji koja pripada Klinici za dje\u010dije bolesti;<\/li>\n<li>pranje i dezinfekcija fla\u0161ica za bebe;<\/li>\n<li>serviranje suhog obroka davaocima krvi u restoranu Polikinike za transfuziologiju;<\/li>\n<li>pranje kuhinjskog i drugog posu\u0111a;<\/li>\n<li>prijem i podjela hljeba po dostavljenom obra\u010dunu jelovni\u010dara;<\/li>\n<li>pranje i dezinfekcija svih radnih povr\u0161ina izuzev podova;<\/li>\n<li>serviranje pripremljenih obroka;<\/li>\n<li>sakupljanje, pranje i dezinfekcija posu\u0111a i termos kanti;<\/li>\n<li>odr\u017eavanje higijene trpezarije i drugih prostora u kojima se servira hrana;<\/li>\n<li>odr\u017eavanje higijene no\u0107nih ormari\u0107a ( natkasni)<\/li>\n<li>odgovornost za higijensku ispravnost dostavnog vozila;<\/li>\n<\/ul>\n<p>&nbsp;<\/p>\n<p>&nbsp;<\/p>\n<p>&nbsp;<\/p>\n","protected":false},"excerpt":{"rendered":"<p>ZAJEDNI\u010cKI POSLOVI V.D. Na\u010delnika Sektora za tehni\u010dke poslove: Asim D\u017eafi\u0107 dipl.ing.ma\u0161instva Sekretar: Nesiba Musta\u010devi\u0107 Referent za prijavu kvarova: Edis Beki\u0107 Kontakt: e-mail: info@ukctuzla.ba tel.: 00 387 35 303 602 fax.: 00 387 35 250 474 &nbsp; Sektor za tehni\u010dke poslove ima zadatak da obezbjedi tehni\u010dko-tehnolo\u0161ku podr\u0161ku potrebnu za normalan i funkcionalan rad svih organizacionih cjelina&hellip;<\/p>\n","protected":false},"author":1,"featured_media":16294,"parent":0,"menu_order":0,"comment_status":"closed","ping_status":"closed","template":"","meta":{"footnotes":""},"class_list":["post-525","page","type-page","status-publish","has-post-thumbnail","hentry","description-off"],"_links":{"self":[{"href":"https:\/\/www.ukctuzla.ba\/ukctuzla\/index.php?rest_route=\/wp\/v2\/pages\/525","targetHints":{"allow":["GET"]}}],"collection":[{"href":"https:\/\/www.ukctuzla.ba\/ukctuzla\/index.php?rest_route=\/wp\/v2\/pages"}],"about":[{"href":"https:\/\/www.ukctuzla.ba\/ukctuzla\/index.php?rest_route=\/wp\/v2\/types\/page"}],"author":[{"embeddable":true,"href":"https:\/\/www.ukctuzla.ba\/ukctuzla\/index.php?rest_route=\/wp\/v2\/users\/1"}],"replies":[{"embeddable":true,"href":"https:\/\/www.ukctuzla.ba\/ukctuzla\/index.php?rest_route=%2Fwp%2Fv2%2Fcomments&post=525"}],"version-history":[{"count":9,"href":"https:\/\/www.ukctuzla.ba\/ukctuzla\/index.php?rest_route=\/wp\/v2\/pages\/525\/revisions"}],"predecessor-version":[{"id":14149,"href":"https:\/\/www.ukctuzla.ba\/ukctuzla\/index.php?rest_route=\/wp\/v2\/pages\/525\/revisions\/14149"}],"wp:featuredmedia":[{"embeddable":true,"href":"https:\/\/www.ukctuzla.ba\/ukctuzla\/index.php?rest_route=\/wp\/v2\/media\/16294"}],"wp:attachment":[{"href":"https:\/\/www.ukctuzla.ba\/ukctuzla\/index.php?rest_route=%2Fwp%2Fv2%2Fmedia&parent=525"}],"curies":[{"name":"wp","href":"https:\/\/api.w.org\/{rel}","templated":true}]}}