{"id":527,"date":"2018-03-12T12:27:24","date_gmt":"2018-03-12T11:27:24","guid":{"rendered":"http:\/\/10.0.0.65\/ukctuzla3\/?page_id=527"},"modified":"2025-11-12T12:59:50","modified_gmt":"2025-11-12T11:59:50","slug":"sektor-za-informacione-tehnologije","status":"publish","type":"page","link":"https:\/\/www.ukctuzla.ba\/ukctuzla\/?page_id=527&lang=bs","title":{"rendered":"SEKTOR ZA INFORMACIONE TEHNOLOGIJE"},"content":{"rendered":"<div class=\"wpb-content-wrapper\"><p>[vc_row][vc_column][vc_column_text css=&#8221;&#8221;]<\/p>\n<div><span style=\"color: #000000;\"><strong>SEKTOR ZA INFORMACIONE TEHNOLOGIJE<\/strong><\/span><br \/>\nV.D. Na\u010delnik Sektora za IT: prof. dr. sci. Nihad Me\u0161anovi\u0107, dipl. ing. el.<br \/>\nSekretar: Subhija Mujki\u0107<br \/>\nKontakt:<br \/>\ntel. 00 387 35 303 446<br \/>\nfax: 00 387 35 251 456<br \/>\ne-mail: <a href=\"mailto:info@ukctuzla.ba\">info@ukctuzla.ba<\/a><br \/>\nSektor za informacione tehnologije je posebna organizaciona jedinica, koja je formirana u cilju uspostavljanja, odr\u017eavanja i unapre\u0111enja zajedni\u010dkog ra\u010dunarskog informacionog i komunikacionog sistema kao savremene podr\u0161ke aktivnostima Ustanove. U Ustanovi je i u primjeni najve\u0107i PACS\/RIS sistem na Balkanu, kojim je digitalizirana i modernizirana ne samo radiologija, nego je i ubrzan proces rada svim ljekarima i medicinskom osoblju.<\/div>\n<div><strong><br \/>\nSektor za informacione tehnologije \u010dine tri slu\u017ebe:<\/strong><br \/>\nSlu\u017eba za projektovanje i programiranje<br \/>\nSlu\u017eba za telekomunikacije<br \/>\nSlu\u017eba za IT i podr\u0161ku<\/div>\n<div><\/div>\n<div>\n<p><strong>Sektor za informacione tehnologije pokriva vrlo \u0161irok raspon djelatnosti:<\/strong><\/p>\n<ul>\n<li>Projektovanje, izgradnja i odr\u017eavanje ra\u010dunarske mre\u017ee<\/li>\n<li>Razvoj jedinstvenog informacionog sistema na nivou Ustanove<\/li>\n<li>Servisiranje i odr\u017eavanje ra\u010dunarske opreme i telekomunikacionih ure\u0111aja<\/li>\n<li>Razvoj aplikacija i baza podataka<\/li>\n<li>Edukacija osoblja za kori\u0161tenje ra\u010dunarskom opremom i pojedinim programima<\/li>\n<li>Uvo\u0111enje novih tehnologija u skladu sa usvojenim planovima i potrebama korisnika<\/li>\n<\/ul>\n<\/div>\n<div><strong>Slu\u017eba za projektovanje i programiranje<\/strong><br \/>\n\u0160ef Slu\u017ebe: mr.sci. Nedim Jahi\u0107, dipl.ing.el.teh.<br \/>\nPoslovi Slu\u017ebe: Slo\u017eeniji poslovi u oblasti projektovanja baza podataka i aplikacija informacionog sistema; u\u010de\u0161\u0107e u definisanju projektnih zadataka i u izradi projekata ra\u010dunarske obrade podataka; analiza sistema poslovnih primjena i analizu sistema in\u017einjersko-nau\u010dnih primjena; u\u010de\u0161\u0107e u radu projektnih timova za izradu aplikativnog softvera; izrada organizacione \u0161eme, obrada i razrada organizacije podataka u bazi podataka ili datotekama.<\/div>\n<div><\/div>\n<div><strong>Slu\u017eba za telekomunikacije<\/strong><br \/>\n\u0160ef Slu\u017ebe: Ned\u017ead Zejnilovi\u0107, dipl. ing. el. teh.<br \/>\nPoslovi Slu\u017ebe: Odr\u017eavanje telekomunikacione infrastrukture, tefonske centrale i tefelaks aparata te uspostavljanje telefonskih veza izme\u0111u lokalnih telefona sa javnim telefonskim saobra\u0107ajem; uspostavljanje gradske, me\u0111ugradske i me\u0111unarodne veze. Ova Slu\u017eba odr\u017eava savremenu digitalnu centralu i sve telefonske priklju\u010dke unutar JZU UKC Tuzla.<\/div>\n<div><\/div>\n<div><strong>Slu\u017eba za IT i podr\u0161ku<\/strong><br \/>\n\u0160ef Slu\u017ebe: mr.sci. Muamer Smajlovi\u0107, dipl. ing. el. teh.<br \/>\nPoslovi Slu\u017ebe: Instalacija, izmjena i dopuna sistemskog software-a; administracija sistemskog sotware-a i aplikativnih servera; u\u010de\u0161\u0107e u standardizaciji sistemskog software-a u Ustanovi; usmjeravanje rada na razradi projekata aplikacionog software-a i njihovoj postavci na ra\u010dunare; analiza i otklanjanje zastoja u radu sistema; rad na uvo\u0111enju i primjeni mjera za za\u0161titu podataka u informacionim sistemima.<\/div>\n<p>[\/vc_column_text][\/vc_column][\/vc_row]<\/p>\n<\/div>","protected":false},"excerpt":{"rendered":"<p>[vc_row][vc_column][vc_column_text css=&#8221;&#8221;] SEKTOR ZA INFORMACIONE TEHNOLOGIJE V.D. Na\u010delnik Sektora za IT: prof. dr. sci. Nihad Me\u0161anovi\u0107, dipl. ing. el. Sekretar: Subhija Mujki\u0107 Kontakt: tel. 00 387 35 303 446 fax: 00 387 35 251 456 e-mail: info@ukctuzla.ba Sektor za informacione tehnologije je posebna organizaciona jedinica, koja je formirana u cilju uspostavljanja, odr\u017eavanja i unapre\u0111enja zajedni\u010dkog&hellip;<\/p>\n","protected":false},"author":1,"featured_media":16294,"parent":0,"menu_order":0,"comment_status":"closed","ping_status":"closed","template":"","meta":{"footnotes":""},"class_list":["post-527","page","type-page","status-publish","has-post-thumbnail","hentry","description-off"],"_links":{"self":[{"href":"https:\/\/www.ukctuzla.ba\/ukctuzla\/index.php?rest_route=\/wp\/v2\/pages\/527","targetHints":{"allow":["GET"]}}],"collection":[{"href":"https:\/\/www.ukctuzla.ba\/ukctuzla\/index.php?rest_route=\/wp\/v2\/pages"}],"about":[{"href":"https:\/\/www.ukctuzla.ba\/ukctuzla\/index.php?rest_route=\/wp\/v2\/types\/page"}],"author":[{"embeddable":true,"href":"https:\/\/www.ukctuzla.ba\/ukctuzla\/index.php?rest_route=\/wp\/v2\/users\/1"}],"replies":[{"embeddable":true,"href":"https:\/\/www.ukctuzla.ba\/ukctuzla\/index.php?rest_route=%2Fwp%2Fv2%2Fcomments&post=527"}],"version-history":[{"count":16,"href":"https:\/\/www.ukctuzla.ba\/ukctuzla\/index.php?rest_route=\/wp\/v2\/pages\/527\/revisions"}],"predecessor-version":[{"id":19983,"href":"https:\/\/www.ukctuzla.ba\/ukctuzla\/index.php?rest_route=\/wp\/v2\/pages\/527\/revisions\/19983"}],"wp:featuredmedia":[{"embeddable":true,"href":"https:\/\/www.ukctuzla.ba\/ukctuzla\/index.php?rest_route=\/wp\/v2\/media\/16294"}],"wp:attachment":[{"href":"https:\/\/www.ukctuzla.ba\/ukctuzla\/index.php?rest_route=%2Fwp%2Fv2%2Fmedia&parent=527"}],"curies":[{"name":"wp","href":"https:\/\/api.w.org\/{rel}","templated":true}]}}