{"id":539,"date":"2022-11-11T07:33:40","date_gmt":"2022-11-11T06:33:40","guid":{"rendered":"http:\/\/10.0.0.65\/ukctuzla3\/?page_id=539"},"modified":"2024-05-29T12:52:42","modified_gmt":"2024-05-29T11:52:42","slug":"sluzba-za-kancelarijsko-i-arhivsko-poslovanje","status":"publish","type":"page","link":"https:\/\/www.ukctuzla.ba\/ukctuzla\/?page_id=539&lang=bs","title":{"rendered":"SLU\u017dBA ZA KANCELARIJSKO I ARHIVSKO POSLOVANJE"},"content":{"rendered":"<p><span style=\"font-style: inherit; font-weight: inherit;\"><strong>Slu\u017eba za kancelarijsko i arhivsko poslovanje<\/strong><\/span><\/p>\n<p><span style=\"font-style: inherit; font-weight: inherit;\"><strong><span style=\"font-style: inherit; font-weight: inherit;\"><span style=\"font-style: inherit; font-weight: inherit;\">v.d. \u0160efa Slu\u017ebe: <\/span><\/span><\/strong><span style=\"font-style: inherit; font-weight: inherit;\"><span style=\"font-style: inherit; font-weight: inherit;\">Jerki\u0107 Sanela, prof<br \/>\n<\/span><\/span><strong><span style=\"font-style: inherit; font-weight: inherit;\"><span style=\"font-style: inherit; font-weight: inherit;\"><br \/>\nKontakt:<\/span><\/span><\/strong><\/span><\/p>\n<p><span style=\"font-style: inherit; font-weight: inherit;\"><strong><span style=\"font-style: inherit; font-weight: inherit;\"><span style=\"font-style: inherit; font-weight: inherit;\">Tel.:<\/span><\/span><\/strong><span style=\"font-style: inherit; font-weight: inherit;\"><span style=\"font-style: inherit; font-weight: inherit;\"> 0387 35 303 599<\/span><\/span><strong><span style=\"font-style: inherit; font-weight: inherit;\"><span style=\"font-style: inherit; font-weight: inherit;\"><br \/>\nTel.: <\/span><\/span><\/strong><span style=\"font-style: inherit; font-weight: inherit;\"><span style=\"font-style: inherit; font-weight: inherit;\">0387 35 303 377<\/span><\/span><strong><span style=\"font-style: inherit; font-weight: inherit;\"><span style=\"font-style: inherit; font-weight: inherit;\"><br \/>\ne-mail.: <\/span><\/span><\/strong><span style=\"font-style: inherit; font-weight: inherit;\"><span style=\"font-style: inherit; font-weight: inherit;\"><a style=\"font-style: inherit; font-weight: inherit;\" href=\"mailto:info@ukctuzla.ba\">info@ukctuzla.ba<\/a><\/span><\/span><span style=\"font-style: inherit; font-weight: inherit;\"><span style=\"font-style: inherit; font-weight: inherit;\"><br \/>\n<\/span><\/span><strong><span style=\"font-style: inherit; font-weight: inherit;\"><span style=\"font-style: inherit; font-weight: inherit;\"><br \/>\nOdgovorni referent za prijem i otpremu po\u0161te:<\/span><\/span><\/strong> <span style=\"font-style: inherit; font-weight: inherit;\"><span style=\"font-style: inherit; font-weight: inherit;\">Tahira Huremovi\u0107<br \/>\n<\/span><\/span><\/span><\/p>\n<p><span style=\"font-style: inherit; font-weight: inherit;\"><strong><span style=\"font-style: inherit; font-weight: inherit;\"><span style=\"font-style: inherit; font-weight: inherit;\">Expedit Ustanove <\/span><\/span><\/strong><span style=\"font-style: inherit; font-weight: inherit;\"><span style=\"font-style: inherit; font-weight: inherit;\">Kontakt tel.: 0387 35 303 639<\/span><\/span><\/span><\/p>\n<p><span style=\"font-style: inherit; font-weight: inherit;\"><strong><span style=\"font-style: inherit; font-weight: inherit;\"><span style=\"font-style: inherit; font-weight: inherit;\"><br \/>\nOdgovorni voditelj medicinske dokumentacije: <\/span><\/span><\/strong><span style=\"font-style: inherit; font-weight: inherit;\"><span style=\"font-style: inherit; font-weight: inherit;\">Sabina Avdi\u0107, dipl.pravnik<\/span><\/span><strong><span style=\"font-style: inherit; font-weight: inherit;\"><span style=\"font-style: inherit; font-weight: inherit;\"><br \/>\n<\/span><\/span><\/strong><\/span><\/p>\n<p>Kontakt tel.: 0387 35 303 377<\/p>\n<p><strong>Odgovorni arhivar:<\/strong> Dr.sci. Husejnovi\u0107 Muhamed<\/p>\n<p><span style=\"font-style: inherit; font-weight: inherit;\"><strong><span style=\"font-style: inherit; font-weight: inherit;\"><span style=\"font-style: inherit; font-weight: inherit;\"><br \/>\nDJELATNOST SLU\u017dBE<\/span><\/span><\/strong><\/span><\/p>\n<p>&nbsp;<\/p>\n<ul>\n<li style=\"font-style: inherit; font-weight: inherit;\"><span style=\"font-style: inherit; font-weight: inherit;\"><span style=\"font-style: inherit; font-weight: inherit;\"><span style=\"font-style: inherit; font-weight: inherit;\">Prijem i otpreme interne i eksterne po\u0161te<\/span><\/span><\/span><\/li>\n<li style=\"font-style: inherit; font-weight: inherit;\"><span style=\"font-style: inherit; font-weight: inherit;\"><span style=\"font-style: inherit; font-weight: inherit;\"><span style=\"font-style: inherit; font-weight: inherit;\">\u00a0Vo\u0111enje propisanih protokola (djelovodnik predmeta i akata, protokol povjerljive i strogo povjerljive po\u0161te, interne dostavne knjige itd.)<\/span><\/span><\/span><\/li>\n<li style=\"font-style: inherit; font-weight: inherit;\"><span style=\"font-style: inherit; font-weight: inherit;\"><span style=\"font-style: inherit; font-weight: inherit;\"><span style=\"font-style: inherit; font-weight: inherit;\">Postupanje po zahtjevima stranaka za izdavanje kopija i prepisa medicinske i druge dokumentacije<\/span><\/span><\/span><\/li>\n<li style=\"font-style: inherit; font-weight: inherit;\"><span style=\"font-style: inherit; font-weight: inherit;\"><span style=\"font-style: inherit; font-weight: inherit;\"><span style=\"font-style: inherit; font-weight: inherit;\">Prijem i obrada dokumentacije bolesnika<\/span><\/span><\/span><\/li>\n<li style=\"font-style: inherit; font-weight: inherit;\"><span style=\"font-style: inherit; font-weight: inherit;\"><span style=\"font-style: inherit; font-weight: inherit;\"><span style=\"font-style: inherit; font-weight: inherit;\">Daktilografski poslovi<\/span><\/span><\/span><\/li>\n<li style=\"font-style: inherit; font-weight: inherit;\"><span style=\"font-style: inherit; font-weight: inherit;\"><span style=\"font-style: inherit; font-weight: inherit;\"><span style=\"font-style: inherit; font-weight: inherit;\">Sre\u0111ivanje dokumentacije radi arhiviranja<\/span><\/span><\/span><\/li>\n<li style=\"font-style: inherit; font-weight: inherit;\"><span style=\"font-style: inherit; font-weight: inherit;\"><span style=\"font-style: inherit; font-weight: inherit;\"><span style=\"font-style: inherit; font-weight: inherit;\">Preuzimanje dokumentacije organizacionih jedinica i arhiviranje predmeta i akata<\/span><\/span><\/span><\/li>\n<li style=\"font-style: inherit; font-weight: inherit;\"><span style=\"font-style: inherit; font-weight: inherit;\"><span style=\"font-style: inherit; font-weight: inherit;\"><span style=\"font-style: inherit; font-weight: inherit;\">Vo\u0111enje i a\u017euriranje arhivskih knjiga<\/span><\/span><\/span><\/li>\n<li style=\"font-style: inherit; font-weight: inherit;\"><span style=\"font-style: inherit; font-weight: inherit;\"><span style=\"font-style: inherit; font-weight: inherit;\"><span style=\"font-style: inherit; font-weight: inherit;\">Predlaganje registraturnog materijala za izlu\u010divanje<\/span><\/span><\/span><\/li>\n<li style=\"font-style: inherit; font-weight: inherit;\"><span style=\"font-style: inherit; font-weight: inherit;\"><span style=\"font-style: inherit; font-weight: inherit;\"><span style=\"font-style: inherit; font-weight: inherit;\">Provo\u0111enje postupka izlu\u010divanja u saradnji sa nadle\u017enim Arhivom<\/span><\/span><\/span><\/li>\n<li style=\"font-style: inherit; font-weight: inherit;\"><span style=\"font-style: inherit; font-weight: inherit;\"><span style=\"font-style: inherit; font-weight: inherit;\"><span style=\"font-style: inherit; font-weight: inherit;\">Dostava nadle\u017enom Arhivu predmeta i akata radi arhiviranja<\/span><\/span><\/span><\/li>\n<li style=\"font-style: inherit; font-weight: inherit;\"><span style=\"font-style: inherit; font-weight: inherit;\"><span style=\"font-style: inherit; font-weight: inherit;\"><span style=\"font-style: inherit; font-weight: inherit;\">Davanje uputstava zaposlenicima organizacionih jedinica u vezi sa odlaganjem registraturnog materijala.<\/span><\/span><\/span><\/li>\n<\/ul>\n<p>&nbsp;<\/p>\n","protected":false},"excerpt":{"rendered":"<p>Slu\u017eba za kancelarijsko i arhivsko poslovanje v.d. \u0160efa Slu\u017ebe: Jerki\u0107 Sanela, prof Kontakt: Tel.: 0387 35 303 599 Tel.: 0387 35 303 377 e-mail.: info@ukctuzla.ba Odgovorni referent za prijem i otpremu po\u0161te: Tahira Huremovi\u0107 Expedit Ustanove Kontakt tel.: 0387 35 303 639 Odgovorni voditelj medicinske dokumentacije: Sabina Avdi\u0107, dipl.pravnik Kontakt tel.: 0387 35 303 377&hellip;<\/p>\n","protected":false},"author":1,"featured_media":16294,"parent":0,"menu_order":0,"comment_status":"closed","ping_status":"closed","template":"","meta":{"footnotes":""},"class_list":["post-539","page","type-page","status-publish","has-post-thumbnail","hentry","description-off"],"_links":{"self":[{"href":"https:\/\/www.ukctuzla.ba\/ukctuzla\/index.php?rest_route=\/wp\/v2\/pages\/539","targetHints":{"allow":["GET"]}}],"collection":[{"href":"https:\/\/www.ukctuzla.ba\/ukctuzla\/index.php?rest_route=\/wp\/v2\/pages"}],"about":[{"href":"https:\/\/www.ukctuzla.ba\/ukctuzla\/index.php?rest_route=\/wp\/v2\/types\/page"}],"author":[{"embeddable":true,"href":"https:\/\/www.ukctuzla.ba\/ukctuzla\/index.php?rest_route=\/wp\/v2\/users\/1"}],"replies":[{"embeddable":true,"href":"https:\/\/www.ukctuzla.ba\/ukctuzla\/index.php?rest_route=%2Fwp%2Fv2%2Fcomments&post=539"}],"version-history":[{"count":19,"href":"https:\/\/www.ukctuzla.ba\/ukctuzla\/index.php?rest_route=\/wp\/v2\/pages\/539\/revisions"}],"predecessor-version":[{"id":16510,"href":"https:\/\/www.ukctuzla.ba\/ukctuzla\/index.php?rest_route=\/wp\/v2\/pages\/539\/revisions\/16510"}],"wp:featuredmedia":[{"embeddable":true,"href":"https:\/\/www.ukctuzla.ba\/ukctuzla\/index.php?rest_route=\/wp\/v2\/media\/16294"}],"wp:attachment":[{"href":"https:\/\/www.ukctuzla.ba\/ukctuzla\/index.php?rest_route=%2Fwp%2Fv2%2Fmedia&parent=539"}],"curies":[{"name":"wp","href":"https:\/\/api.w.org\/{rel}","templated":true}]}}