{"id":541,"date":"2022-02-12T12:34:38","date_gmt":"2022-02-12T11:34:38","guid":{"rendered":"http:\/\/10.0.0.65\/ukctuzla3\/?page_id=541"},"modified":"2025-10-13T07:32:46","modified_gmt":"2025-10-13T06:32:46","slug":"unutarnja-sluzba-zastite","status":"publish","type":"page","link":"https:\/\/www.ukctuzla.ba\/ukctuzla\/?page_id=541&lang=bs","title":{"rendered":"UNUTARNJA SLU\u017dBA ZA\u0160TITE"},"content":{"rendered":"<p><strong>v.d.\u00a0 \u0160efa slu\u017ebe:<\/strong> Esmir Halilovic,bachelor ekonomije<br \/>\n<strong>Kontakt:<\/strong> + 387 35 303 663; 303 651<br \/>\ninfo@ukctuzla.ba<br \/>\n<strong>Koordinator za tehni\u010dku za\u0161titu: <\/strong>Adnan Okanovi\u0107 i Enida Me\u0161anovi\u0107<br \/>\ntel.+ 387 35 303 663<\/p>\n<p>&nbsp;<\/p>\n<p>\u010cuvari Unutarnje slu\u017ebe za\u0161tite obavljaju poslove fizi\u010dke i tehni\u010dke za\u0161tite 24 sata kontinuirano u kompleksu Gradina gdje je smje\u0161ten najve\u0107i broj klinika i poliklinika i u objektima na ostale tri lokacije:<br \/>\n-Kreka, gdje se nalazi Odjeljenje za protetiku Klinike za fizikalnu medicinu i rehabilitaciju i Slu\u017eba za arhivsko i kancelarijsko poslovanje;<br \/>\n&#8211; Slavinovi\u0107i, gdje se nalazi Klinika za plu\u0107ne bolesti, Centar za palijativnu njegu i terapiju bola, Objekat dje\u010dije palijativne njege i zgrada za \u010dlanove porodice;<br \/>\n&#8211; Solina, gdje se nalazi Klinika za psihijatriju.<\/p>\n<p><strong>Djelatnost obuhvata poslove fizi\u010dke i tehni\u010dke za\u0161tite.<\/strong><br \/>\n<strong>Poslovi fizi\u010dke za\u0161tite:<\/strong><\/p>\n<ul>\n<li>Osiguranje objekata, imovine i lica, nadzor nad kretanjem osoba, vozila i roba u podru\u010dju odgovornosti<\/li>\n<li>Obilazak \u0161ti\u0107enog prostora<\/li>\n<li>Osiguranje skupova u Ustanovi.<\/li>\n<\/ul>\n<p><strong>Poslovi tehni\u010dke za\u0161tite:<\/strong><\/p>\n<ul>\n<li>Protuprovalne, protuprepadne i protudiverzione tehnike<\/li>\n<li>Za\u0161tita ljudi i okoli\u0161a<\/li>\n<li>Za\u0161tita podataka i dokumentacije<\/li>\n<li>Za\u0161tita nedopu\u0161tenog pristupa u \u0161ti\u0107ene prostore i objekte<\/li>\n<li>Za\u0161tita od uno\u0161enja eksplozivnih, joniziraju\u0107ih i drugih opasnih materija<\/li>\n<li>Za\u0161tita od izno\u0161enja, odnosno otu\u0111enja \u0161ti\u0107enih predmeta i stvari.<\/li>\n<\/ul>\n<p>Poslovi tehni\u010dke za\u0161tite ljudi, imovine, objekata i prostora u JZU UKC Tuzla, obavljaju se putem:protuprovalnih i protuprepadnih alarmnih sistema,video nadzora i mehani\u010dkih sistema za spre\u010davanje nedopu\u0161tenog pristupa.<\/p>\n<p>Kadrovi<br \/>\n3 uposlenika sa VSS<br \/>\n35 uposlenik koji posjeduje Certifikat za obavljanje fizi\u010dke za\u0161tite<br \/>\n4 uposlenika koji posjeduju Certifikat za obavljanje poslova tehni\u010dke za\u0161tite,<br \/>\n3 uposlenika recepcionera<\/p>\n","protected":false},"excerpt":{"rendered":"<p>v.d.\u00a0 \u0160efa slu\u017ebe: Esmir Halilovic,bachelor ekonomije Kontakt: + 387 35 303 663; 303 651 info@ukctuzla.ba Koordinator za tehni\u010dku za\u0161titu: Adnan Okanovi\u0107 i Enida Me\u0161anovi\u0107 tel.+ 387 35 303 663 &nbsp; \u010cuvari Unutarnje slu\u017ebe za\u0161tite obavljaju poslove fizi\u010dke i tehni\u010dke za\u0161tite 24 sata kontinuirano u kompleksu Gradina gdje je smje\u0161ten najve\u0107i broj klinika i poliklinika i&hellip;<\/p>\n","protected":false},"author":1,"featured_media":16294,"parent":0,"menu_order":0,"comment_status":"closed","ping_status":"closed","template":"","meta":{"footnotes":""},"class_list":["post-541","page","type-page","status-publish","has-post-thumbnail","hentry","description-off"],"_links":{"self":[{"href":"https:\/\/www.ukctuzla.ba\/ukctuzla\/index.php?rest_route=\/wp\/v2\/pages\/541","targetHints":{"allow":["GET"]}}],"collection":[{"href":"https:\/\/www.ukctuzla.ba\/ukctuzla\/index.php?rest_route=\/wp\/v2\/pages"}],"about":[{"href":"https:\/\/www.ukctuzla.ba\/ukctuzla\/index.php?rest_route=\/wp\/v2\/types\/page"}],"author":[{"embeddable":true,"href":"https:\/\/www.ukctuzla.ba\/ukctuzla\/index.php?rest_route=\/wp\/v2\/users\/1"}],"replies":[{"embeddable":true,"href":"https:\/\/www.ukctuzla.ba\/ukctuzla\/index.php?rest_route=%2Fwp%2Fv2%2Fcomments&post=541"}],"version-history":[{"count":17,"href":"https:\/\/www.ukctuzla.ba\/ukctuzla\/index.php?rest_route=\/wp\/v2\/pages\/541\/revisions"}],"predecessor-version":[{"id":19750,"href":"https:\/\/www.ukctuzla.ba\/ukctuzla\/index.php?rest_route=\/wp\/v2\/pages\/541\/revisions\/19750"}],"wp:featuredmedia":[{"embeddable":true,"href":"https:\/\/www.ukctuzla.ba\/ukctuzla\/index.php?rest_route=\/wp\/v2\/media\/16294"}],"wp:attachment":[{"href":"https:\/\/www.ukctuzla.ba\/ukctuzla\/index.php?rest_route=%2Fwp%2Fv2%2Fmedia&parent=541"}],"curies":[{"name":"wp","href":"https:\/\/api.w.org\/{rel}","templated":true}]}}