{"id":543,"date":"2020-11-04T08:36:57","date_gmt":"2020-11-04T07:36:57","guid":{"rendered":"http:\/\/10.0.0.65\/ukctuzla3\/?page_id=543"},"modified":"2025-01-07T12:42:01","modified_gmt":"2025-01-07T11:42:01","slug":"543-2","status":"publish","type":"page","link":"https:\/\/www.ukctuzla.ba\/ukctuzla\/?page_id=543&lang=bs","title":{"rendered":"ETI\u010cKI KOMITET"},"content":{"rendered":"<p style=\"text-align: justify;\">Na osnovu \u010dlana 75. i 76. Zakona o zdravstvenoj za\u0161titi (\u201eSlu\u017ebene novine Federacije BiH\u201c, broj 46\/10 i 75\/13) i \u010dlana 53 b. Statuta Javne zdravstvene ustanove Univerzitetski klini\u010dki centar Tuzla (pre\u010di\u0161\u0107eni tekst), na prijedlog V.D. Direktora, Upravni odbor je na sjednici odr\u017eanoj 30.12.2024.godine donio Odluku o imenovanju Eti\u010dkog komiteta.<\/p>\n<p>&nbsp;<\/p>\n<p><strong>\u010clanovi Eti\u010dkog komiteta<\/strong><\/p>\n<ol>\n<li>Prof.dr.med.sci Fuad Brki\u0107 \u2013 predsjednik<\/li>\n<li>Doc.dr.med.sci. Amir Tursunovi\u0107 &#8211; \u010dlan<\/li>\n<li>Prof.dr.sc. Suad Kunosi\u0107 \u2013 vanjski \u010dlan<\/li>\n<li>Dr.sc. Sead Nazibegovi\u0107 \u2013 vanjski \u010dlan<\/li>\n<li>Dr.med.sci. Emir Ahmeta\u0161evi\u0107 &#8211; \u010dlan<\/li>\n<li>Dr Damir Pi\u0161toljevi\u0107 &#8211; \u010dlan<\/li>\n<li>Hidajet Halilovi\u0107, med.sestra-tehni\u010dar &#8211; \u010dlan<\/li>\n<li>Lejla Balvanovi\u0107, magistar sestrinstva &#8211; \u010dlan i<\/li>\n<li>Amra Mujki\u0107, dipl.pravnik &#8211; \u010dlan.<\/li>\n<\/ol>\n<p>&nbsp;<\/p>\n<p><strong>Zamjenski \u010dlanovi Eti\u010dkog komiteta<\/strong><\/p>\n<ol>\n<li>Prof.dr.med.sci Fejzo D\u017eafi\u0107 &#8211; zamjenik predsjednika<\/li>\n<li>Dr Musfaha Burgi\u0107 &#8211; zamjenik \u010dlana<\/li>\n<li>Hajrudin Masli\u0107, prof.odbrane i sigurnosti \u2013 zamjenik vanjskog \u010dlana<\/li>\n<li>Dr.sci. Halid Mahmutbegovi\u0107 \u2013 zamjenik vanjskog \u010dlana<\/li>\n<li>Prof.dr.med.sci Gordana Grgi\u0107 &#8211; zamjenik \u010dlana<\/li>\n<li>Prof.dr.med.sci Aida \u0160ehanovi\u0107 &#8211; zamjenik \u010dlana<\/li>\n<li>Denisa Babovi\u0107, dipl.med.zdravstvene njege &#8211; zamjenik \u010dlana<\/li>\n<li>Dragica Dropi\u0107, dipl.med.zdravstvene njege &#8211; zamjenik \u010dlana i<\/li>\n<li>Anesa Sulji\u0107, MA iur. &#8211; zamjenik \u010dlana.<\/li>\n<\/ol>\n<p>&nbsp;<\/p>\n<p><strong>Zadaci Eti\u010dkog komiteta Ustanove su:<\/strong><\/p>\n<ul>\n<li>da prati primjenu etike i medicinske deontologije u obavljanju djelatnosti Ustanove;<\/li>\n<li>da daje saglasnost za provo\u0111enje medicinskih i nau\u010dnih ispitivanja, klini\u010dkih ispitivanja lijekova i medicinskih sredstava u Ustanovi, koja se smatraju prethodnim postupkom u okviru odobravanja tih<br \/>\nispitivanja od nadle\u017enog organa;<\/li>\n<li>da analizira i predla\u017ee propise iz oblasti zdravstva sa aspekta etike i medicinske deontologije;<\/li>\n<li>daje mi\u0161ljenja o spornim pitanjima koja su od zna\u010daja za provo\u0111enje medicinskih i nau\u010dnih ispitivanja, klini\u010dkih ispitivanja lijekova i medicinskih sredstava u Ustanovi;<\/li>\n<li>da prati povrede prava pacijenata i sistemati\u010dno radi na unapre\u0111enju stanja u ovoj oblasti u skladu sa propisima o pravima, obvezama i odgovornostima pacijenata;<\/li>\n<li>da sara\u0111uje sa nadle\u017enim komorama iz oblasti zdravstva i<\/li>\n<li>da rje\u0161ava i druga eti\u010dka pitanja u obavljanju djelatnosti Ustanove.<\/li>\n<\/ul>\n<p>&nbsp;<\/p>\n<p>&nbsp;<\/p>\n<p><a href=\"https:\/\/www.ukctuzla.ba\/ukctuzla\/wp-content\/uploads\/2024\/10\/Eticki-kodeks-06-24.pdf\" target=\"_blank\" rel=\"noopener\"><strong>ETI\u010cKI KODEKS JAVNE ZDRAVSTVENE USTANOVE UNIVERZITETSKI KLINI\u010cKI CENTAR TUZLA (pdf)<\/strong><\/a><\/p>\n","protected":false},"excerpt":{"rendered":"<p>Na osnovu \u010dlana 75. i 76. Zakona o zdravstvenoj za\u0161titi (\u201eSlu\u017ebene novine Federacije BiH\u201c, broj 46\/10 i 75\/13) i \u010dlana 53 b. Statuta Javne zdravstvene ustanove Univerzitetski klini\u010dki centar Tuzla (pre\u010di\u0161\u0107eni tekst), na prijedlog V.D. Direktora, Upravni odbor je na sjednici odr\u017eanoj 30.12.2024.godine donio Odluku o imenovanju Eti\u010dkog komiteta. &nbsp; \u010clanovi Eti\u010dkog komiteta Prof.dr.med.sci Fuad&hellip;<\/p>\n","protected":false},"author":1,"featured_media":16294,"parent":0,"menu_order":0,"comment_status":"closed","ping_status":"closed","template":"","meta":{"footnotes":""},"class_list":["post-543","page","type-page","status-publish","has-post-thumbnail","hentry","description-off"],"_links":{"self":[{"href":"https:\/\/www.ukctuzla.ba\/ukctuzla\/index.php?rest_route=\/wp\/v2\/pages\/543","targetHints":{"allow":["GET"]}}],"collection":[{"href":"https:\/\/www.ukctuzla.ba\/ukctuzla\/index.php?rest_route=\/wp\/v2\/pages"}],"about":[{"href":"https:\/\/www.ukctuzla.ba\/ukctuzla\/index.php?rest_route=\/wp\/v2\/types\/page"}],"author":[{"embeddable":true,"href":"https:\/\/www.ukctuzla.ba\/ukctuzla\/index.php?rest_route=\/wp\/v2\/users\/1"}],"replies":[{"embeddable":true,"href":"https:\/\/www.ukctuzla.ba\/ukctuzla\/index.php?rest_route=%2Fwp%2Fv2%2Fcomments&post=543"}],"version-history":[{"count":20,"href":"https:\/\/www.ukctuzla.ba\/ukctuzla\/index.php?rest_route=\/wp\/v2\/pages\/543\/revisions"}],"predecessor-version":[{"id":17666,"href":"https:\/\/www.ukctuzla.ba\/ukctuzla\/index.php?rest_route=\/wp\/v2\/pages\/543\/revisions\/17666"}],"wp:featuredmedia":[{"embeddable":true,"href":"https:\/\/www.ukctuzla.ba\/ukctuzla\/index.php?rest_route=\/wp\/v2\/media\/16294"}],"wp:attachment":[{"href":"https:\/\/www.ukctuzla.ba\/ukctuzla\/index.php?rest_route=%2Fwp%2Fv2%2Fmedia&parent=543"}],"curies":[{"name":"wp","href":"https:\/\/api.w.org\/{rel}","templated":true}]}}