{"id":550,"date":"2020-02-25T07:49:19","date_gmt":"2020-02-25T06:49:19","guid":{"rendered":"http:\/\/10.0.0.65\/ukctuzla3\/?page_id=550"},"modified":"2023-01-27T13:28:33","modified_gmt":"2023-01-27T12:28:33","slug":"zavod-za-patologiju","status":"publish","type":"page","link":"https:\/\/www.ukctuzla.ba\/ukctuzla\/?page_id=550&lang=bs","title":{"rendered":"ZAVOD ZA PATOLOGIJU"},"content":{"rendered":"<p><strong>\u0160ef Zavoda<\/strong>: Prof. dr Ermina Iljazovi\u0107, specijalista patolo\u0161ke anatomije<br \/>\nTel. ++ 387 35 303 542<br \/>\ne-mail: ermina.iljazovic@ukctuzla.ba<br \/>\n<strong>Odgovorni tehni\u010dar Zavoda<\/strong>: Mersiha Kalesi\u0107, dipl.ing.med.laboratorijske dijagnostike<br \/>\nTel: ++ 387 35 303 515 i 303 574<br \/>\ne-mail: mersiha.kalesic@ukctuzla.ba<br \/>\nInformacije o nalazima: (od 14-15,30 casova): Tel.++387 35 303 534<br \/>\nPrijemna ambulanta: Tel.++ 387 35 303 515<br \/>\nPreuzimanje tijela umrlih: Tel.++ 387 35 303 357 (od 08:00-16:00h)<\/p>\n<p><strong>Djelatnost Zavoda<\/strong><\/p>\n<p>Obrada i standardna mikroskopska dijagnostika malih tkivnih uzoraka dobivenih endoskopskim metodama, biopsijom iglom, probatornim, hirur\u0161kim biopsijama kao i na materijalu dobivenom nakon hirur\u0161kih intervencija Obrada i mikroskopska dijagnostika hirur\u0161kih uzoraka svje\u017eeg tkiva na kriostatskim rezovima za urgentne intraoperativne (ex temore) analize,<\/p>\n<ul>\n<li>Primjena specijalnih histohemijskih bojenja i imunohistohemijskih bojenja tkiva sa vi\u0161e od 200 specifi\u010dnih antitijela<\/li>\n<li>Obrada i analiza aspiracionih i eksfolijativnih citolo\u0161kih uzoraka<\/li>\n<li>DNA tipizacija HLA antigena klase I i klase II metodom PCR-SSOP, PCR-SSP i metodom analize sekvenceza (PCR-SBT)<\/li>\n<li>Utvr\u0111ivanje DNA profila analizom 15 STR genskih lokusa i amelogenina (16 STR lokusa)<\/li>\n<li>Identifikacija 19 mutacija na CFTR genu za molekularnu dijagnostiku cisti\u010dne fibroze<\/li>\n<li>Identifikacija i tipizacija humanog papiloma virusa (HPV) u brisu grli\u0107a maternice<\/li>\n<li>Hromogena in situ hibridizacija (CISH) i fluorescentna in situ hibridizacija (FISH) za procjenu amplifikacije HER 2 na tkivnim uzorcima karcinoma dojke<\/li>\n<li>Fluorescentna in situ hibridizacija za dijagnostiku hromozomskih aberacija<\/li>\n<li>Analiza konstitutivnog kariotipa metodom G pruganja<\/li>\n<li>Kvalitativni RT PCR za dokazivanje ekspresije BCR\/ABL i PML\/RAR fuzionih gena<\/li>\n<li>\u00a0Kvantitavini RT PCR za utvrdjivanje nivoa ekspresije BCR\/ABL gena<\/li>\n<li>Kvalitativna analiza gena odgovornih za rezistenciju na imatibin mesylat (Gleevek)<\/li>\n<li>Proto\u010dno citometrijska analiza imunofenotipa leukemijskih \u0107elija periferne krvi i aspirate ko\u0161tane sr\u017ei, limfocita periferne krvi i broja mati\u010dnih CD34+ \u0107elija<\/li>\n<li>\u00a0Klini\u010dke obdukcije i djelatnost mrtvozorstva za umrle u UKC Tuzla<\/li>\n<li>Ostalo (Pogledati u index-u usluga)<\/li>\n<\/ul>\n<p><strong>Organizaciona struktura Zavoda<\/strong><br \/>\nOdjeljenje za patologiju<br \/>\nOdjeljenje za citologiju<br \/>\nOdjeljenje za molekularnu patologiju<\/p>\n<p>&nbsp;<\/p>\n<p>&nbsp;<\/p>\n<p><span style=\"color: #08364f;\"><strong>ODJELJENJE ZA PATOLOGIJU<\/strong><\/span><br \/>\n<strong>\u0160ef Odjeljenja za patologiju:<\/strong> Doc.dr.med.sci. Zinaida Karasalihovi\u0107, specijalista patolo\u0161ke anatomije<br \/>\nTel. ++ 387 35 303 535<br \/>\ne-mail: zinaida.karasalihovic@ukctuzla.ba<br \/>\n<strong>Odgovorni tehni\u010dar Odjeljenja za patologiju<\/strong>:Sanela Imamovi\u0107 Dipl.med.lab.ing.<\/p>\n<p>Tel: ++ 387 35 303 570<\/p>\n<p>e-mail: sanela.imamovic@ukctuzla.ba<\/p>\n<p>&nbsp;<\/p>\n<p><strong>Djelatnost Odjeljenja:<\/strong><\/p>\n<ul>\n<li>obrada i standardna mikroskopska dijagnostika na malim tkivnim uzorcima dobivenim endoskopskim metodama (ezofago-gastroskopija, enteroskopija, kolonoskopija, cistoskopija, laparoskopija, histeroskopija, bronhoskopija i dr.),<\/li>\n<li>obrada i standardna mikroskopska dijagnostika uzoraka dobivenih biopsijom iglom (bubrega, jetre, tumori razli\u010ditih sistema, tumori dojke) i probatornim hirur\u0161kim biopsijama<\/li>\n<li>obrada i standardna mikroskopska dijagnostika na materijalu dobivenom nakon hirur\u0161kih intervencja<\/li>\n<li>obrada i mikroskopska dijagnostika na kriostatskim rezovima svje\u017eeg tkiva za urgentne intraoperativne (ex temore) analize hirur\u0161kih uzoraka, za mikroskopsku analizu malih uzoraka ko\u017ee, mi\u0161i\u0107a, nerva i iglenih uzoraka jetre i bubrega za dijagnostiku reakcije odbacivanja transplantata;<\/li>\n<li>primjena specijalnih histohemijskih bojenja (PAS, Gomori trichrom, Mallory trichrom, van Gieson-Weigert, Trichrom-Masson, Congo red, Sudan black, Oil red, Prussian blue, reticulin Jones i dr.<\/li>\n<li>primjena imunohistohemijskih bojenja tkiva metodom EnVision i trostepene imunoperoksidaze sa spreptavidinom, sa vi\u0161e od 200 specifi\u010dnih, primarnih antitijela<\/li>\n<li>Primjena direktne imunofluorescencije metode za dijagnostiku imunih depozita imunoglobulina i komponenti komplementa na svje\u017eim uzorcima tkiva ko\u017ee, mi\u0161i\u0107a, nerva i iglenih uzoraka jetre i bubrega za dijagnostiku reakcije odbacivanja transplantata;<\/li>\n<li>Klini\u010dke obdukcije i djelatnost mrtvozorstva za umrle u UKC Tuzla<\/li>\n<li>Ostalo (Pogledati u index-u usluga)<\/li>\n<\/ul>\n<p>&nbsp;<\/p>\n<p><strong>Uposlenici Odjeljenja:<\/strong><br \/>\n<strong>Specijaliste patolo\u0161ke anatomije<\/strong><\/p>\n<p>Doc.dr.med.sci Jasminka Mustedanagi\u0107 Mujanovi\u0107<\/p>\n<p>Mr.med.sci.dr. Goran \u0160arkanovi\u0107<\/p>\n<p>Mr.med.sci.dr. Azra Sadikovi\u0107<\/p>\n<p>Mr.med.sci.dr.Maja Konrad-\u010custovi\u0107<br \/>\ndr.Nevena Polja\u0161evi\u0107<\/p>\n<p>&nbsp;<\/p>\n<p><strong>Ljekari na specijalizaciji:<\/strong><\/p>\n<p>dr.Jasna Salki\u0107<\/p>\n<p>dr.Mirza Isakovi\u0107<br \/>\ndr.Ivana \u010cerkez<\/p>\n<p>&nbsp;<\/p>\n<p><strong>In\u017einjeti medicinsko laboratorijske dijagnostike:<\/strong><\/p>\n<p>Dipl.med.lab.ing Amira Dugali\u0107<br \/>\nDipl.med.lab.ing Mirza Mulahalilovi\u0107<\/p>\n<p><strong>Profesor biologije:<\/strong><br \/>\nmr.sci. Lejla Tupaji\u0107 profesor biologije<\/p>\n<p><strong>Diplomirani in\u017einjer tehnologije:<\/strong><br \/>\nNela Had\u017ei\u0107<\/p>\n<p><strong>Diplomirani in\u017eenjer hemije:<\/strong><br \/>\nZdeno Muminovi\u0107<\/p>\n<p><strong>Laboratorijski tehni\u010dari:<\/strong><\/p>\n<p>Muhamed Hidanovi\u0107<br \/>\nBoris Vuku\u0161i\u0107<\/p>\n<p>Samir Muminovi\u0107<\/p>\n<p>Mersiha Musta\u010devi\u0107<\/p>\n<p>&nbsp;<\/p>\n<p><strong>Pomo\u0107nici obducenata:<\/strong><br \/>\nSaki\u0107 Sead<br \/>\nMustafi\u0107 Sead<br \/>\nJasmin Deli\u0107<br \/>\nKameri\u0107 Zijad<br \/>\nEdin \u0110ulovi\u0107<br \/>\nZehrudin Saletovi\u0107<\/p>\n<p>&nbsp;<\/p>\n<p>&nbsp;<\/p>\n<p><strong><span style=\"color: #08364f;\">ODJELJENJE ZA CITOLOGIJU<\/span><\/strong><br \/>\n<strong>\u0160ef Odjeljenja<\/strong>: Mr.med.sci.dr. Maida Kuljanin, specijalista patolo\u0161ke anatomije<br \/>\nTel: ++ 387 35 303 566<br \/>\ne-mail: maida.kuljanin@ukctuzla.ba<\/p>\n<p><strong>Odgovorna sestra Odjeljenja:<\/strong> Mr.sci. Selma Hasanovi\u0107, dipl.med.sestra (citoskriner)<\/p>\n<p>Tel: ++ 387 35 303 537<\/p>\n<p>e-mail: selma.hasanovic@ukctuzla.ba<\/p>\n<ul>\n<li><strong>Djelatnost Odjeljenja:<\/strong><\/li>\n<li>Obrada i analiza uzoraka aspiracione, tankoiglene punkcije (FNA) \u0161titne \u017elijezde i tumora razli\u010ditih organa, uklju\u010dujuci i tankoiglene aspiracione uzorke cisti\u010dnih lezija dojke kao i transbronhalne uzorke dobivene tokom bronhoskopije<\/li>\n<li>Obrada i analiza eksfolijativnih uzoraka svih organskih sistema i tjelesnih te\u010dnosti, uklju\u010dujuci i PAPA razmaze<\/li>\n<li>Obrada punktata dobivenih iz tjelesnih \u0161upljina i izrada parafinskog bloka od dobivenog materijala<\/li>\n<li>Specijalna histohemijska i imunohistohemijska bojenja na citolo\u0161kim uzorcima \u0161to omogu\u0107ava analizu niza \u0107elijskih biljega i dijagnostiku nediferenciranih malignih tumora i subklasifikaciju pojedinih tumora.<\/li>\n<li>Ostalo (Pogledati u index-u usluga)<\/li>\n<\/ul>\n<p>&nbsp;<\/p>\n<p><strong>Uposlenici Odjeljenja:<\/strong><br \/>\n<strong>Citotehnolog:<\/strong><br \/>\nMeliha D\u017eaferbegovi\u0107, medicinska sestra<\/p>\n<p>&nbsp;<\/p>\n<p><span style=\"color: #08364f;\"><strong>ODJELJENJE ZA MOLEKULARNU PATOLOGIJU<\/strong><\/span><br \/>\n<strong>\u0160ef Odjeljenja:<\/strong> Prof.dr.med.sci. Elmir \u010ci\u010dku\u0161i\u0107<br \/>\nTel: ++ 387 35 303 508\u00a0 i 303 509<br \/>\ne-mail:elmir.cickusic@ukctuzla.ba<br \/>\n<strong>Odgovorni tehni\u010dar Odjeljenja<\/strong>: Mr.sci.Jasmina Ov\u010dina, dipl.med.sestra<br \/>\nTel: ++ 387 35 303 549 i 303 509<br \/>\ne-mail: jasmina.ovcina@ukctuzla.ba<\/p>\n<p>Sve analize tercijarnog nivoa u Odjeljenju molekularne patologije rade se po preporuci ljekara specijaliste odre\u0111ene oblasti.<\/p>\n<p><strong>Laboratorij za molekularnu dijagnostiku<\/strong><\/p>\n<ul>\n<li>Izolacija DNK iz \u0107elija periferne krvi, bukalne sluznice, uzoraka tkiva uzetih biopsijom ili iz u formalinu fiksiranih i u parafin uklopljenih tkiva<\/li>\n<li>DNA tipizacija HLA antigena klase I i klase II na ni\u017eem nivou genske rezolucije metodom PCR-SSOP<\/li>\n<li>DNA tipizacija na intermedijarnom nivou genske rezolucije metodom PCR-SSP<\/li>\n<li>DNA tipizacija HLA antigena na visokom nivou rezolucije metodom analize sekvence ( PCR-SBT)<\/li>\n<li>Utvr\u0111ivanje himerizma analizom 15 STR genskih lokusa i amelogenina kod pacijenata nakon transplantacije mati\u010dnih \u0107elija hematopoeze<\/li>\n<li>Identifikacija 19 mutacija na CFTR genu za molekularnu dijagnostiku cisti\u010dne fibroze<\/li>\n<li>Utvr\u0111ivanje biolo\u0161kog o\u010dinstva analizom 16 STR genskih lokusa<\/li>\n<li>Identifikacija i tipizacija humanog papiloma virusa (HPV) u brisu grli\u0107a molekularnim metodama koje detektuju HPV DNA, Digene-ovim HPV DNA Hybride Capture testom II generacije<\/li>\n<li>Hromogena in situ hibridizacija (DCSISH)\u00a0 za procjenu amplifikacije HER 2 na tkivnim uzorcima karcinoma dojke<\/li>\n<li>Kvalitativni RT PCR za dokazivanje ekspresije BCR\/ABL i PML\/RAR fuzionih gena<\/li>\n<li>Kvantitavini RT PCR za utvrdjivanje nivoa ekspresije BCR\/ABL gena<\/li>\n<li>Kvalitativna analiza gena odgovornih za rezistenciju na imatibin mesylat (Gleevek)<\/li>\n<li>Panel za trombofilije<\/li>\n<li>Ostalo (Pogledati u index-u usluga)<\/li>\n<\/ul>\n<p><strong>Laboratoriji za citogenetiku<\/strong><\/p>\n<ul>\n<li>Analiza konstitutivnog kariotipa iz limfocita periferne krvi, metodom G pruganja<\/li>\n<li>Analiza kariotipa iz \u0107elija ko\u0161tane sr\u017ei<\/li>\n<li>Analiza kariotipa iz \u0107elija amnionske te\u010dnosti<\/li>\n<li>Analiza kariotipa iz horionskih resica<\/li>\n<li>Analiza kariotipa iz krvi pup\u010danika<\/li>\n<li>Ostalo (Pogledati u index-u usluga)<\/li>\n<\/ul>\n<p><strong>Laboratorij za proto\u010dnu citometriju<\/strong><\/p>\n<ul>\n<li>Proto\u010dno citometrijska analiza imunofenotipa leukemijskih \u0107elija periferne krvi i aspirate ko\u0161tane sr\u017ei<\/li>\n<li>Proto\u010dno citometrijska analiza imunofenotipa limfocita periferne krvi<\/li>\n<li>Proto\u010dno citometrijska analiza broj mati\u010dnih CD34+ \u0107elija<\/li>\n<li>Ostalo (Pogledati u index-u usluga)<\/li>\n<\/ul>\n<p><strong>Uposlenici u Odjelu za molekularnu patologiju:<\/strong><\/p>\n<p><strong>Ljekari specijalisti:<\/strong><br \/>\nDr.med.sci. dr.Damir Sabitovi\u0107,\u00a0 specijalista klini\u010dke imunologije<\/p>\n<p><strong>Profesori biologije<\/strong><\/p>\n<p>Mr.sci Emina Atikovi\u0107, dipl.biolog<\/p>\n<p>Mr.sci.Rusmir Berbi\u0107, profesor biologije<\/p>\n<p>Dr.sc.. Semir Me\u0161anovi\u0107, profesor biologije<\/p>\n<p>Mr.sci.Semir Be\u0107irovi\u0107, profesor biologije<\/p>\n<p>Mr.sc.Milan Peri\u0107, profesor biologije<\/p>\n<p><strong>Dipl.ing.tehnologije:<\/strong><\/p>\n<p>Nela Had\u017ei\u0107, dipl.ing. tehnologije<\/p>\n<p>Silvija Avdi\u0107, dipl.ing. tehnologije<\/p>\n<p><strong>\u00a0<\/strong><\/p>\n<p>&nbsp;<\/p>\n<div style=\"text-align: justify;\">\n<ul>\n<li>\n<p style=\"text-align: justify;\"><a href=\"https:\/\/www.ukctuzla.ba\/ukctuzla\/wp-content\/uploads\/2020\/02\/Index-usluga-Zavod-za-patologiju3102022.pdf\" target=\"_blank\" rel=\"noopener\">Index usluga- Zavod za patologiju<\/a><em>\u00a0(Podaci a\u017eurirani 3.10.2022.god.)<\/em><\/p>\n<\/li>\n<\/ul>\n<\/div>\n","protected":false},"excerpt":{"rendered":"<p>\u0160ef Zavoda: Prof. dr Ermina Iljazovi\u0107, specijalista patolo\u0161ke anatomije Tel. ++ 387 35 303 542 e-mail: ermina.iljazovic@ukctuzla.ba Odgovorni tehni\u010dar Zavoda: Mersiha Kalesi\u0107, dipl.ing.med.laboratorijske dijagnostike Tel: ++ 387 35 303 515 i 303 574 e-mail: mersiha.kalesic@ukctuzla.ba Informacije o nalazima: (od 14-15,30 casova): Tel.++387 35 303 534 Prijemna ambulanta: Tel.++ 387 35 303 515 Preuzimanje tijela umrlih:&hellip;<\/p>\n","protected":false},"author":1,"featured_media":16294,"parent":0,"menu_order":0,"comment_status":"closed","ping_status":"closed","template":"","meta":{"footnotes":""},"class_list":["post-550","page","type-page","status-publish","has-post-thumbnail","hentry","description-off"],"_links":{"self":[{"href":"https:\/\/www.ukctuzla.ba\/ukctuzla\/index.php?rest_route=\/wp\/v2\/pages\/550","targetHints":{"allow":["GET"]}}],"collection":[{"href":"https:\/\/www.ukctuzla.ba\/ukctuzla\/index.php?rest_route=\/wp\/v2\/pages"}],"about":[{"href":"https:\/\/www.ukctuzla.ba\/ukctuzla\/index.php?rest_route=\/wp\/v2\/types\/page"}],"author":[{"embeddable":true,"href":"https:\/\/www.ukctuzla.ba\/ukctuzla\/index.php?rest_route=\/wp\/v2\/users\/1"}],"replies":[{"embeddable":true,"href":"https:\/\/www.ukctuzla.ba\/ukctuzla\/index.php?rest_route=%2Fwp%2Fv2%2Fcomments&post=550"}],"version-history":[{"count":23,"href":"https:\/\/www.ukctuzla.ba\/ukctuzla\/index.php?rest_route=\/wp\/v2\/pages\/550\/revisions"}],"predecessor-version":[{"id":13651,"href":"https:\/\/www.ukctuzla.ba\/ukctuzla\/index.php?rest_route=\/wp\/v2\/pages\/550\/revisions\/13651"}],"wp:featuredmedia":[{"embeddable":true,"href":"https:\/\/www.ukctuzla.ba\/ukctuzla\/index.php?rest_route=\/wp\/v2\/media\/16294"}],"wp:attachment":[{"href":"https:\/\/www.ukctuzla.ba\/ukctuzla\/index.php?rest_route=%2Fwp%2Fv2%2Fmedia&parent=550"}],"curies":[{"name":"wp","href":"https:\/\/api.w.org\/{rel}","templated":true}]}}