{"id":552,"date":"2017-10-10T12:51:10","date_gmt":"2017-10-10T11:51:10","guid":{"rendered":"http:\/\/10.0.0.65\/ukctuzla3\/?page_id=552"},"modified":"2023-01-27T13:33:15","modified_gmt":"2023-01-27T12:33:15","slug":"zavod-za-mikrobiologiju","status":"publish","type":"page","link":"https:\/\/www.ukctuzla.ba\/ukctuzla\/?page_id=552&lang=bs","title":{"rendered":"ZAVOD ZA MIKROBIOLOGIJU"},"content":{"rendered":"<p style=\"text-align: justify;\"><strong>\u0160ef Zavoda<\/strong>:<br \/>\nTel. ++ 387 35 303 536<br \/>\ne-mail: nijaz.tihic@ukctuzla.ba<br \/>\n<strong>Odgovorni tehni\u010dar:<\/strong> Mubera Kutlovac, vi\u0161i laboratorijski tehni\u010dar<br \/>\nTel: ++ 387 35 303 568<br \/>\ne-mail: mubera.kutlovac@ukctuzla.ba<\/p>\n<p>Prijemna ambulanta:<br \/>\nTel.++ 387 35 303 511<\/p>\n<p>Informacije o nalazima:<br \/>\nTel.++ 387 35 303 511 (od 12-14,00 sati)<\/p>\n<p><strong>Djelatnost Zavoda<\/strong><br \/>\nZavod za mikrobiologiju ima tri podru\u010dja djelovanja, a to su: dijagnostika, edukacija i nau\u010dno-istra\u017eiva\u010dki rad.<br \/>\nDijagnostika je osnovna djelatnost Zavoda, relativno je dobro razvijena. Godi\u0161nje se u Zavodu za mikrobiologiju izvr\u0161i testiranje 88.822 pacijenata, odnosno 109.923 razli\u010ditih uzoraka, ili 295.544 razli\u010ditih analiza.<br \/>\nZavod za mikrobiologiju vr\u0161i pregled razli\u010ditih materijala neophodnih za dijagnozu i lije\u010denje oboljenja uzrokovanih bakterijama, gljivama, parazitima i virusima, te dijagnostiku autoimunih i alergijskih oboljenja i procjenu imunolo\u0161kog statusa pacijenata. Dio djelatnosti Zavoda je i monitoring rezistencije bakterija na antimikrobna sredstva, te nadzor nad hospitalnim infekcijama.\u00a0 Za potrebe dijagnostike u Zavodu se koriste razli\u010dite metode iz oblasti bakteriologije, virusologije, parazitologije, mikologije, imunologije, molekularne medicine, hospitalne higijene i sanitarne mikrobiologije, kao \u0161to su:<\/p>\n<ul>\n<li style=\"text-align: justify;\">Direktno mikroskopsko ispitivanje bolesni\u010dkog materijala<\/li>\n<li style=\"text-align: justify;\">Kultivisanje aerobnih i anaerobnih bakterija, kultivisanje mikobakterija i gljiva\u00a0 na hranljivim podlogama u svrhu identifikacije patogenih mikroorganizama<\/li>\n<li style=\"text-align: justify;\">Ispitivanje osjetljivosti izolovanih bakterija i gljiva na antimikrobna sredstva<\/li>\n<li style=\"text-align: justify;\">Imunolo\u0161ka dijagnostika za detekciju antitijela i antigena<\/li>\n<li style=\"text-align: justify;\">Molekularna dijagnostika<\/li>\n<\/ul>\n<p>&nbsp;<\/p>\n<p><strong>Identifikacija bakterija se vr\u0161i automatskim sistemom:<\/strong><\/p>\n<ul>\n<li>Koristi se automatizovani sistem VITEK Compact, koji omogu\u0107ava identifikaciju vi\u0161e od 330 vrsta mikroorganizama<\/li>\n<li>Identifikacija se zavr\u0161i vrlo brzo, u toku pet sati, \u0161to omogu\u0107ava pravovremenu dijagnozu<\/li>\n<li>Uz identifikaciju odre\u0111uje se i osjetljivost na antimikrobna sredstva \u0161to sa vrijednostima MIK-a, omogu\u0107ava klini\u010darima odabira najadekvatnijeg antibiotskog tretmana<\/li>\n<\/ul>\n<p>&nbsp;<\/p>\n<p><strong>Pri odredjivanju antibiograma na VITEK Compact aparatu:<\/strong><\/p>\n<ul>\n<li>o\u010ditavanje rezultata vr\u0161i se automatski uz pomo\u0107 Expert sitema za validaciju testa osjetljivosti<\/li>\n<li>postoji mogu\u010dnost identifikacije potencijalnih mehanizama rezistencije, \u010dak i \u201eemerging\u201c i niskog niva rezistencije.\u00a0 Tako\u0111e doprinosi otkrivanju nozokomijalnih infekcija.<\/li>\n<\/ul>\n<p><strong>Odjeljenje za Mycobacteriae, jedan od najve\u0107ih laboratorija u dr\u017eavi u kojem se vr\u0161i:<\/strong><\/p>\n<ul>\n<li>Direktna mikroskopija<\/li>\n<li>Kultivacija bacila tuberkuloze iz bolesni\u010dkog materijala na \u010dvstim podlogama<\/li>\n<li>Kultivacija bacila tuberkuloze na te\u010dnim podlogama upotrebom BACTEC MGIT 960<\/li>\n<li>Ispitivanje osjetljivosti na antituberkulotike prve linije<\/li>\n<li>Tipizacija mycobacteria<\/li>\n<\/ul>\n<p><strong>Za imunolo\u0161ku dijagnostiku se koriste slijede\u0107i testovi:<\/strong><\/p>\n<ul>\n<li>Imunoenzimski testovi (ELISA)<\/li>\n<li>Imunoflorescentni testovi<\/li>\n<li>Potvrdni testovi (Western i Imuno blot)<\/li>\n<li>Nefelometrijski testovi<\/li>\n<li>Aglutinacijski testovi<\/li>\n<\/ul>\n<p><strong>Detekcija antitijela i antigena na bakterije, viruse, gljive i parazite<\/strong><\/p>\n<ul>\n<li>Vr\u0161i se na BEP 2000 ELISA procesoru koji omogu\u0107ava detekciju specifi\u010dnih antitijela na mikroorganizme u serumu ili plazmi.<\/li>\n<li>Rezultati su izra\u017eeni u IU\/ml ili kao titar antitijela<\/li>\n<li>Mogu se odre\u0111ivati antitijela klase IgM, IgG i IgA \u0161to omou\u0107ava diferenciranje akutne infekcije od hroni\u010dne ili zavr\u0161ene infekcije<\/li>\n<\/ul>\n<p>&nbsp;<\/p>\n<p><strong>Detekcija antitijela na BEP 2000 ELISA procesoru vr\u0161i se za:<\/strong><\/p>\n<ul>\n<li>Brucellae, Coxiella burnetti, leptospirae, Helicobacter pylori, Chlamydie, Mycoplasma pneumoniae<\/li>\n<li>CMV, HSV tip 1 i 2, VZV, EBV, Rubella virus, HIV, markeri HBV, HCV i HAV, Parvovirus B 19, Morbilli virus, Mumps virus, Adeno virus, Coxsackiae<\/li>\n<li>Toxoplasma gondii, Trichinella spiralis, Cysticercosis, Echinococcus<\/li>\n<\/ul>\n<p><strong>Za potrebe dijagnostike autoimunih i alergijskih oboljenja koristi se automatizovani ELISA procesor HYTEC 288 PLUS, na kojem se:<\/strong><\/p>\n<ul>\n<li>Vr\u0161i detekcija i kvantifikacija autoantitijela u serumu\u00a0 u svrhu dijagnostike autoimunih i sitemskih bolesti kao \u0161to su: Sistemski lupus eritematodes(SLE), Sj\u00f6grenov sindrom(SS), Poli\/Dermatomiozitis, Scleroderma, CREST.<\/li>\n<li>\u00a0Vr\u0161i detekciju i kvantifikaciju organospecifi\u010dnih antitijela<\/li>\n<li>Odre\u0111ivanje specifi\u010dnih IgE antitijela na inhalacione alergene, alergene hrane i lijekove<\/li>\n<\/ul>\n<p>&nbsp;<\/p>\n<p><strong>Kod autoimunih i sistemskoh bolesti, za odre\u0111ivanje vi\u0161e parametara u jednom uzorku seruma koristi se Xmap tehnologija, na Luminex aparatu:<\/strong><\/p>\n<ul>\n<li>ANA (9 parametarski ANA profil)<\/li>\n<\/ul>\n<p><strong>Na Luminexu se odredjuje panel HLA reaktivnih antitjela za pacijente u programu transplantacije.<\/strong><br \/>\nU rutinskoj dijagnostici se koriste i imunoflorescentni testovi za:<\/p>\n<ul>\n<li>Detekcija Chlamdia trachomatis u uretralnom i cervikalnom brisu<\/li>\n<li>Detekcija antitijela na Listeria monocitogenes<\/li>\n<li>Detekcija antitijela na Bartonella henselae (bolest ma\u010djeg ogreba)<\/li>\n<li>Detekcija antitijela na Chlamydia trachomatis, Chlamydia pneumoniae i Chlamydia psitaci<\/li>\n<li>Detekcija antitijela u serumu na uzro\u010dnike myocarditisa (Myocarditis profil)<\/li>\n<li>Detekcija antitijela u serumu na uzro\u010dnike respiratornih infekcija<\/li>\n<li>Detekcija antitijela u serumu i likvoru\u00a0 na uzro\u010dnike infekcija centralnog nervnog sistema\u00a0 ( CNS profil)<\/li>\n<li>Antinuklearna antitijela<\/li>\n<li>Anti ds DNA antitijela<\/li>\n<li>Anti SMA antitijela<\/li>\n<li>Anti spermatozoidna antitijela<\/li>\n<\/ul>\n<p>&nbsp;<\/p>\n<p><strong>U cilju pobolj\u0161anja kvaliteta i ta\u010dnosti rezultata koriste se i potvrdni testovi (Western blot ili Imunoblot) za antitijela:<\/strong><\/p>\n<ul>\n<li>Potvrdni test za antitjela klase IgM i IgG za treponema pallidum<\/li>\n<li>Potvrdni test za antitjela klase IgM i IgG za Borellia burgdorferi<\/li>\n<li>Potvrdni test za antitjela klase IgM i IgG za Borellia afzelii<\/li>\n<li>Potvrdni test za antitjela klase IgM i IgG za Borellia garinii<\/li>\n<li>Potvrdni test za antitjela klase IgM i IgG za Borellia burgdorferi<\/li>\n<li>Potvrdni test za antitjela klase IgM i IgG za Hantan virus<\/li>\n<li>Profil za dijagnostiku autoimunog hepatitisa<\/li>\n<li>ANA profil<\/li>\n<\/ul>\n<p>&nbsp;<\/p>\n<p><strong>Za brzu dijagnostiku koriste se aglutinacijski testovi:<\/strong><\/p>\n<ul>\n<li>Rose Bengal za dijagnostiku Bruceloze<\/li>\n<li>TPHA za dijagnostiku sifilisa<\/li>\n<li>IHA za Leishmania<\/li>\n<li>IHA za amebijazu<\/li>\n<li>Antikardiolipinska antitijela za sifilis<\/li>\n<\/ul>\n<p>&nbsp;<\/p>\n<p>Molekularna dijagnostika\u00a0 omogu\u0107ava dobijanje rezultata mnogo br\u017ee u odnosu na konvencionalne metode dijagnostike u mikrobiologiji i sve vi\u0161e postaje \u201eprvi izbor\u201c pri odabiru metoda. Testovi molekularne dijagnostike su bazirani na PCR, hibridizaciji i Real time PCR metodama. Molekularni testovi se izvode na\u00a0 Cobas Taq man i Light Cyleru i GenExpert sistemu. Ove platforme omogu\u0107avaju odre\u0111ivanje DNA i RNA za razli\u010dite organizme:<\/p>\n<ul>\n<li>Odre\u0111uje se HCV RNA i HIV RNA, HBV DNA i CMV DNA, EBV DNA, Parvovirus DNA, BK virus. Tako\u0111e se PCR metodom vr\u0161i testiranje za Clostridium difficile u stolici i detekcija Enterovirusa u likvoru.<\/li>\n<li>Genotipizacija HCV<\/li>\n<li>Genotipizacija HBV<\/li>\n<li>Rezistencija na lijekove za HBV<\/li>\n<\/ul>\n<p>&nbsp;<\/p>\n<p style=\"text-align: justify;\">Edukacija. Zavod je nastavna baza za edukaciju brojnih profila zdravstvenog usmjerenja: u\u010denika srednje medicinske \u0161kole, vi\u0161i laboratorijskih tehni\u010dara, studenata medicinskog fakulteta, visoke zdravstvene \u0161kole, faramceutskog i tehnolo\u0161kog fakulteta, ljekara na specijalizaciji iz mikrobiologije, infektologije, dermatovenerologije, epidemiologije i klini\u010dke imunologije. U Zavodu se vr\u0161i i kontinuirana edukacija svih uposlenika.<br \/>\nNau\u010dno istra\u017eiva\u010dki rad. U Zavodu se vr\u0161e bazi\u010dna i primijenjena istra\u017eivanja u cilju unapre\u0111enja dijagnostike i sticanja novih saznanja. U ovaj rad uklju\u010deni su svi doktori, a neprocjenjivu pomo\u0107 pru\u017eaju im vi\u0161i i srednji laboratorijski tehni\u010dari i biolozi.\u00a0 Kao rezultat tog rada u posljednjih 15 godina ura\u0111ene su: 7 doktorskih disertacija i 13 magistarskih radova, napisano 6 knjiga i objavljeno 250 radova, koji su publikovani u doma\u0107im i stranim \u010dasopisima ili prezentovani na nau\u010dnim i stru\u010dnim skupovima.\u00a0 Jedan redovni profesor, jedan vanredni profesor i dva docenta i pet asistenata su zadu\u017eeni za izvo\u0111enje nastave za studente.<\/p>\n<p><strong>Organizaciona struktura Zavoda<\/strong><br \/>\nOdjeljenje za op\u0161tu mikrobiologiju<br \/>\nOdjeljenje za mikobakteriologiju i respiratorne infekcije<br \/>\nOdjeljenje za klini\u010dku imunologiju<br \/>\nOdjeljenje za mikrobiologiju, virusologiju sa serologijom<\/p>\n<p><span style=\"color: #194f8a;\"><strong>1.Odjeljenje za op\u0161tu mirobiologiju<\/strong> <\/span><br \/>\n<strong>\u0160ef Odjeljenja:<\/strong> Prof.dr. Fatima Numanovi\u0107, specijalista mikrobiologije sa parazitologijom<br \/>\nTel. ++ 387 35 303 564<br \/>\ne-mail:fatima.numanovic@ukctuzla.ba<br \/>\n<strong>Odgovorni laboratorijski tehni\u010dar<\/strong>: Jasmina Be\u0107irovi\u0107, dil.med.lab.ing.<br \/>\nTel. ++ 387 35 303 517<br \/>\ne-mail: jasmina.becirovic@ukctuzla.ba<\/p>\n<p><strong>1.1.Laboratorij za bakteriologiju<\/strong><\/p>\n<p><strong>Uposlenici Odjeljenja<\/strong><\/p>\n<p>Doc.dr.med.sci. Merima Gegic spec. mikrobiologije<\/p>\n<p>Dr. Amela Be\u0107irovi\u0107, specijalista klini\u010dke mikrobiologije<\/p>\n<p>Dr. Arnela Avdi\u0107<\/p>\n<p>&nbsp;<\/p>\n<p><strong>Profesor biologije:<\/strong><br \/>\nAldijana Medi\u0107<\/p>\n<p><strong>Diplomirani laboratoriski in\u017einjeri<\/strong><br \/>\nEmina \u0110ezi\u0107 dip.ing.med.lab.dijag.<\/p>\n<p><strong>Laboratoriski tehni\u010dari:<\/strong><br \/>\nSabina \u0160abanovi\u0107<\/p>\n<p>Mersiha Sulji\u0107<\/p>\n<p>Hasija Had\u017eiabdi\u0107<\/p>\n<p>Amela Tufek\u010di\u0107<br \/>\nDino Islamovi\u0107<br \/>\nJasmina Kurti\u0107<\/p>\n<p>&nbsp;<\/p>\n<p><strong>Sadr\u017eaj rada:<\/strong><\/p>\n<ul>\n<li style=\"text-align: justify;\">Vr\u0161i se analiza sljede\u0107ih uzoraka: bris oka i uha, bris uretre, sperme, vaginalnog i cervikalnog brisa, brisa vulve, brisa rane, brisa prepucijuma, bris promjena sa ko\u017ee, katetera i drenova i drugog materijala.<\/li>\n<li style=\"text-align: justify;\">Izolacija i identifikacija aerobnih i anaerobnih bakterija vr\u0161i se standardnim mikrobiolo\u0161kim metodama (mikroskopskim, kulturelnim,\u00a0 biohemijskim i serolo\u0161kim ).<\/li>\n<li style=\"text-align: justify;\">Identifikacija\u00a0 aerobnih, anaerobnih i\u00a0 sporofermentativnih\u00a0 bakterija\u00a0\u00a0 Vitek 2 sistemom.<\/li>\n<li style=\"text-align: justify;\">Prati se rezistencija pojedinih mikroorganizama\u00a0 ( intrahospitalnih sojeva) na antibakterijska sredstva<\/li>\n<li style=\"text-align: justify;\">Mikrobiolo\u0161ko ispitivanje : urina i stolice na prisustvo patogenih aerobnih i anaerobnih bakterija kao i ispitivanje njihove. osjetljivosti na antibiotike.<\/li>\n<li style=\"text-align: justify;\">Ispitivanje stolice na prisustvo Adenovirusa i Rota virusa.<\/li>\n<li style=\"text-align: justify;\">Ispitivanje stolice na prisustvo antigena Helicobacter pylorii.<\/li>\n<li style=\"text-align: justify;\">Ispitivanje stolice na okultno krvarenje<\/li>\n<li style=\"text-align: justify;\">Procjena bakterijske flore crijeva.<\/li>\n<li style=\"text-align: justify;\">Izolacija i identifikacija aerobnih i anaerobnih bakterija iz stolice vr\u0161i se standardnim mikrobiolo\u0161kim metodama ( mikroskopskim, kulturelnim, biohemijskim i serolo\u0161kim ).<\/li>\n<li style=\"text-align: justify;\">Identifikacija crijevnih parazita postavlja se makroskopskim i mikroskopskim pregledom stolice.<\/li>\n<li style=\"text-align: justify;\">Primjenjuju se standardne parazitolo\u0161ke metode: nativni i obojeni preparat, celofanski otisak perianalne regije, metode koncentracije stolice,\u00a0 sedimentaciono-flotacione metode-MIFC, kato i metode koncentracije larvi Strongiloides stercoralis .<\/li>\n<li style=\"text-align: justify;\">Ostalo (Pogledati u index-u usluga)<\/li>\n<\/ul>\n<p><strong>Protozoe tjelesnih \u0161upljina se dijagnosticiraju:<\/strong><\/p>\n<ul>\n<li>Pregledom nativnog preparata, bojenog preparata akridin oran\u017eom, preparata pripremljenog MIFC metodom i pregledom direktnog preparata stolice u otopini eozina .<\/li>\n<li>Krvno tkivne protozoe se identificiraju mikroskopskim pregledom krvnog razmaza, biopti\u010dkog materijala i guste kapi ili direktno imunofluorescencijom.<\/li>\n<li>Izolacija kvasnica, plijesni i dermatofita se vr\u0161i kultivacijom razli\u010ditog materijala (brisa grla i nosa, ispljuvak, promjene sa ko\u017ee, ljuspice sa promjenjene ko\u017ee i nokta, dlaka, sperme, brisa uretre, vaginalnog i cervikalnog brisa), a identifikacija se izvodi standardnim mikolo\u0161kim metodama (makroskopskim, mikroskopskim i biohemijskim),\u00a0 ispitivanje njihove. osjetljivosti na antimikotike.<\/li>\n<\/ul>\n<p><span style=\"color: #194f8a;\"><strong>2. Odjeljenje za mikobakteriologiju i respiratorne infekcije<\/strong> <\/span><br \/>\n<strong>\u0160ef Odjeljenja:<\/strong><br \/>\nTel. ++ 387 35 303 5717<br \/>\n<strong>Odgovorni laboratorijski tehni\u010dar:<\/strong> Semina Gazibegovi\u0107, dil.med.lab.ing.<br \/>\nTel. ++ 387 35 303 517<br \/>\ne-mail:semina.gazibegovic@ukctuzla.ba<\/p>\n<p><strong>2.1. Laboratorija za mikobakteriologiju i respiratorne infekcije<\/strong><br \/>\n<strong>Uposlenici Odjeljenja<\/strong><\/p>\n<p>Dr. Alma Imamovi\u0107, specijalista mikrobiologije sa parazitologijom<br \/>\nmikrobiologije s\u0105 parazitologijom<\/p>\n<p><strong>Profesor biologije:<\/strong><br \/>\nMr.sci. Marijan\u010devi\u0107 Sandra<\/p>\n<p><strong>Laboratorijski tehni\u010dari:<\/strong><br \/>\nSenada Kadri\u0107<\/p>\n<p>Maila Lemezovi\u0107<\/p>\n<p>Edina Jusi\u0107<\/p>\n<p>Enida Zuki\u0107<\/p>\n<p>&nbsp;<\/p>\n<p><strong>Sadr\u017eaj rada:<\/strong><\/p>\n<ul>\n<li>Vr\u0161i se analiza sljede\u0107ih uzoraka: bris grla i nosa, pregled sputuma, aspirata, i punktata, krvi, liquora, valvula.<\/li>\n<li>Izolacija i identifikacija aerobnih i anaerobnih bakterija vr\u0161i se standardnim mikrobiolo\u0161kim metodama ( mikroskopskim, kulturelnim, biohemijskim i serolo\u0161kim ).<\/li>\n<li>Identifikacija: aerobnih, anaerobnih,\u00a0 sporofermentativnih bakterija izvodi se na Vitek 2 sistemu i Bactec-u za\u00a0 hemokulture<\/li>\n<li>Prati se rezistencija pojedinih mikroorganizama ( intrahospitalnih sojeva) na antibakterijska sredstva.<\/li>\n<li>Pregled biolo\u0161kih materijala na Mycobacterium tuberculosis i ostale Mycobacteriae.<\/li>\n<li>Pregled direktnog preparata po Ziehl-Neelsen-u, homogenizacija materijala, pregled preparata poslije bojenja i homogenizacije.<\/li>\n<li>Kultivisanje homogeniziranog i neutralisanog materijala na podlogama po Loewenstein-u.<\/li>\n<li>Kultivisanje biolo\u0161kih materijala na Bactec sistemu identifikacija porasta i identifikacija Mycobacterium tuberculosis.<\/li>\n<li>Ispitivanje rezistencije metodom po Cannetti-u i sar. na Isoniazid, Streptomycin, Rifadin, Ethambutol, Pyrazinamid i druge antituberkulotike.<\/li>\n<li>Tipizacija poraslih kultura atipi\u010dnih mikobakterija i ispitivanje njihove osjetljivosti na ostala\u00a0\u00a0\u00a0\u00a0 antimikrobna sredstva.<\/li>\n<li>Uvo\u0111enje genskih proba u dijagnostici mikobakterija.<\/li>\n<li>Ispitivanje rezistencije i diferencijacije mikobakterija \u201cBactec\u201d metodom .<\/li>\n<li>Izvo\u0111enje lan\u010dane reakcije\u00a0 polimeraze za dokazivanje\u00a0 mikobakterija u likvoru, urinu i razli\u010ditim punktatima.<\/li>\n<li>Odre\u0111ivanje rezistencije\u00a0\u00a0 M ycobacterium tuberculosis.<\/li>\n<li>Vo\u0111enje evidencije\u00a0 klasi\u010dnom i kompjuterskom\u00a0 metodom o pregledanim\u00a0 materijalima i dobivenim\u00a0 rezultatima.<\/li>\n<li>Izdavanje rezultata.<\/li>\n<li>Istra\u017eivanje razli\u010ditih\u00a0 mogu\u0107nosti na polju bolje izolacije i identifikacije mikobakterija<\/li>\n<li>Pra\u0107enje i analiziranje dobivenih rezultata i izvje\u0161tavanje.<\/li>\n<li>Ostalo (Pogledati u index-u usluga)<\/li>\n<\/ul>\n<p>&nbsp;<\/p>\n<p><span style=\"color: #194f8a;\"><strong>3. Odjeljenje za klini\u010dku imunologiju<\/strong> <\/span><br \/>\n<strong>\u0160ef Odjeljenja:<\/strong> Prof.dr. Fejzo D\u017eafi\u0107 , specijalista klini\u010dke imunologije<br \/>\nTel. ++ 387 35 303 563<br \/>\ne-mail:fejzo.dzafic@ukctuzla.ba<br \/>\n<strong>Odgovorni laboratorijski tehni\u010dar<\/strong>:Kadrija Had\u017eimehmedovi\u0107, dipl.med.lab.ing.<br \/>\nTel. ++ 387 35 303 563<br \/>\ne-mail:kadrija.hadzimehmedovic@ukctuzla.ba<\/p>\n<p><strong>Uposlenici Odjeljenja<\/strong><\/p>\n<p>dr. Ena Ad\u017eaji\u0107 ljekar na specijalizaciji<\/p>\n<p><strong>Profesor biologije:<\/strong><br \/>\nMr.sci. Samra \u0160ahbegovi\u0107<\/p>\n<p><strong>Sadr\u017eaj rada:<\/strong><\/p>\n<ul>\n<li>Serolo\u0161ka dijagnostika autoimunih i sistemskih oboljenja dokazivanjem autoantitijela u serumu oboljelih<\/li>\n<li>Odre\u0111ivanje imunolo\u0161kog statusa<\/li>\n<li>Dijagnostika alergijskih oboljenja<\/li>\n<li>Odre\u0111ivanje Panela reaktivnih antitijela (PRA)<\/li>\n<\/ul>\n<p><strong>Metode koje se koriste:<\/strong><\/p>\n<ul>\n<li>Imunofluorescentni test<\/li>\n<li>Imunoenzimski test-ELISA<\/li>\n<li>Nefelometrijski metod<\/li>\n<li>Luminex-x MAP tehnologija<\/li>\n<li>Imunoblot metod<\/li>\n<\/ul>\n<p><strong>Testovi koji se rade:<\/strong><\/p>\n<ul>\n<li>Indirektnim IF testom vr\u0161i se detekcija i odre\u0111ivanje titra slijede\u0107ih autoantitijela: ANA, Anti dsDNA, ASMA i\u00a0 antispermatozoidnih antitijela.<\/li>\n<li>ELISA testom vr\u0161i se detekcija i odre\u0111ivanje titra\u00a0 antitijela na:\u00a0 AMA, LKM, dsDNA,\u00a0 ANA,\u00a0 cardiolipin, antiglijadinska antitijela IgG, antiendomizijska antitijela IgA, GBM, pANCA, cANCA, anti CCP, interleukine, GAD antitijela, inzulinska antitijela, CIC, gastri\u010dna parijentalna antitijela.<\/li>\n<li>Nefelometrijskim metodom vr\u0161i\u00a0 se mjerenje koncentracije imunoglobulina \u2013 IgG, IgM, IgA, IgE klase; komponenti sistema komplementa C3 i C4,\u00a0 RF.<\/li>\n<li>Imunoenzimskim testom vr\u0161i se odre\u0111ivanje specifi\u010dnih IgE na nutritivne, inhalacione i okupacione alergene, lijekove i otrove insekata.<\/li>\n<li>Imunoblot metodom se radi ANA profil i liver profil.<\/li>\n<li>Luminex metodom se vr\u0161i detekcija i kvantifikacija u okviru slijede\u0107ih autoimunih panela:\n<ul>\n<li>\u00a0ANA (9 parametarski ANA profil)<\/li>\n<li>\u00a0Panel reaktivnih antitijela (PRA)<\/li>\n<\/ul>\n<\/li>\n<li>Ostalo (Pogledati u index-u usluga)<\/li>\n<\/ul>\n<p><span style=\"color: #194f8a;\"><strong>4. Odjeljenje za molekularnu mikrobiologiju, virusologiju sa serologijom \u00a0<\/strong><\/span><br \/>\n<strong>\u0160ef Odjeljenja:<\/strong> Prim.dr Zineta Delibegovi\u0107 specijalista mikrobiologije sa parazitologijom<br \/>\nTel. ++ 387 35 303 561<br \/>\ne-mail:zineta.delibegovic@ukctuzla.ba<br \/>\n<strong>Odgovorni laboratorijski tehni\u010dar<\/strong>:Mirel Suljetovi\u0107, dipl.med.lab.ing.<br \/>\nTel. ++ 387 35 303 563<br \/>\ne-mail: mirel.suljetovic@ukctuzla.ba<\/p>\n<p><strong>4.1. Laboratorij za molekularnu mikrobiologiju<\/strong><br \/>\n<strong>4.2. Laboratorij za virusologiju<\/strong><br \/>\n<strong>4.3. Laboratorij za serologiju<\/strong><\/p>\n<p><strong>Uposlenici Odjeljenja<\/strong><\/p>\n<p><strong>Diplomirani laboratorijski in\u017eenjer:<\/strong><\/p>\n<p>Murisa Be\u0161irovi\u0107, dip.ing.med.lab.dijag.<\/p>\n<p><strong>Profesori biologije:<\/strong><\/p>\n<p>Doc.dr.sci. Jasmina Smajlovi\u0107, Dip.ing.biologije<\/p>\n<p>Doc.dr.sci. Emir Halilovi\u0107<\/p>\n<p>&nbsp;<\/p>\n<p><strong>Laboratoriski tehni\u010dar:<\/strong><br \/>\n\u0160evala Mehi\u010di\u0107<\/p>\n<p>&nbsp;<\/p>\n<p><strong>Sadr\u017eaj rada:<\/strong><\/p>\n<ul>\n<li>Posredno dokazivanje infekcija sa bakterijama, gljivama, parazitima i virusima metodama dokazivanja antitijela u serumu<\/li>\n<li>Neposredno dokazivanje infekcija sa bakterijama, gljivama i virusima dokazivanjem njihovih antigena u uzorcima<\/li>\n<li>Neposredno dokazivanje infekcija detekcijom nukleinskih kiselina mikroorganizama metodom hibridizacije i amplifikacije nukleinskih kiselina (PCR)<\/li>\n<\/ul>\n<p><strong>Metode koje se koriste:<\/strong><\/p>\n<ul>\n<li>Imunofluorescentni test<\/li>\n<li>ELISA test<\/li>\n<li>Inunohromatografski testovi<\/li>\n<li>Western blot\/Immunoblot testovi<\/li>\n<li>Reakcije aglutinacije<\/li>\n<li>Reakcije precipitacije<\/li>\n<li>Nefelometrijski metod<\/li>\n<li>Hemiluminiscedntni testovi<\/li>\n<li>PCR<\/li>\n<li>PCR\/Hibridizacijski tetsovi<\/li>\n<li>Real time PCR<\/li>\n<\/ul>\n<p><strong>Testovi koji se rade:<\/strong><\/p>\n<ul>\n<li>Reakcijom aglutinacije vr\u0161i se detekcija antitijela:\u00a0 na brucelozu.<\/li>\n<li>Reakcijom precipitacije vr\u0161i se odre\u0111ivanje antikardiolipinskih antitijela (RPR)<\/li>\n<li>Nefelometrijom se vr\u0161i odre\u0111ivanje AST-O i ADN-aza B<\/li>\n<li>Indirektnim IF testom vr\u0161i se detekcija antitijela na: respiratorne patogene, patogene koji izazaivaju infekcije CNS, Myocarditisa, Respiratorne infekcije te odre\u0111ivanje titra antitijela u serumu za\u00a0 Chlamydiae, Listeriae, Legionellae, Bartonella haenselae, Riketsiae<\/li>\n<li>ELISA testom vr\u0161i se detekcija i odre\u0111ivanje titra antitijela na: CMV, EBV, Rubella virus, Morbilli virus, HSV 1 i 2, Mumps, Parvo virus B19, Enteroviruse, Adenoviruse, Coxsackie virusi, Hantan virus, West nile virus, markere virusnih hepatitisa HAV, HBV, HCV, Brucellae, Coxiella, Francisella, Helicobacter, Leptospirae, Borreliae, Bordetella, Mycoplasma, Echinococcus, Cysticercosis,Toxoplasma, Toxocara, Trichinella, Candida, Apergillu<\/li>\n<li>Westernblot kao potvrdni test za infekciju sa Borrelia burgdorferii sensu lato, Treponema pallidum.<\/li>\n<li>Immonoblot testovi za Hantan viruse,<\/li>\n<li>\u00a0Real time PCR vr\u0161i se detekcija i kvantifikacija nukleinskih kiselina za viruse i bakterije: CMV, HBV,\u00a0 HCV, HIV, EBV, Parvovirus, JC\/BK virus, Entero viruse, Clostridium diffcile, Chlamydia trachomatis.<\/li>\n<li>Genotipizacija HCV, HBV<\/li>\n<li>Rezistencija na lamivudin i entecavir za HBV<\/li>\n<li>HBV Precore\/Core mutacije<\/li>\n<li>Quantiferon TB gold test<\/li>\n<li>Ostalo (Pogledati u index-u usluga)<\/li>\n<\/ul>\n<p><a href=\"https:\/\/www.ukctuzla.ba\/ukctuzla\/wp-content\/uploads\/2017\/10\/Index-usluga-Zavod-za-mikrobiologiju3102022.pdf\" target=\"_blank\" rel=\"noopener\">Index usluga -Zavod za mikrobiologiju<\/a> <em>(Podaci a\u017eurirani 3.10.2022.god.)<\/em><\/p>\n","protected":false},"excerpt":{"rendered":"<p>\u0160ef Zavoda: Tel. ++ 387 35 303 536 e-mail: nijaz.tihic@ukctuzla.ba Odgovorni tehni\u010dar: Mubera Kutlovac, vi\u0161i laboratorijski tehni\u010dar Tel: ++ 387 35 303 568 e-mail: mubera.kutlovac@ukctuzla.ba Prijemna ambulanta: Tel.++ 387 35 303 511 Informacije o nalazima: Tel.++ 387 35 303 511 (od 12-14,00 sati) Djelatnost Zavoda Zavod za mikrobiologiju ima tri podru\u010dja djelovanja, a to su:&hellip;<\/p>\n","protected":false},"author":1,"featured_media":16294,"parent":0,"menu_order":0,"comment_status":"closed","ping_status":"closed","template":"","meta":{"footnotes":""},"class_list":["post-552","page","type-page","status-publish","has-post-thumbnail","hentry","description-off"],"_links":{"self":[{"href":"https:\/\/www.ukctuzla.ba\/ukctuzla\/index.php?rest_route=\/wp\/v2\/pages\/552","targetHints":{"allow":["GET"]}}],"collection":[{"href":"https:\/\/www.ukctuzla.ba\/ukctuzla\/index.php?rest_route=\/wp\/v2\/pages"}],"about":[{"href":"https:\/\/www.ukctuzla.ba\/ukctuzla\/index.php?rest_route=\/wp\/v2\/types\/page"}],"author":[{"embeddable":true,"href":"https:\/\/www.ukctuzla.ba\/ukctuzla\/index.php?rest_route=\/wp\/v2\/users\/1"}],"replies":[{"embeddable":true,"href":"https:\/\/www.ukctuzla.ba\/ukctuzla\/index.php?rest_route=%2Fwp%2Fv2%2Fcomments&post=552"}],"version-history":[{"count":22,"href":"https:\/\/www.ukctuzla.ba\/ukctuzla\/index.php?rest_route=\/wp\/v2\/pages\/552\/revisions"}],"predecessor-version":[{"id":13654,"href":"https:\/\/www.ukctuzla.ba\/ukctuzla\/index.php?rest_route=\/wp\/v2\/pages\/552\/revisions\/13654"}],"wp:featuredmedia":[{"embeddable":true,"href":"https:\/\/www.ukctuzla.ba\/ukctuzla\/index.php?rest_route=\/wp\/v2\/media\/16294"}],"wp:attachment":[{"href":"https:\/\/www.ukctuzla.ba\/ukctuzla\/index.php?rest_route=%2Fwp%2Fv2%2Fmedia&parent=552"}],"curies":[{"name":"wp","href":"https:\/\/api.w.org\/{rel}","templated":true}]}}