{"id":5530,"date":"2018-02-01T13:16:03","date_gmt":"2018-02-01T12:16:03","guid":{"rendered":"http:\/\/www.ukctuzla.ba\/ukctuzla\/?page_id=5530"},"modified":"2018-02-13T12:36:12","modified_gmt":"2018-02-13T11:36:12","slug":"informacije-sa-sjednica-upravnog-odbora-jzu-ukc-tuzla","status":"publish","type":"page","link":"https:\/\/www.ukctuzla.ba\/ukctuzla\/?page_id=5530&lang=bs","title":{"rendered":"Informacije sa  sjednica Upravnog odbora JZU UKC Tuzla"},"content":{"rendered":"<p>12.2.2018.<br \/>\n<strong>Informacija sa sjednice Upravnog odbora<\/strong><br \/>\nU \u010detvrtak 08.02.2018. godine Upravni odbor Javne zdravstvene ustanove Univerzitetski klini\u010dki centar Tuzla odr\u017eao je 5. vanrednu sjednicu na kojoj je usvojen Izvje\u0161taj Centralne popisne komisije o izvr\u0161enom popisu sredstava i izvora sredstava Ustanove sa stanjem na dan 31.12.2017. godine (Elaborat o godi\u0161njem popisu za 2017. godinu), kao i niz odluka u vezi sa realizacijom preporuka iz ovog Izvje\u0161taja.<\/p>\n<p>&nbsp;<\/p>\n<p>31.1.2018.<br \/>\n<strong>Informacija sa sjednice Upravnog odbora<\/strong><\/p>\n<p>Upravni odbor Javne zdravstvene ustanove Univerzitetski klini\u010dki centar Tuzla odr\u017eao je u utorak 30.01.2018. godine 28. redovnu sjednicu. Na sjednici je usvojen Izvje\u0161taj o radu Upravnog odbora za 2017. godinu i donesen Okvirni plan rada Upravnog odbora do kraja mandatnog perioda. Tako\u0111er, usvojen je Izvje\u0161taj o radu Slu\u017ebe za internu reviziju za 2017. godinu.<\/p>\n<p>Upravni odbor je donio Pravilnik o izmjenama i dopunama Pravilnika o unutra\u0161njoj organizaciji i sistematizaciji radnih mjesta, kojim se uvode odre\u0111ene organizacione promjene na Klinici za ginekologiju i aku\u0161erstvo.<\/p>\n<p>Doneseno je nekoliko odluka o davanju saglasnosti Direktoru Ustanove za potpisivanje ugovora i okvirnih sporazuma iz oblasti javnih nabavki, te je izmijenjen i dopunjen Plan javnih nabavki za 2018. godinu.<\/p>\n<p>Upravni odbor je dao saglasnost Direktoru Ustanove za imenovanje na\u010delnika organizacionih jedinica nakon okon\u010danog postupka po prethodno raspisanom Internom oglasu.<\/p>\n","protected":false},"excerpt":{"rendered":"<p>12.2.2018. Informacija sa sjednice Upravnog odbora U \u010detvrtak 08.02.2018. godine Upravni odbor Javne zdravstvene ustanove Univerzitetski klini\u010dki centar Tuzla odr\u017eao je 5. vanrednu sjednicu na kojoj je usvojen Izvje\u0161taj Centralne popisne komisije o izvr\u0161enom popisu sredstava i izvora sredstava Ustanove sa stanjem na dan 31.12.2017. godine (Elaborat o godi\u0161njem popisu za 2017. godinu), kao i&hellip;<\/p>\n","protected":false},"author":2,"featured_media":16294,"parent":0,"menu_order":0,"comment_status":"closed","ping_status":"closed","template":"","meta":{"footnotes":""},"class_list":["post-5530","page","type-page","status-publish","has-post-thumbnail","hentry","description-off"],"_links":{"self":[{"href":"https:\/\/www.ukctuzla.ba\/ukctuzla\/index.php?rest_route=\/wp\/v2\/pages\/5530","targetHints":{"allow":["GET"]}}],"collection":[{"href":"https:\/\/www.ukctuzla.ba\/ukctuzla\/index.php?rest_route=\/wp\/v2\/pages"}],"about":[{"href":"https:\/\/www.ukctuzla.ba\/ukctuzla\/index.php?rest_route=\/wp\/v2\/types\/page"}],"author":[{"embeddable":true,"href":"https:\/\/www.ukctuzla.ba\/ukctuzla\/index.php?rest_route=\/wp\/v2\/users\/2"}],"replies":[{"embeddable":true,"href":"https:\/\/www.ukctuzla.ba\/ukctuzla\/index.php?rest_route=%2Fwp%2Fv2%2Fcomments&post=5530"}],"version-history":[{"count":3,"href":"https:\/\/www.ukctuzla.ba\/ukctuzla\/index.php?rest_route=\/wp\/v2\/pages\/5530\/revisions"}],"predecessor-version":[{"id":5557,"href":"https:\/\/www.ukctuzla.ba\/ukctuzla\/index.php?rest_route=\/wp\/v2\/pages\/5530\/revisions\/5557"}],"wp:featuredmedia":[{"embeddable":true,"href":"https:\/\/www.ukctuzla.ba\/ukctuzla\/index.php?rest_route=\/wp\/v2\/media\/16294"}],"wp:attachment":[{"href":"https:\/\/www.ukctuzla.ba\/ukctuzla\/index.php?rest_route=%2Fwp%2Fv2%2Fmedia&parent=5530"}],"curies":[{"name":"wp","href":"https:\/\/api.w.org\/{rel}","templated":true}]}}