{"id":554,"date":"2017-10-10T12:51:58","date_gmt":"2017-10-10T11:51:58","guid":{"rendered":"http:\/\/10.0.0.65\/ukctuzla3\/?page_id=554"},"modified":"2023-01-27T13:37:25","modified_gmt":"2023-01-27T12:37:25","slug":"zavod-za-biohemiju","status":"publish","type":"page","link":"https:\/\/www.ukctuzla.ba\/ukctuzla\/?page_id=554&lang=bs","title":{"rendered":"ZAVOD ZA BIOHEMIJU"},"content":{"rendered":"<p style=\"text-align: justify;\"><strong>\u0160ef Zavoda za biohemiju:<\/strong> Doc.dr.med.sci. Fatima Huki\u0107,specijalista medicinske biohemije<br \/>\nTel. ++ 387 35 303 502<br \/>\ne-mail: fatima.hukic@ukctuzla.ba<br \/>\n<strong>Odgovorni tehni\u010dar:<\/strong> Nisveta Puran, vi\u0161i laboratorijski tehni\u010dar<br \/>\nTel: ++ 387 35 303 525<br \/>\ne-mail: nisveta.puran@ukctuzla.ba<\/p>\n<p><strong>Djelatnost Zavoda<\/strong><br \/>\nZavod za biohemiju je specijalizovana zdravstvena ustanova za biohemijsku i hematolo\u0161ku laboratorijsku dijagnostiku. Prema obimu obra\u0111enih uzoraka i vrsti analiza nalazi se\u00a0 u samom vrhu laboratorijskih dijagnosti\u010dkih ustanova u Bosni i Hercegovini. Radno vrijeme je svaki dan u\u00a0 od 0-24 sata.<br \/>\nLaboratorijski program Zavoda je baziran na oko 200 razli\u010ditih vrsta pretraga krvi, sekreta, ekskreta i stolice, koje se obra\u0111uju savremenim metodama, na savremenoj opremi, kako bi se zadovoljili svi zahtjevi potra\u017eioca usluga. Dijagnosti\u010dki postupci Zavoda velikim su dijelom slu\u017ee za potrebe visokodiferencirane dijagnostike i lije\u010denja, te zbog toga zahtijevaju stru\u010dan kadar i iskustvo. Osim broja pretraga\u00a0 imperativ u radu predstavljaju svakodnevne unutarnje kontrole i redovna Republi\u010dka kontrola, koja se obavlja dva puta godi\u0161nje.<br \/>\nUz temeljni stru\u010dni rad,\u00a0 Zavod za biohemiju od 2007.godine slu\u017ei kao nastavna baza za prakti\u010dne vje\u017ebe za potrebe Farmaceutskog fakultata u Tuzli iz predmeta Op\u0161ta i Klini\u010dka biohemija. Tako\u0111er, Zavod u\u010destvuje u edukaciji zdravstvenih uposlenika srednjeg, vi\u0161eg i visokog kadra. Brojna su mentorstva specijalizantima iz Medicinske biohemije i drugih usmjerenja. Zavod u\u010destvuje i u projektima na nivou mati\u010dne ustanove kao i Bosne i Hercegovine.<br \/>\nZavod posjeduje savremenu visokokompjuteriziranu opremu odabranu po Standardima IFCC (International Federation Clinical Chemistry and Laboratory Medicine).<\/p>\n<p><strong>Organizaciona struktura Zavoda<\/strong><br \/>\nOdjeljenje za biohemiju<br \/>\nOdjeljenje za hematologiju<br \/>\nOdjeljenje za urgentni program<\/p>\n<p><strong><span style=\"color: #225d94;\">ODJELJENJE ZA BIOHEMIJU<\/span><\/strong><br \/>\n<strong>\u0160ef Odjeljenja za biohemiju<\/strong>:Mr.sci. Alma Osmi\u0107 Husni spec.med.biohemije<\/p>\n<p>e-mail: alma.osmichusni@ukctuzla.ba<br \/>\n<strong>Odgovorni laboratorijski tehni\u010dar<\/strong>: D\u017eenuma Suljkanovi\u0107, vi\u0161i lab.tehni\u010dar<\/p>\n<p>e-mail: dzenuma.suljkanovic@ukctuzla.ba<\/p>\n<p>Laboratorija:<br \/>\nTel.++ 387 35 303 516; 303 572<\/p>\n<p><strong>Uposlenici Odjeljenja<\/strong><\/p>\n<p><strong>Kordinatori tima:<\/strong><br \/>\nDr. Nusret Butkovi\u0107 spec.medicinske biohemije<br \/>\nMr.med.sci.dr.Danijela Babi\u0107 Maksimovi\u0107 spec.medicinske biohemije<br \/>\nmr.ph.Anja Divkovi\u0107 spec.medicinske biohemije i laboratorijske dijagnostike<br \/>\nDr.sci. Emir Trna\u010devi\u0107 spec.medicinske biohemije i laboratorijske dijagnostike<\/p>\n<p><strong>Diplomirani laboratorijski in\u017einjeri:<\/strong><br \/>\nZorica Mirosavljevi\u0107<br \/>\nMirza Ba\u010di\u0107<br \/>\nArmin Kari\u0107<br \/>\nMerima Hasanhod\u017ei\u0107<br \/>\nHasret Sulji\u0107<br \/>\nSabina \u0110ulbi\u0107<\/p>\n<p><strong>Laboratoriski tehni\u010dari:<\/strong><br \/>\nAdvija Kadri\u0107<br \/>\nVesna \u0160adi\u0107<br \/>\nLjiljana Popovi\u0107<br \/>\nAdela Jahi\u0107<br \/>\nIndira Krivali\u0107<\/p>\n<p><strong>Odjeljenje za biohemiju je podijeljeno na slijede\u0107e timove:<\/strong><\/p>\n<ul>\n<li style=\"text-align: justify;\">Tim za supstrate<\/li>\n<li style=\"text-align: justify;\">Tim za enzime,<\/li>\n<li style=\"text-align: justify;\">Tim za proteine,<\/li>\n<li style=\"text-align: justify;\">Tim za elektrolite i ABS,<\/li>\n<li style=\"text-align: justify;\">Tim za metabolite,<\/li>\n<li style=\"text-align: justify;\">Tim za toksikologiju,<\/li>\n<li style=\"text-align: justify;\">Tim za lipide i vitamine,<\/li>\n<li style=\"text-align: justify;\">Tim za hormone i urine<\/li>\n<\/ul>\n<p>&nbsp;<\/p>\n<p><strong>Djelatnost Odjeljenja:<\/strong><\/p>\n<ul>\n<li>Laboratorijska dijagnostika biohemijskih parametara: glukoze u serumu i likvoru, uree, kreatinina, urata, ukupnog, konjugiranog i nekonjugiranog bilirubina, neonatalnog bilirubina metodom kineti\u010dke spektrofotometrije, preporu\u010denim po IFCC-u;<\/li>\n<li>Odre\u0111ivanje HbA1c i , parametara regulacije glukoze u krvi imunohemijskom tehnikom, po IFCC-u;<\/li>\n<li>Odre\u0111ivanje enzima: ALP, LDH, amilaze, pseudoholinesteraze, GGT, lipaze, kineti\u010dkom spektrofotometrijom u UV podru\u010dju, po IFCC-u;<\/li>\n<li>Laboratorijska dijagnostika infarkta miokarda: troponin, mioglobin, AST, ALT, CK, CKMB, imunohemijskom metodom, metodom kineti\u010dke spektrofotometrije, imunoturbidimetrijom u UV podru\u010dju, po IFCC-u;<\/li>\n<li>Odre\u0111ivanje minerala: Ca, P, Na, K, Mg, Cl, Fe, TIBC, UIBC,Cu metodom kineti\u010dke spektrofotometrije i indirektne potenciometrije, po IFCC-u;<\/li>\n<li>Odre\u0111ivanje koncentracije antiepileptika u krvi: fenobarbiton, karbamazepin, valproi\u010dna kiselina, fenitoin savremenom CMIA metodom<\/li>\n<li>Odre\u0111ivanje imunosupresiva: ciklosporin i takrolimus najsavremenijom tehnikom CMIA (usavr\u0161ena metoda kemiluminiscencije);<\/li>\n<li>Odre\u0111ivanje tumorskih markera: CEA, AFP, TPSA, free PSA, Ca15-3, Ca19-9, hormon paratiroidne \u017eljizde viitamina, B12 i D vitamina (metoda CMIA)<\/li>\n<li>Procjena rizika ateroskleroze putem mjerenja holesterola, triglicerida, HDL i LDL holesterola, APO A i APO B lipoproteina metodom kineti\u010dke spektrofotometrije i imunonefelometrije;<\/li>\n<li>Odre\u0111ivanje IgG,\u00a0 likvoru, \u03ba i \u03bb lakih lanaca u serumu i urinu, , fibrinogena, mikroalbumina, feritina, transferina, \u03b11-antitripsina,\u00a0 haptoglobina metodom imunonefelometrije;<\/li>\n<li>Odre\u0111ivanje:metabolita:hom-5-HIAA,-porfobilinogena,-\u03b4-aminolevulinske kiselineocisteina,\u00df 2-mikroglobulina.( CMIA, turbidimetrija)<\/li>\n<li>pregled urina,spermograma, okultno kvarenje odre\u0111ivanje masti u stolici<\/li>\n<li>\u00a0Odre\u0111ivanje hidroksi i ketosteroida, ukupnih porfirina, koproporfirina, uroporfirina,\u00a0 u 24-satnom urinu u mikrohromatografskim kolonama;<\/li>\n<li>Hemijska analiza konkremenata (kamenca) metaboli\u010dki skrining urina<\/li>\n<\/ul>\n<p>Odjeljenje za biohemiju posjeduje najsavremeniju opremu preporu\u010denu od IFCC, \u010dime je osigurana ta\u010dnost, preciznost, pouzdanost i mjerna sigurnost svih navedenih parametara.<\/p>\n<p><strong><span style=\"color: #225d94;\">ODJELJENJE ZA HEMATOLOGIJU<\/span><\/strong><br \/>\n<strong>\u0160ef Odjeljenja za Hematologiju<\/strong>: Prim.mr.med.sci. Selma mr.ph. Im\u0161iragi\u0107 Zovko, spec.med.biohemije<br \/>\nTel.++ 387 35 303 573<br \/>\ne-mail: selma.zovko@ukctuzla.ba<br \/>\n<strong>Odgovorni laboratorijski tehni\u010dar<\/strong>: Irfan Had\u017ei\u0107, Dip.med.lab.ing.<br \/>\nTel.++ 387 35 303 573<br \/>\ne-mail: irfan.hadzic@ukctuzla.ba<\/p>\n<p><strong>Uposlenici Odjeljenja:<\/strong><br \/>\n<strong>Laboratoriski tehni\u010dari:<\/strong><br \/>\nBudimka Savi\u0107<br \/>\nElvis Husagi\u0107<\/p>\n<p><strong>Odjeljenje za hematologiju je podijeljeno na:<\/strong><\/p>\n<ul>\n<li>Tim za automate-analizatore<\/li>\n<li>Tim za specijalna bojenja<\/li>\n<\/ul>\n<p>&nbsp;<\/p>\n<p><strong>Djelatnost Odjeljanja:<\/strong><br \/>\nStru\u010dna djelatnost Odjeljenja za hematologiju odnosi se na laboratorijsku dijagnostiku krvnog sistema i pra\u0107enja poreme\u0107aja hematolo\u0161kih oboljenja.<\/p>\n<ul>\n<li>anemije<\/li>\n<li>benigne bolesti granulocita i monocita<\/li>\n<li>zlo\u0107udni tumori granulocita i monocita<\/li>\n<li>akutne leukemije<\/li>\n<li>benigne bolesti limfocita<\/li>\n<li>neoplasti\u010dne proliferacije limfocita<\/li>\n<li>bolesti trombocita<\/li>\n<li>transplantacija hematopoeznih mati\u010dnih \u0107elija (bojenje razmaza i brojanje mononukleara)<\/li>\n<li>citohemijske pretrage<\/li>\n<li>kompletan pregled likvora<\/li>\n<li>sedimentacija<\/li>\n<\/ul>\n<p style=\"text-align: justify;\">U hematolo\u0161kom laboratoriju koriste se nove generacije automatskih broja\u010da: Sysmex XE-N1000-DIF), Sysmex XP300 (3DIF), Beckman COULTER DxH, ABBOTT-RUBY\u00a0 (5DIF).<br \/>\nParametri koji se mjere na hematolo\u0161kim broja\u010dima su: WBC, RBC, HGB, HCT, MCV, MC, MCHC, PLT, RDW-SD, RDW-CV, PDW, MPV, P-LCR, PCT, NEUT, LYMPH, MONO, EO, BASO, NRBC, RET, IRF, LFR, MFR, HFR, RET-He.<br \/>\nPored automatskih broja\u010da koriste se osnovne tehnike bojenja perifernih razmaza i njihovo diferenciranje mikroskopskom metodom. Razmazi se prave i boje po ve\u0107 usvojenim procedurama (May-Grunwald-Giemsa, Sudan i dr.)<br \/>\nU svakodnevnom radu rutinski koriste se procedure provjere tehni\u010dke ispravnosti hematolo\u0161kog broja\u010da i provjeru kontrole rezultata.<br \/>\nDva puta godi\u0161nje obavljaju se vanjske kontrole kvalitete koje organizuje Udru\u017eenje biohemi\u010dara Bosne i Hercegovine.<\/p>\n<p><strong>Vanjska kontrola vr\u0161i se za slijede\u0107e parametre:<\/strong><br \/>\nOdre\u0111ivanje diferencijalne leukocitne formule- DKS<\/p>\n<p><span style=\"color: #225d94;\"><strong>ODJELJENJE ZA URGENTNI PROGRAM<\/strong><\/span><br \/>\n<strong>\u0160ef Odjeljenja<\/strong>:\u00a0 Prim.mr.sci.Nada mr.ph. Skoki\u0107,specijalista medicinske biohemije<br \/>\nTel.++ 387 35 303 516<br \/>\ne-mail: nada.skokic@ukctuzla.ba<\/p>\n<p>&nbsp;<\/p>\n<p>&nbsp;<\/p>\n<p><strong>Uposlenici Odjeljenja<\/strong><br \/>\n<strong>Ljekar specijalista:<\/strong><br \/>\nDoc.dr.med.sci.Sehveta Mustafi\u0107 specijalista medicinske biohemije<\/p>\n<p>Diplomirani laboratorijski in\u017einjeri:<br \/>\nDragica \u010caji\u0107<br \/>\nAmrita Bakalovi\u0107<\/p>\n<p><strong>Vi\u0161i laboratoriski tehni\u010dari:<\/strong><br \/>\nBijeli\u0107 Mevlida<br \/>\nMujki\u0107 Melika<\/p>\n<p><strong>Laboratorijski tehni\u010dari:<\/strong><br \/>\nSamir Selimovi\u0107<br \/>\nSead Begi\u0107<br \/>\nSanda Halilovi\u0107<br \/>\nAmir \u0160migalovi\u0107<br \/>\nZehra Imamovi\u0107<br \/>\nZijada D\u017eelilovi\u0107<br \/>\nEdisa Pepi\u0107 Mehmedovi\u0107<br \/>\nMirzana Suljetovi\u0107<br \/>\nAlma Simi\u0107<br \/>\nAmela Fejzi\u0107<br \/>\nSelmir Plani\u0107<br \/>\nElmedin Muratovi\u0107<br \/>\nSelvedin Gurdi\u0107<br \/>\nSenada Hamzi\u0107<br \/>\nEnisa Nuhanovi\u0107<br \/>\nJasmina Tulumovi\u0107<\/p>\n<p>Koncepcija urgentnog laboratorija je postavljena tako da se pacijentima sa urgentnim stanjima, u \u0161to kra\u0107em vremenu izdaju hitne laboratorijske analize.<\/p>\n<p><strong>Djelatnost Odjeljenja<\/strong><br \/>\nRadiometer-ABL 800, ABL 5 i Cobas b 221 su multiparametarski analizatori na kojima se odre\u0111uju: parametri gasne analize, homeostaza vodikovih jona (pH), jonizirani elektroliti, oximetrija i metaboli\u010dki parametri.Ovisno o tome koji parametar se mjeri na navedenim analizatorima koriste se razli\u010diti mjerni principi (potenciometrijski, amperometrijski ili opti\u010dki).<\/p>\n<p>&nbsp;<\/p>\n<table style=\"height: 421px;\" width=\"745\">\n<tbody>\n<tr>\n<td><span style=\"color: #800000;\">Grupa parametara<\/span><\/td>\n<td><span style=\"color: #000080;\">Parametri<\/span><\/td>\n<\/tr>\n<tr>\n<td><span style=\"color: #800000;\">pH\/gas u krvi<\/span><\/td>\n<td><span style=\"color: #000080;\">pH , PCO2,pO2<\/span><\/td>\n<\/tr>\n<tr>\n<td><span style=\"color: #800000;\">Oksimetrija<\/span><\/td>\n<td><span style=\"color: #000080;\">ctHb(ukupna koncentracija hemoglobina)<\/span><br \/>\n<span style=\"color: #000080;\"> sO2(saturacija kisika)<\/span><br \/>\n<span style=\"color: #000080;\"> FO2Hb(frakcija oksihemoglobina u ukupnom hemoglobinu)<\/span><br \/>\n<span style=\"color: #000080;\"> FCOHb(frakcija karboksihemoglobina u ukupnom hemoglobinu)<\/span><br \/>\n<span style=\"color: #000080;\"> FHHb(frakcija deoksihemoglobina u ukupnom hemoglobinu)<\/span><br \/>\n<span style=\"color: #000080;\"> FmetHb(frakcija methemoglobina u ukupnom hemoglobinu)<\/span><br \/>\n<span style=\"color: #000080;\"> FHbF(frakcija deoksihemoglobina u ukupnom hemoglobinu)<\/span><\/td>\n<\/tr>\n<tr>\n<td><span style=\"color: #800000;\">Elektroliti<\/span><\/td>\n<td><span style=\"color: #000080;\">cK+(koncentracija jona kalija)<\/span><br \/>\n<span style=\"color: #000080;\"> cNa+( koncentracija jona natrija)<\/span><br \/>\n<span style=\"color: #000080;\"> cCa2+( koncentracija jona kalcija)<\/span><br \/>\n<span style=\"color: #000080;\"> cCl-( koncentracija jona hlorida)<\/span><\/td>\n<\/tr>\n<tr>\n<td><span style=\"color: #800000;\">Supstrati<\/span><\/td>\n<td><span style=\"color: #000080;\">cGlu( koncentracija D-glukoze)<\/span><br \/>\n<span style=\"color: #000080;\"> cLac(koncentracija laktata)<\/span><br \/>\n<span style=\"color: #000080;\"> ctBil(koncentracija ukupnog bilirubina u plazmi)<\/span><br \/>\n<span style=\"color: #000080;\"> cCrea(koncentracija kreatinina u krvi)<\/span><\/td>\n<\/tr>\n<\/tbody>\n<\/table>\n<p style=\"text-align: justify;\"><strong>Na biohemijskom analizatoru Dimension RXL Max, ARCHITECT-i8200,\u00a0 BC-AU480 koji radi na principu spektrofotometrijskog mjerenja vr\u0161e se analize:<\/strong><\/p>\n<table style=\"font-style: inherit; font-weight: inherit; height: 1015px;\" width=\"745\">\n<tbody>\n<tr style=\"font-style: inherit; font-weight: inherit;\">\n<td style=\"font-style: inherit; font-weight: inherit;\"><strong><span style=\"font-style: inherit; color: #800000;\">Grupa parametara<\/span><\/strong><\/td>\n<td style=\"font-style: inherit; font-weight: inherit;\"><strong><span style=\"font-style: inherit; color: #0000ff;\">Parametri<\/span><\/strong><\/td>\n<td style=\"font-style: inherit; font-weight: inherit;\"><\/td>\n<\/tr>\n<tr style=\"font-style: inherit; font-weight: inherit;\">\n<td style=\"font-style: inherit; font-weight: inherit;\"><span style=\"font-style: inherit; font-weight: inherit; color: #800000;\">Supstrati u serumu i urinu<\/span><\/td>\n<td style=\"font-style: inherit; font-weight: inherit;\"><\/td>\n<td style=\"font-style: inherit; font-weight: inherit;\"><\/td>\n<\/tr>\n<tr style=\"font-style: inherit; font-weight: inherit;\">\n<td style=\"font-style: inherit; font-weight: inherit;\"><span style=\"font-style: inherit; font-weight: inherit; color: #800000;\">Glukoza u serumu i likvoru<\/span><\/td>\n<td style=\"font-style: inherit; font-weight: inherit;\"><span style=\"font-style: inherit; font-weight: inherit; color: #0000ff;\">GLUC ( koncentracija glukoze u serumu ili likvoru)<\/span><\/td>\n<td style=\"font-style: inherit; font-weight: inherit;\"><\/td>\n<\/tr>\n<tr style=\"font-style: inherit; font-weight: inherit;\">\n<td style=\"font-style: inherit; font-weight: inherit;\"><span style=\"font-style: inherit; font-weight: inherit; color: #800000;\">Urea u serumu i urinu<\/span><\/td>\n<td style=\"font-style: inherit; font-weight: inherit;\"><span style=\"font-style: inherit; font-weight: inherit; color: #0000ff;\">BUN ( Blood Urea Nitrogen) koncentracija uree u serumu i urinu<\/span><\/td>\n<td style=\"font-style: inherit; font-weight: inherit;\"><\/td>\n<\/tr>\n<tr style=\"font-style: inherit; font-weight: inherit;\">\n<td style=\"font-style: inherit; font-weight: inherit;\"><span style=\"font-style: inherit; font-weight: inherit; color: #800000;\">Bilirubini u serumu<\/span><\/td>\n<td style=\"font-style: inherit; font-weight: inherit;\"><span style=\"font-style: inherit; font-weight: inherit; color: #0000ff;\">TBIL koncentracija ukupnog bilirubina u serumu<br \/>\nDBIL koncentracija direktnog bilirubina u serumu<\/span><\/td>\n<td style=\"font-style: inherit; font-weight: inherit;\"><\/td>\n<\/tr>\n<tr style=\"font-style: inherit; font-weight: inherit;\">\n<td style=\"font-style: inherit; font-weight: inherit;\"><span style=\"font-style: inherit; font-weight: inherit; color: #800000;\">Kreatinin u serumu i urinu<\/span><\/td>\n<td style=\"font-style: inherit; font-weight: inherit;\"><span style=\"font-style: inherit; font-weight: inherit; color: #0000ff;\">CREA koncentracija kreatinina u serumu i urinu<\/span><\/td>\n<td style=\"font-style: inherit; font-weight: inherit;\"><\/td>\n<\/tr>\n<tr style=\"font-style: inherit; font-weight: inherit;\">\n<td style=\"font-style: inherit; font-weight: inherit;\"><span style=\"font-style: inherit; font-weight: inherit; color: #800000;\">Amonijak<\/span><\/td>\n<td style=\"font-style: inherit; font-weight: inherit;\"><span style=\"font-style: inherit; font-weight: inherit; color: #0000ff;\">Koncentracija amonijaka u plazmi<\/span><\/td>\n<td style=\"font-style: inherit; font-weight: inherit;\"><\/td>\n<\/tr>\n<tr style=\"font-style: inherit; font-weight: inherit;\">\n<td style=\"font-style: inherit; font-weight: inherit;\"><span style=\"font-style: inherit; font-weight: inherit; color: #800000;\">Laktati<\/span><\/td>\n<td style=\"font-style: inherit; font-weight: inherit;\"><span style=\"font-style: inherit; font-weight: inherit; color: #0000ff;\">Koncentracija laktata u plazmi<\/span><\/td>\n<td style=\"font-style: inherit; font-weight: inherit;\"><\/td>\n<\/tr>\n<tr style=\"font-style: inherit; font-weight: inherit;\">\n<td style=\"font-style: inherit; font-weight: inherit;\"><span style=\"font-style: inherit; font-weight: inherit; color: #800000;\">Enzimi u serumu<\/span><\/p>\n<p><span style=\"color: #800000;\">Kardia\u010dni parametri<\/span><\/td>\n<td style=\"font-style: inherit; font-weight: inherit;\"><span style=\"font-style: inherit; font-weight: inherit; color: #0000ff;\">AMY(aktivnost amilaze u serumu i urinu)<br \/>\nALT ( aktivnost alaninaminotransferaze u serumu)<br \/>\nAST ( aktivnost aspartataminotransferaze u serumu),<br \/>\nLDH( aktivnost Laktat dehidrogenaza u serumu),<br \/>\nCK(aktivnost kreatin kinaze u serumu)<br \/>\nMMB \u2013Maseni Creatin Kinasa MB- princip EIA-enzimski imunoesej<br \/>\nCTNI- troponin I-princip EIA-enzimski imunoesej<\/span><\/td>\n<td style=\"font-style: inherit; font-weight: inherit;\"><\/td>\n<\/tr>\n<tr style=\"font-style: inherit; font-weight: inherit;\">\n<td style=\"font-style: inherit; font-weight: inherit;\"><span style=\"font-style: inherit; font-weight: inherit; color: #800000;\">Proteini u serumu i likvoru<\/span><\/td>\n<td style=\"font-style: inherit; font-weight: inherit;\"><span style=\"font-style: inherit; font-weight: inherit; color: #0000ff;\">TP- ukupni proteni- modifikacija Biuret<br \/>\nALB- albumini- Bromcresol Purple<br \/>\nRCRP- turbidimetrijski imunoesej (PETIA)<\/span><\/td>\n<td style=\"font-style: inherit; font-weight: inherit;\"><\/td>\n<\/tr>\n<tr style=\"font-style: inherit; font-weight: inherit;\">\n<td style=\"font-style: inherit; font-weight: inherit;\"><span style=\"font-style: inherit; font-weight: inherit; color: #800000;\">Elektroliti<\/span><\/td>\n<td style=\"font-style: inherit; font-weight: inherit;\"><span style=\"font-style: inherit; font-weight: inherit; color: #0000ff;\">cK+(koncentracija jona kalija)-IMT-indirektna metoda<br \/>\ncNa+( koncentracija jona natrija)-IMT-indirektna metoda<br \/>\ncCa2+( koncentracija jona kalcija)- o-Krezolftalein kompkeks<br \/>\ncCl-( koncentracija jona hlorida)- IMT-indirektna metoda<\/span><\/td>\n<td style=\"font-style: inherit; font-weight: inherit;\"><\/td>\n<\/tr>\n<tr style=\"font-style: inherit; font-weight: inherit;\">\n<td style=\"font-style: inherit; font-weight: inherit;\"><span style=\"font-style: inherit; font-weight: inherit; color: #800000;\">Hormoni i tumor markeri, imunosupresiv<\/span><\/td>\n<td style=\"font-style: inherit; font-weight: inherit;\"><span style=\"font-style: inherit; font-weight: inherit; color: #0000ff;\">\u03b2-HCG, humani korionski gonadotropin<\/span><\/p>\n<p><span style=\"font-style: inherit; font-weight: inherit; color: #0000ff;\">Takrolimus<\/span><\/td>\n<td style=\"font-style: inherit; font-weight: inherit;\"><span style=\"font-style: inherit; font-weight: inherit; color: #003300;\">Architect i2000, imunohemijskom<br \/>\nmetodom kemiluminescencije (CMIA)<\/span><\/td>\n<\/tr>\n<tr style=\"font-style: inherit; font-weight: inherit;\">\n<td style=\"font-style: inherit; font-weight: inherit;\"><span style=\"font-style: inherit; font-weight: inherit; color: #800000;\">Koncentracija lijekova u<br \/>\nserumu i imunosupresiva<\/span><\/td>\n<td style=\"font-style: inherit; font-weight: inherit;\"><span style=\"color: #0000ff;\"><span style=\"font-style: inherit; font-weight: inherit;\">Karbamazepin<\/span><span style=\"font-style: inherit; font-weight: inherit;\">Fenobarbiton<\/span><span style=\"font-style: inherit; font-weight: inherit;\">Valproi\u010dnu kiselina<\/span><span style=\"font-style: inherit; font-weight: inherit;\">Ciklosporin (puna krv)<\/span><span style=\"font-style: inherit; font-weight: inherit;\">Salicilati u serumu<\/span><\/span><\/td>\n<td style=\"font-style: inherit; font-weight: inherit;\"><span style=\"color: #003300;\"><span style=\"font-style: inherit; font-weight: inherit;\">AXSYM(princip fluorescentne polarizacije, FPIA)<\/span><span style=\"font-style: inherit; font-weight: inherit;\"><br \/>\nSpektrofotometrijski<\/span><\/span><\/td>\n<\/tr>\n<tr style=\"font-style: inherit; font-weight: inherit;\">\n<td style=\"font-style: inherit; font-weight: inherit;\"><span style=\"font-style: inherit; font-weight: inherit; color: #800000;\">Sredstva ovisnosti u urinu<\/span><\/td>\n<td style=\"font-style: inherit; font-weight: inherit;\"><span style=\"color: #0000ff;\"><span style=\"font-style: inherit; font-weight: inherit;\">Alkohol (urin i krv)<\/span><span style=\"font-style: inherit; font-weight: inherit;\">Barbiturati<\/span><span style=\"font-style: inherit; font-weight: inherit;\">Metadon<\/span><span style=\"font-style: inherit; font-weight: inherit;\">Opijati<\/span><span style=\"font-style: inherit; font-weight: inherit;\">Benzodiazepin<\/span><span style=\"font-style: inherit; font-weight: inherit;\">Amfetamin<\/span><span style=\"font-style: inherit; font-weight: inherit;\">Kanabinoidi<\/span><span style=\"font-style: inherit; font-weight: inherit;\">Tricikli\u010dni antidepresivi<\/span><span style=\"font-style: inherit; font-weight: inherit;\">Kokain i metaboliti kokaina<\/span><span style=\"font-style: inherit; font-weight: inherit;\">Fenilciklidin<\/span><span style=\"font-style: inherit; font-weight: inherit;\">Ekstazi<\/span><\/span><\/td>\n<td style=\"font-style: inherit; font-weight: inherit;\"><span style=\"font-style: inherit; font-weight: inherit; color: #003300;\">Viva E (EIA metod)<\/span><\/td>\n<\/tr>\n<tr style=\"font-style: inherit; font-weight: inherit;\">\n<td style=\"font-style: inherit; font-weight: inherit;\"><\/td>\n<td style=\"font-style: inherit; font-weight: inherit;\"><\/td>\n<td style=\"font-style: inherit; font-weight: inherit;\"><\/td>\n<\/tr>\n<\/tbody>\n<\/table>\n<p style=\"text-align: justify;\">U okviru hitne laboratorijske hematologije na hematolo\u0161kom analizatoru Sysmex XP300 koriste\u0107i tri detektorska bloka, odre\u0111uje se 19 hematolo\u0161kih parametara: WBC, LYM, MXD, NEUT, RC, HGB, HCT, MCV, MCH, MCHC, RDW-CV, RDW-SD, PLT, PDW i MPV.<br \/>\nFifizikalno-hemijski pregled urina ( test trake) i mikroskopski pregled sedimenta urina.<br \/>\nSavremena analiti\u010dka oprema i kontinuirana unutarnja i vanjska kontrola kvalitete rada osiguravaju pouzdane laboratorijske nalaze tokom 24 sata<\/p>\n<p style=\"text-align: justify;\">.<\/p>\n<p style=\"text-align: justify;\"><a href=\"https:\/\/www.ukctuzla.ba\/ukctuzla\/wp-content\/uploads\/2017\/10\/Index-usluga-Zavod-za-biohemiju3102022.pdf\" target=\"_blank\" rel=\"noopener\">Index usluga Zavoda za biohemiju<\/a> (<em>Podaci a\u017eurirani 3.10.2022.god.<\/em>)<\/p>\n","protected":false},"excerpt":{"rendered":"<p>\u0160ef Zavoda za biohemiju: Doc.dr.med.sci. Fatima Huki\u0107,specijalista medicinske biohemije Tel. ++ 387 35 303 502 e-mail: fatima.hukic@ukctuzla.ba Odgovorni tehni\u010dar: Nisveta Puran, vi\u0161i laboratorijski tehni\u010dar Tel: ++ 387 35 303 525 e-mail: nisveta.puran@ukctuzla.ba Djelatnost Zavoda Zavod za biohemiju je specijalizovana zdravstvena ustanova za biohemijsku i hematolo\u0161ku laboratorijsku dijagnostiku. Prema obimu obra\u0111enih uzoraka i vrsti analiza nalazi&hellip;<\/p>\n","protected":false},"author":1,"featured_media":16294,"parent":0,"menu_order":0,"comment_status":"closed","ping_status":"closed","template":"","meta":{"footnotes":""},"class_list":["post-554","page","type-page","status-publish","has-post-thumbnail","hentry","description-off"],"_links":{"self":[{"href":"https:\/\/www.ukctuzla.ba\/ukctuzla\/index.php?rest_route=\/wp\/v2\/pages\/554","targetHints":{"allow":["GET"]}}],"collection":[{"href":"https:\/\/www.ukctuzla.ba\/ukctuzla\/index.php?rest_route=\/wp\/v2\/pages"}],"about":[{"href":"https:\/\/www.ukctuzla.ba\/ukctuzla\/index.php?rest_route=\/wp\/v2\/types\/page"}],"author":[{"embeddable":true,"href":"https:\/\/www.ukctuzla.ba\/ukctuzla\/index.php?rest_route=\/wp\/v2\/users\/1"}],"replies":[{"embeddable":true,"href":"https:\/\/www.ukctuzla.ba\/ukctuzla\/index.php?rest_route=%2Fwp%2Fv2%2Fcomments&post=554"}],"version-history":[{"count":21,"href":"https:\/\/www.ukctuzla.ba\/ukctuzla\/index.php?rest_route=\/wp\/v2\/pages\/554\/revisions"}],"predecessor-version":[{"id":13657,"href":"https:\/\/www.ukctuzla.ba\/ukctuzla\/index.php?rest_route=\/wp\/v2\/pages\/554\/revisions\/13657"}],"wp:featuredmedia":[{"embeddable":true,"href":"https:\/\/www.ukctuzla.ba\/ukctuzla\/index.php?rest_route=\/wp\/v2\/media\/16294"}],"wp:attachment":[{"href":"https:\/\/www.ukctuzla.ba\/ukctuzla\/index.php?rest_route=%2Fwp%2Fv2%2Fmedia&parent=554"}],"curies":[{"name":"wp","href":"https:\/\/api.w.org\/{rel}","templated":true}]}}