{"id":5985,"date":"2018-04-19T14:17:08","date_gmt":"2018-04-19T13:17:08","guid":{"rendered":"http:\/\/www.ukctuzla.ba\/ukctuzla\/?page_id=5985"},"modified":"2018-04-20T14:03:32","modified_gmt":"2018-04-20T13:03:32","slug":"tuzlanska-orl-skola","status":"publish","type":"page","link":"https:\/\/www.ukctuzla.ba\/ukctuzla\/?page_id=5985&lang=bs","title":{"rendered":"Tuzlanska ORL \u0161kola"},"content":{"rendered":"<p style=\"text-align: justify;\">Klinika za bolesti uha, grla i nosa ve\u0107 trideset godina organizuje edukativne sastanake na kojima se vr\u0161i razmjena znanja i iskustava me\u0111u ekspertima na podru\u010dju otorinolaringologije. Kontinuirana edukacija medicinskog osoblja je imperativ za uspje\u0161an rad na ovom podru\u010dju medicine. &#8220;Tuzlanska ORL \u0161kola&#8221; je postala mjesto kontinuirane edukacije medicinskog osoblja koje se bavi otorinolaringologijom. Ova \u0161kola se odvija kroz razli\u010dite sastanke, seminare, radionice, videokonferencije i druge oblike edukacije.<br \/>\nPo\u010deci Tuzlanske ORL \u0161kole ve\u017eu se za jesen 1979. godine, kada je odr\u017ean sastanak ENT sekcije u BiH pod naslovom &#8220;Tonzilarni problemi&#8221;.<br \/>\nU organizaciji Klinike za bolesti uha, grla i nosa i Tuzlanske ORL \u0161kole u Tuzli je 1988. godine odr\u017ean zna\u010dajan skup &#8220;Verbotonski dani&#8221; koji je bio namjenjen u\u010denicima sa posebnim potrebama. U\u010desnici ovog skupa bili su sa podru\u010dja cijele Jugoslavije, a predava\u010di uva\u017eeni stru\u010dnjaci sa instituta SUVAG iz Zagreba predvo\u0111eni akademikom prof.dr. Petrom Guberinom.<\/p>\n<p style=\"text-align: justify;\">Razvoj kompjuterske znanosti i telekomunikacija doveo je do mogu\u0107nosti komuniciranja me\u0111u ljudima na velikim udaljenostima. Prepoznav\u0161i zna\u010daj telekomunikacije Klinika za bolesti uha, grla i nosa organizuje tri videokonferencije. Prva videokonferencija organizovana je sa ORL klinikom AKH iz Be\u010da. Konferencija je odr\u017eana 20 maja 2003. godine, a predava\u010d je bio prof.dr. Dieter Wollf Baumgartner. Predavanja ovog eminentnog stru\u010dnjaka u Tuzli je pratilo preko 80studenata medicinskog fakulteta i defektologije.<br \/>\nDruga videokonferencija je odr\u017eana 21.5.2005. godine izme\u0111u UCDED Tuzla i ambasade Velike Britanije u Beogradu. Predavanje na temu &#8221; Kohlearna implantacija kod djece sa vi\u0161estrukim invaliditetom&#8221;je odr\u017eao dr. Dagmara Herrmanova iz \u010ce\u0161ke Republike.<br \/>\nKlinika za bolesti uha, grla i nosa je 10.5.2006. godine preko UCDEED-a uspostavila vezu i sa operacionom salom u Marselju (Francuska), te u Man\u010desteru (Engleska) i na taj na\u010din tuzlanskim otorinolaringolozima omogu\u0107ila pra\u0107enje dvije operacije putem video veze sa mogu\u0107no\u0161\u0107u interaktivnog sudjelovanja. Ovaj program nazvan je &#8220;Live International Otolaryngology Network&#8221; (&#8220;LION&#8221;) i uklju\u010dio je 11 ORL klinika \u0161irom svijeta.<\/p>\n<p style=\"text-align: justify;\">Klinika za bolesti uha, grla i nosa nastavlja sa organizacijama stru\u010dnih sastanaka i u martu 2002. godine organizuje seminar pod nazivom \u201cFunkcionalna endoskopska hirurgija sinusa- FESS\u201d na kojem je u\u010de\u0161\u0107e uzelo 30 u\u010desnika otorinolaringologa iz Federacije BiH. Predava\u010di su bili dr. Tomislav Badouin i prof.dr. Livije Kalogjera sa ORL odjela Klini\u010dko bolni\u010dkog centra \u201cSestara milosrdnica\u201d iz Zagreba.<br \/>\nPrvi seminar u BiH namjenjen otorinolaringolozima, surdoaudiolozima i terapeutima govora \u201cMED-EL COMBI 40+ FITTING SEMMINAR\u201d odr\u017ean je u organizaciji Klinike za bolesti uha, grla i nosa UKC Tuzla. Tema seminara je bila pode\u0161avanje kohlearnog implanta nakon ugradnje, a predavanja je pretilo oko 50 u\u010desnika.<br \/>\nNakon toga na Klinika za bolesti uha, grla i nosa uvodi redovne edukativne sastanke. Prvobitno su sastanci bili organizirani u saradnji sa ljekarima ORL klinike iz Hrvatske, a potom i sa ljekarima iz Turske.<br \/>\nDeset godina rada Tuzlanske ORL \u0161kole prilika je da se uka\u017ee zahvalnost svim ljekarima koji su doprinjeli unapre\u0111enju njenog rada. Me\u0111u njima najve\u0107u zaslugu imaju prof. dr. Radan Star\u010devi\u0107 iz Rijeke, prof. dr. Darko Manestar iz Rijeke i prof. dr. Mahmut Tayyar Kalcioglu iz Istanbula.<\/p>\n<p style=\"text-align: justify;\">Klikom na link imat \u0107ete mogu\u0107nost pregleda svih odr\u017eanih stru\u010dnih sastanaka Klinike za bolesti uha, grla i nosa u periodu od 2007. do 2017. godine.<\/p>\n<p><a href=\"https:\/\/www.ukctuzla.ba\/ukctuzla\/wp-content\/uploads\/2018\/04\/Tuzlanska-ORL-\u0161kola.png\"><img loading=\"lazy\" decoding=\"async\" class=\"alignnone size-medium wp-image-5988\" src=\"https:\/\/www.ukctuzla.ba\/ukctuzla\/wp-content\/uploads\/2018\/04\/Tuzlanska-ORL-\u0161kola-300x212.png\" alt=\"\" width=\"300\" height=\"212\" srcset=\"https:\/\/www.ukctuzla.ba\/ukctuzla\/wp-content\/uploads\/2018\/04\/Tuzlanska-ORL-\u0161kola-300x212.png 300w, https:\/\/www.ukctuzla.ba\/ukctuzla\/wp-content\/uploads\/2018\/04\/Tuzlanska-ORL-\u0161kola.png 534w\" sizes=\"auto, (max-width: 300px) 100vw, 300px\" \/><\/a><\/p>\n<h5><span style=\"color: #800000;\">\u201cTUZLA ENT SCHOOL&#8221;<\/span><br \/>\n<span style=\"color: #800000;\"> FIRST TEN YEARS<\/span><\/h5>\n<h5><span style=\"color: #800000;\">FUAD M. BRKI\u0106<\/span><\/h5>\n<p><a href=\"https:\/\/www.ukctuzla.ba\/ukctuzla\/wp-content\/uploads\/2018\/04\/Short-summary-2-Tuzla-ENT-SchoolOK.pdf\" target=\"_blank\" rel=\"noopener\">Klikni na link za pregled<\/a><\/p>\n<p>&nbsp;<\/p>\n<p>&nbsp;<\/p>\n<p><a href=\"https:\/\/www.ukctuzla.ba\/ukctuzla\/wp-content\/uploads\/2018\/04\/Eric-Blom-USA-Tuzla-2009G.jpg\"><img loading=\"lazy\" decoding=\"async\" class=\"alignnone size-medium wp-image-6003\" src=\"https:\/\/www.ukctuzla.ba\/ukctuzla\/wp-content\/uploads\/2018\/04\/Eric-Blom-USA-Tuzla-2009G-300x200.jpg\" alt=\"\" width=\"300\" height=\"200\" \/><\/a><\/p>\n<p><em>Eric Blom (USA), Tuzla 2009\u00a0\u00a0<\/em><\/p>\n<p><a href=\"https:\/\/www.ukctuzla.ba\/ukctuzla\/wp-content\/uploads\/2018\/04\/Prof.-Milan-Profant-Tuzla-2009G.jpg\"><img loading=\"lazy\" decoding=\"async\" class=\"alignnone size-medium wp-image-6004\" src=\"https:\/\/www.ukctuzla.ba\/ukctuzla\/wp-content\/uploads\/2018\/04\/Prof.-Milan-Profant-Tuzla-2009G-300x169.jpg\" alt=\"\" width=\"300\" height=\"169\" srcset=\"https:\/\/www.ukctuzla.ba\/ukctuzla\/wp-content\/uploads\/2018\/04\/Prof.-Milan-Profant-Tuzla-2009G-300x169.jpg 300w, https:\/\/www.ukctuzla.ba\/ukctuzla\/wp-content\/uploads\/2018\/04\/Prof.-Milan-Profant-Tuzla-2009G.jpg 600w\" sizes=\"auto, (max-width: 300px) 100vw, 300px\" \/><\/a><\/p>\n<p><em>Prof. Milan Profant, Tuzla 2009<\/em><\/p>\n<p><a href=\"https:\/\/www.ukctuzla.ba\/ukctuzla\/wp-content\/uploads\/2018\/04\/Allergic-Rhinitis-in-Children-Tuzla-2010G.jpg\"><img loading=\"lazy\" decoding=\"async\" class=\"alignnone size-medium wp-image-6008\" src=\"https:\/\/www.ukctuzla.ba\/ukctuzla\/wp-content\/uploads\/2018\/04\/Allergic-Rhinitis-in-Children-Tuzla-2010G-300x200.jpg\" alt=\"\" width=\"300\" height=\"200\" \/><\/a><\/p>\n<p><em>Allergic Rhinitis in Children, Tuzla 2010<\/em><\/p>\n<p><a href=\"https:\/\/www.ukctuzla.ba\/ukctuzla\/wp-content\/uploads\/2018\/04\/Prof.-Mustafa-Gerek-Tuzla-2010G.jpg\"><img loading=\"lazy\" decoding=\"async\" class=\"alignnone size-medium wp-image-6010\" src=\"https:\/\/www.ukctuzla.ba\/ukctuzla\/wp-content\/uploads\/2018\/04\/Prof.-Mustafa-Gerek-Tuzla-2010G-300x200.jpg\" alt=\"\" width=\"300\" height=\"200\" srcset=\"https:\/\/www.ukctuzla.ba\/ukctuzla\/wp-content\/uploads\/2018\/04\/Prof.-Mustafa-Gerek-Tuzla-2010G-300x200.jpg 300w, https:\/\/www.ukctuzla.ba\/ukctuzla\/wp-content\/uploads\/2018\/04\/Prof.-Mustafa-Gerek-Tuzla-2010G.jpg 600w\" sizes=\"auto, (max-width: 300px) 100vw, 300px\" \/><\/a><\/p>\n<p><em>Prof. Mustafa Gerek, Tuzla 2010<\/em><\/p>\n<p><a href=\"https:\/\/www.ukctuzla.ba\/ukctuzla\/wp-content\/uploads\/2018\/04\/Prof.-Walter-Klepetko-Tuzla-2014G.jpg\"><img loading=\"lazy\" decoding=\"async\" class=\"alignnone size-medium wp-image-6000\" src=\"https:\/\/www.ukctuzla.ba\/ukctuzla\/wp-content\/uploads\/2018\/04\/Prof.-Walter-Klepetko-Tuzla-2014G-300x200.jpg\" alt=\"\" width=\"300\" height=\"200\" srcset=\"https:\/\/www.ukctuzla.ba\/ukctuzla\/wp-content\/uploads\/2018\/04\/Prof.-Walter-Klepetko-Tuzla-2014G-300x200.jpg 300w, https:\/\/www.ukctuzla.ba\/ukctuzla\/wp-content\/uploads\/2018\/04\/Prof.-Walter-Klepetko-Tuzla-2014G.jpg 600w\" sizes=\"auto, (max-width: 300px) 100vw, 300px\" \/>\u00a0\u00a0\u00a0<\/a><\/p>\n<p><em>Prof. Walter Klepetko, Tuzla 2014<\/em><\/p>\n","protected":false},"excerpt":{"rendered":"<p>Klinika za bolesti uha, grla i nosa ve\u0107 trideset godina organizuje edukativne sastanake na kojima se vr\u0161i razmjena znanja i iskustava me\u0111u ekspertima na podru\u010dju otorinolaringologije. Kontinuirana edukacija medicinskog osoblja je imperativ za uspje\u0161an rad na ovom podru\u010dju medicine. &#8220;Tuzlanska ORL \u0161kola&#8221; je postala mjesto kontinuirane edukacije medicinskog osoblja koje se bavi otorinolaringologijom. Ova \u0161kola&hellip;<\/p>\n","protected":false},"author":2,"featured_media":16294,"parent":0,"menu_order":0,"comment_status":"closed","ping_status":"closed","template":"","meta":{"footnotes":""},"class_list":["post-5985","page","type-page","status-publish","has-post-thumbnail","hentry","description-off"],"_links":{"self":[{"href":"https:\/\/www.ukctuzla.ba\/ukctuzla\/index.php?rest_route=\/wp\/v2\/pages\/5985","targetHints":{"allow":["GET"]}}],"collection":[{"href":"https:\/\/www.ukctuzla.ba\/ukctuzla\/index.php?rest_route=\/wp\/v2\/pages"}],"about":[{"href":"https:\/\/www.ukctuzla.ba\/ukctuzla\/index.php?rest_route=\/wp\/v2\/types\/page"}],"author":[{"embeddable":true,"href":"https:\/\/www.ukctuzla.ba\/ukctuzla\/index.php?rest_route=\/wp\/v2\/users\/2"}],"replies":[{"embeddable":true,"href":"https:\/\/www.ukctuzla.ba\/ukctuzla\/index.php?rest_route=%2Fwp%2Fv2%2Fcomments&post=5985"}],"version-history":[{"count":10,"href":"https:\/\/www.ukctuzla.ba\/ukctuzla\/index.php?rest_route=\/wp\/v2\/pages\/5985\/revisions"}],"predecessor-version":[{"id":6012,"href":"https:\/\/www.ukctuzla.ba\/ukctuzla\/index.php?rest_route=\/wp\/v2\/pages\/5985\/revisions\/6012"}],"wp:featuredmedia":[{"embeddable":true,"href":"https:\/\/www.ukctuzla.ba\/ukctuzla\/index.php?rest_route=\/wp\/v2\/media\/16294"}],"wp:attachment":[{"href":"https:\/\/www.ukctuzla.ba\/ukctuzla\/index.php?rest_route=%2Fwp%2Fv2%2Fmedia&parent=5985"}],"curies":[{"name":"wp","href":"https:\/\/api.w.org\/{rel}","templated":true}]}}