{"id":6725,"date":"2020-10-05T12:19:48","date_gmt":"2020-10-05T11:19:48","guid":{"rendered":"http:\/\/www.ukctuzla.ba\/ukctuzla\/?page_id=6725"},"modified":"2024-10-29T11:08:56","modified_gmt":"2024-10-29T10:08:56","slug":"%c2%b8klinika-za-urologiju","status":"publish","type":"page","link":"https:\/\/www.ukctuzla.ba\/ukctuzla\/?page_id=6725&lang=bs","title":{"rendered":"KLINIKA ZA UROLOGIJU"},"content":{"rendered":"<p><strong>Na\u010delnik:<\/strong> Doc.dr med sci Samed Jagodi\u0107<\/p>\n<p><strong>Glavna sestra:<\/strong> Lutvija Omerovi\u0107, dipl.med.sestra zdravstvene njege<\/p>\n<p><strong>Med. sestra\/tehni\u010dar za poslove pobolj\u0161anja kvaliteta i edukaciju: <\/strong>Asmir Kamenjakovi\u0107<strong><br \/>\n<\/strong><\/p>\n<p><strong>Kontakt :<\/strong><br \/>\ntel.: 00 387 35 303-235, 00 387 35 303-726, 00 387 35 303-544.<\/p>\n<p>e-mail: info@ukctuzla.ba<\/p>\n<p>&nbsp;<\/p>\n<p><strong>DJELATNOST KLINIKE<\/strong><\/p>\n<ul>\n<li>Dijagnosti\u010dka obrada bolesnika iz domena urolo\u0161kih oboljenja te sprovo\u0111enje medikamentoznog ili operativnog lije\u010denja i njega tih bolesnika<\/li>\n<li>Dijagnostika i prijem traumatiziranih bolesnika sa povredama urolo\u0161kih organa, utvr\u0111ivanje potrebe za operativnim zahvatima i provo\u0111enje operativnih zahvata<\/li>\n<li>Pripreme, transplantacije bubrega (kadaveri\u010dne i sa \u017eivog davaoca) i postoperativno pra\u0107enje bole<\/li>\n<\/ul>\n<p>&nbsp;<\/p>\n<p><strong>ORGANIZACIONA STRUKTURA<\/strong><br \/>\n<strong>UROLO\u0160KE POLIKLINIKA<\/strong><br \/>\n<strong>AMBULANTE<\/strong><br \/>\n<strong>Odgovorna sestra:<\/strong> Hasanovi\u0107 Mejra, dipl. med. sestra zdravstvene njege<br \/>\n<strong>Telefon:<\/strong> : 035 303-721<\/p>\n<p>&nbsp;<\/p>\n<p><strong>Prijemna ambulanta<\/strong>,radi 24 h, kontakt telefon: 035 303 721<\/p>\n<p><strong>Specijalisti\u010dka ambulanta za op\u0161tu urologiju<\/strong> radi svaki dan od 09-13 h<\/p>\n<p><strong>Specijalisti\u010dka ambulanta za sterilitet<\/strong> radi petkom od 10-13 h<\/p>\n<p><strong>Ambulanta za urolo\u0161ku onkologiju<\/strong> radi utorkom i \u010detvrtkom od 09-13 h<\/p>\n<p><strong>Ambulanta za kalkulozu<\/strong> radi svaki dan od 09-13 h<\/p>\n<p><strong>KABINETI<\/strong><\/p>\n<ul>\n<li>Kabinet za cistoskopiju<\/li>\n<li>Kabinet za ESWL<\/li>\n<\/ul>\n<p>&nbsp;<\/p>\n<p><strong>ODJELJENJA<\/strong><\/p>\n<ul>\n<li>Odjeljenje za op\u0161tu urologiju<\/li>\n<li>Odjeljenje za urolo\u0161ku onkologiju<\/li>\n<li>Odjeljenje za transplantaciju<\/li>\n<\/ul>\n<p>&nbsp;<\/p>\n<p><strong>KADROVI<\/strong><\/p>\n<p>Ukupan broj uposlenika\u2026\u2026\u2026\u2026\u2026\u2026\u2026\u2026\u2026\u2026\u2026\u2026\u2026.. 36<\/p>\n<p>Ljekara specijalista\u2026\u2026\u2026\u2026\u2026\u2026\u2026\u2026\u2026\u2026\u2026\u2026\u2026\u2026\u2026&#8230; 5<\/p>\n<p>Ljekara na specijalizaciji\u2026\u2026\u2026\u2026\u2026\u2026\u2026\u2026\u2026\u2026\u2026\u2026\u2026.. 4<br \/>\nLjekara doktora medicine: &#8230;&#8230;&#8230;&#8230;&#8230;&#8230;&#8230;&#8230;&#8230;&#8230;&#8230;&#8230;&#8230;&#8230;&#8230;&#8230;.. 2<\/p>\n<p>Medicinskih sestara sa visokom zdravstvenom \u0161kolom\u2026. 6<\/p>\n<p>Medicinskih sestara sa srednjom medicinskom \u0161kolom\u202617<\/p>\n<p>Nemedicinskih radnika \u2026\u2026\u2026\u2026\u2026\u2026\u2026\u2026\u2026\u2026\u2026\u2026\u2026.. 2<\/p>\n<p>&nbsp;<\/p>\n<p>DJELATNOSTI ORGANIZACIONIH JEDINICA.<\/p>\n<p>&nbsp;<\/p>\n<p><span style=\"color: #800000;\"><strong>Odjeljenje za op\u0161tu urologiju<\/strong><\/span><br \/>\n<strong>\u0160ef odjeljenja:<\/strong> Dr Amel Muji\u0107, urolog<\/p>\n<p><strong>Odgovorna sestra:<\/strong> Mersiha Omera\u0161evi\u0107, visoka medicinska sestra<br \/>\n<strong>Kontakt telefon:<\/strong> 035\/ 303 &#8211; 235<\/p>\n<ul>\n<li>Operativni tretman pacijenta iz domena urokalkuloze, obstrukcije urogenitalnog sistema, uro\u0111enih\/ste\u010denih anomalija urogenitalnog sistema, operacije na prostati , povrede urogenitalnog sistema, operacije na uretri, penisu , skrotalna hirurgija.<br \/>\nOperativni zahvati se izvode u op\u0161toj i spinalnoj anesteziji .<\/li>\n<li>Pijelonefrolitotomija<\/li>\n<li>PCNL<\/li>\n<li>pijeloureteroplastika<\/li>\n<li>operacije potkovi\u010dastog buburega<\/li>\n<li>ureterolitotomija<\/li>\n<li>rekonstrukcija na ureteru<\/li>\n<li>Transvezikalna prostatektomija<\/li>\n<li>operacije kod retroperitonealne fibroze<\/li>\n<li>operativno lije\u010denje stres inkontinencije<\/li>\n<li>operacije varikocele<\/li>\n<li>operacaije hidrokele, funikolokele, kriptorhizma<\/li>\n<li>rekonstruktivne operacije uretre i penisa<\/li>\n<li>URS i TUUL<\/li>\n<li>TURP<\/li>\n<li>Simplex nefrektomija<\/li>\n<li>operativni tretman kalkuloze mokra\u0107nog mjehura<\/li>\n<\/ul>\n<p>Navedeni operativni zahvati se izvode klasi\u010dnim pristupom-otvorena hirurgija i minimalno invazivno- endoskopskim i laparaskopskim pristupom.<\/p>\n<p><strong>Odjel ima i svoju ambulantu suteren I (soba broj 1, tel: 035 303 721) koja radi:svaki radni dan od 09-13 h<\/strong><\/p>\n<p>&nbsp;<\/p>\n<p>&nbsp;<\/p>\n<p><strong><span style=\"color: #800000;\">Odjeljenje za urolo\u0161ku onkologiju<\/span><\/strong><\/p>\n<p><strong>\u0160ef Odjeljenja<\/strong>\u00a0 Dr. med. sci. Haris \u0110ug, urolog<\/p>\n<p><strong>Odgovorna sestra<\/strong>: ms Nerma Hamzi\u0107, bachelor zdravstva &#8211; smjer sestrinstva<br \/>\n<strong>Kontakt telefon:<\/strong> 035\/ 303 &#8211; 235<\/p>\n<ul>\n<li>Operativni tretmani pacijenata iz domena urolo\u0161ke onkologije ( tumori nadbubre\u017ene \u017eljezde, bubrega, uretera, mokra\u0107nog mjehura, prostate ,uretre, penisa i testisa)<\/li>\n<li>Operativni zahvati koji se izvode u lokalnoj, spinalnoj i op\u0161toj anesteziji:<\/li>\n<li>adrenalektomija<\/li>\n<li>radikalna nefertkomija<\/li>\n<li>parcijalna nefrektomija<\/li>\n<li>enukleacija tumora bubrega<\/li>\n<li>nefroureterektomija radikalna<\/li>\n<li>resekcija uretera kod tumora uretera<\/li>\n<li>TURBT<\/li>\n<li>parcijalna cistektomija<\/li>\n<li>radikalna cistoprostatektomija sa derivacijom urina : \u2013 po Bruckeru , \u2013 po Hautmannu ,\u2013 ureterokutaneostomija<\/li>\n<li>radikalna prostatektomija<\/li>\n<li>subkapsularna orhidektomija<\/li>\n<li>parcijalna amputacija penisa<\/li>\n<li>radikalna penektomija<\/li>\n<li>radikalna orhidektomija<\/li>\n<li>limfadenektomija ( retroperitonealna i ingvinalna)<\/li>\n<\/ul>\n<p>Navedeni operativni zahvati se izvode klasi\u010dnim pristupom-otvorena hirurgija, ali i minimalno invazivno-laparoskopskim pristupom.<br \/>\n<strong>Odjel ima i svoju onkolo\u0161ku ambulantu suteren I (soba broj 2, tel: 035 303 721) koja radi: utorak i \u010detvrtak od 09-13 h <\/strong><br \/>\n<strong>U okviru UKC Tuzla postoji\u00a0 Onkolo\u0161ko ljekarski konzilij za urolo\u0161ke malignome koji se odr\u017eava svaki \u010detvrtak u 12 h.<\/strong><br \/>\n<strong>Koordinator Konzilijuma je dr med sci Jagodi\u0107 Samed, specijalista urologije, a pomo\u0107nici koordinatora dr Agi\u0107 Rasim, specijalista urologije, Mr. med. sci. dr Haris \u0110ug, specijalista urologije, koji istovremeno vode i navedeni Konzilijum.<\/strong><br \/>\n<strong>\u00a0<\/strong><\/p>\n<p>&nbsp;<\/p>\n<p><strong><span style=\"color: #800000;\">Odjeljenje za transplantaciju bubrega<\/span><\/strong><\/p>\n<p><strong>\u0160ef Odjeljenja<\/strong> Dr Rasim Agi\u0107 specijalista urolog<\/p>\n<p><strong>Odgovorna sestra:<\/strong> ms Alma Slijep\u010devi\u0107<br \/>\n<strong>Kontakt telefon:<\/strong> 035\/ 303- 235<\/p>\n<ul>\n<li>U Klini\u010dkom centru pacijenti sa hroni\u010dnim bubre\u017enim zatajenjem, kandidati za transplantaciju se pripremaju za istu multidisciplinarno, a urolozi su dio multidisciplinarnog tima.<\/li>\n<li>Na odjeljenju za transplantaciju bubrega, radi se eksplantacija sa \u017eivog donora, klasi\u010dnim( konvencionalnim) i laparaskopskim pristupom.<\/li>\n<li>Urolozi su dio tima za multivisceralnu eksplantaciju sa kadavera.<\/li>\n<li>Na odjeljenju se radi transplantacija bubrega sa \u017eivog davaoca i kadavera klasi\u010dnim, otvorenim pristupom.<\/li>\n<li>Postoperativni monitornig transplantiranih pacijenata i \u017eivih donora bubrega.<\/li>\n<li>Protokolarno se prate pacijenti sa presa\u0111enim buburezima ( multidisciplinarno- urolog\/nefrolog) i rje\u0161avaju rane i kasne komplikacije nakon transplantacije bubrega.<\/li>\n<li>Kontrolni pregledi se obavljaju u specijalisti\u010dkoj ambulanti Klinike za urologiju svakim radnim danom od 09-13.sati (telefon 035 303 721)<\/li>\n<\/ul>\n<p>&nbsp;<\/p>\n<p><strong>Knjige i ud\u017ebenici \u010diji su autori uposlenici Klinike<\/strong><br \/>\n1.<strong> Ultrazvuk u nefrologiji, urologiji , dijalizi i transplantaciji bubrega<\/strong>;Prof.dr.med.sci. Denijal Tulumovi\u0107;Dr.med.sci. Samed Jagodi\u0107<\/p>\n<p>&nbsp;<\/p>\n","protected":false},"excerpt":{"rendered":"<p>Na\u010delnik: Doc.dr med sci Samed Jagodi\u0107 Glavna sestra: Lutvija Omerovi\u0107, dipl.med.sestra zdravstvene njege Med. sestra\/tehni\u010dar za poslove pobolj\u0161anja kvaliteta i edukaciju: Asmir Kamenjakovi\u0107 Kontakt : tel.: 00 387 35 303-235, 00 387 35 303-726, 00 387 35 303-544. e-mail: info@ukctuzla.ba &nbsp; DJELATNOST KLINIKE Dijagnosti\u010dka obrada bolesnika iz domena urolo\u0161kih oboljenja te sprovo\u0111enje medikamentoznog ili operativnog&hellip;<\/p>\n","protected":false},"author":2,"featured_media":16294,"parent":0,"menu_order":0,"comment_status":"closed","ping_status":"closed","template":"","meta":{"footnotes":""},"class_list":["post-6725","page","type-page","status-publish","has-post-thumbnail","hentry","description-off"],"_links":{"self":[{"href":"https:\/\/www.ukctuzla.ba\/ukctuzla\/index.php?rest_route=\/wp\/v2\/pages\/6725","targetHints":{"allow":["GET"]}}],"collection":[{"href":"https:\/\/www.ukctuzla.ba\/ukctuzla\/index.php?rest_route=\/wp\/v2\/pages"}],"about":[{"href":"https:\/\/www.ukctuzla.ba\/ukctuzla\/index.php?rest_route=\/wp\/v2\/types\/page"}],"author":[{"embeddable":true,"href":"https:\/\/www.ukctuzla.ba\/ukctuzla\/index.php?rest_route=\/wp\/v2\/users\/2"}],"replies":[{"embeddable":true,"href":"https:\/\/www.ukctuzla.ba\/ukctuzla\/index.php?rest_route=%2Fwp%2Fv2%2Fcomments&post=6725"}],"version-history":[{"count":18,"href":"https:\/\/www.ukctuzla.ba\/ukctuzla\/index.php?rest_route=\/wp\/v2\/pages\/6725\/revisions"}],"predecessor-version":[{"id":17286,"href":"https:\/\/www.ukctuzla.ba\/ukctuzla\/index.php?rest_route=\/wp\/v2\/pages\/6725\/revisions\/17286"}],"wp:featuredmedia":[{"embeddable":true,"href":"https:\/\/www.ukctuzla.ba\/ukctuzla\/index.php?rest_route=\/wp\/v2\/media\/16294"}],"wp:attachment":[{"href":"https:\/\/www.ukctuzla.ba\/ukctuzla\/index.php?rest_route=%2Fwp%2Fv2%2Fmedia&parent=6725"}],"curies":[{"name":"wp","href":"https:\/\/api.w.org\/{rel}","templated":true}]}}