{"id":712,"date":"2016-02-15T13:55:39","date_gmt":"2016-02-15T13:55:39","guid":{"rendered":"http:\/\/10.0.0.65\/ukctuzla3\/?page_id=712"},"modified":"2016-04-28T12:28:46","modified_gmt":"2016-04-28T11:28:46","slug":"guidebook","status":"publish","type":"page","link":"https:\/\/www.ukctuzla.ba\/ukctuzla\/?page_id=712&lang=en","title":{"rendered":"GUIDEBOOK"},"content":{"rendered":"<div><strong><em>Po\u0161tovani pacijenti i posjetioci,<br \/>\ndobrodo\u0161li na web stranice Univerzitetskog klini\u010dkog centara Tuzla!<br \/>\nUniverzitetski klini\u010dki centar Tuzla (UKC Tuzla) je jedna od najve\u0107ih zdravstvenih ustanova u Bosni i Hercegovini, sa dugogodi\u0161njom uspje\u0161nom tradicijom u lije\u010denju razli\u010ditih vrsta oboljenja. Istovremeno je i nastavno-nau\u010dna baza fakulteta i \u0161kola medicinskog usmjerenja.<br \/>\nPostoje\u0107a i budu\u0107a organizacija Ustanove zasnovana je na postavljenom cilju \u0161to uspje\u0161nijeg lije\u010denja pacijenata i o\u010duvanja zdravlja. U tome nam poma\u017ee napredak nauke i tehnologije, koji koristimo i usmjeravamo na pru\u017eanje usluga standardnog kvaliteta i jednakog sadr\u017eaja, ali i Va\u0161a spremnost na saradnju.<br \/>\nDolaskom u na\u0161e Ustanovu povjeravate nam brigu o svom zdravlju, koje je preduslov sretnog i uspje\u0161nog \u017eivota. \u017delimo da se kod nas prijatno osje\u0107ate i Va\u0161 boravak okon\u010date \u0161to prije. Za to \u0107emo se potruditi, a Vas molimo da bez ustru\u010davanja iska\u017eete svoje \u017eelje, prijedloge i primjedbe. To \u0107e nam biti od velike pomo\u0107i. Tako \u0107ete pomo\u0107i i sebi i nama i svima koji budu tra\u017eili pomo\u0107 na\u0161e bolnice.<br \/>\nManagement i osoblje<\/em><\/strong><\/div>\n<div><\/div>\n<div><strong>UKC Tuzla je smje\u0161ten na \u010detiri lokacije<\/strong><br \/>\n<strong>Gradina<\/strong> (Trnovac bb), gdje je smje\u0161ten najve\u0107i broj klinika i poliklinika<br \/>\n<strong>Slavinovi\u0107i<\/strong> (Izeta Sarajli\u0107a bb), gdje se nalazi Klinika za plu\u0107ne bolesti i Centar palijativne njege<\/div>\n<div><strong>Solina<\/strong> (Rate Dugonji\u0107a bb), gdje je smje\u0161tena Klinika za psihijatriju<\/div>\n<div><\/div>\n<div>\n<p align=\"justify\"><strong>GRADINA<\/strong><\/p>\n<p align=\"justify\">Do kompleksa Gradina mo\u017eete do\u0107i koriste\u0107i tranzitni put (ul. Zmaja od Bosne, tzv. Ju\u017ena magistrala) i saobra\u0107ajnicom iz centra grada. Kako je u okviru kompleksa Gradina veoma malo parking prostora, savjetujemo da koristite javni prevoz. Do Gradine mo\u017eete do\u0107i taksijem ili gradskim autobusom broj 3 (izlazite ispred Klinike) Ako ipak koristite automobil parkirati mo\u017eete na parkirali\u0161tu preko puta Plave bolnice. Na ulazu u zgradu hirur\u0161kih klinika i na ulazu kod Klinike za interne bolesti mo\u017eete kupiti osnovne potrep\u0161tine (sokovi, slatki\u0161i, sendvi\u010di, sredstva za higijenu, novine).Telefonske govornice su smje\u0161tene u prizemlju i na spratovima bolni\u010dkih zgrada. Za kori\u0161tenje Vam je potrebna telefonska kartica, koju mo\u017eete kupiti na ulazu u zgradu hirur\u0161kih grana. Aparati za tople napitke smje\u0161teni su u prizemlju bolni\u010dkih zgrada.<\/p>\n<p align=\"justify\">Bankomati NLB Tuzlanske banke, Uni Credit banke i Raiffeisen banke smje\u0161teni su na ulazu u Kliniku za interne bolesti.<\/p>\n<p align=\"justify\">Bankomat Sparkasse banke je\u00a0 smje\u0161ten u prizemlju zgrade hirur\u0161kih grana.<\/p>\n<p align=\"justify\"><strong>SOLINA<\/strong><\/p>\n<p align=\"justify\">Do klinike za psihijatriju u Solini mo\u017eete do\u0107i gradskim autobusom br. 2 (polazak od Siporeksa u 6:55, 11:10 i 13:30; povratak od Klinike za psihijatriju u 7:25; 12:00 i 14:30) ili taksijem.Telefonska govornica je smje\u0161tena na ulazu u objekat. Za kori\u0161tenje Vam je potrebna telefonska kartica, koju mo\u017eete kupiti u naselju Solina.Aparat za tople napitke je smje\u0161ten u prizemlju bolni\u010dke zgrade.<\/p>\n<p align=\"justify\">Mapa kompleksa Gradina<\/p>\n<\/div>\n<p><a href=\"https:\/\/www.ukctuzla.ba\/ukctuzla\/wp-content\/uploads\/2016\/02\/download-3-2.jpg\" rel=\"attachment wp-att-2120\"><img loading=\"lazy\" decoding=\"async\" class=\"alignnone size-full wp-image-2120\" src=\"https:\/\/www.ukctuzla.ba\/ukctuzla\/wp-content\/uploads\/2016\/02\/download-3-2.jpg\" alt=\"download (3)\" width=\"240\" height=\"161\" \/><\/a><\/p>\n<p>&nbsp;<\/p>\n<div>\n<p align=\"justify\"><strong>SLAVINOVI\u0106I<\/strong><\/p>\n<p align=\"justify\">Do Klinike za plu\u0107ne bolesti i Centar palijativne njege u Slavinovi\u0107ima iz pravca zapada mo\u017eete do\u0107i gradskim autobusom br. 4 i 8 (izlazite kod benzinske pumpe Energopetrol), gradskim autobusom br. 5 (vozi ulicom Zmaja od Bosne i izlazite na raskrsnici na kraju naselja Sjenjak<\/p>\n<p align=\"justify\">u ulici Alekse \u0160anti\u0107a) ili taksijem. Na ulazu u zgradu Klinike za plu\u0107ne bolesti mo\u017eete kupiti osnovne potrep\u0161tine (sokovi, slatki\u0161i, sendvi\u010di, sredstva za higijenu, novine). Telefonska govornica je smje\u0161tena na prvom spratu. Za kori\u0161tenje Vam je potrebna telefonska kartica, koju mo\u017eete kupiti na ulazu u zgradu Klinike. Aparat za tople napitke mje\u0161ten je u prizemlju zgrade.<\/p>\n<\/div>\n<div>\n<table border=\"0\" width=\"792\">\n<tbody>\n<tr>\n<td><a href=\"https:\/\/www.ukctuzla.ba\/ukctuzla\/?page_id=282\" target=\"_blank\"><strong><strong>Prijem u bolnicu i lije\u010denje<\/strong><\/strong><\/a><\/td>\n<td><\/td>\n<\/tr>\n<tr>\n<td><a href=\"https:\/\/www.ukctuzla.ba\/ukctuzla\/?page_id=284\" target=\"_blank\"><strong><strong>Bolni\u010dko lije\u010denje (vi\u0161ednevni boravak u bolnici-hospitalizacija)<\/strong><\/strong><\/a><\/td>\n<td><\/td>\n<\/tr>\n<tr>\n<td valign=\"top\">\n<div><a href=\"https:\/\/www.ukctuzla.ba\/ukctuzla\/?page_id=287\" target=\"_blank\"><strong>Pristanak \/ Odbijanje dijagnosti\u010dke ili terapijske procedure<\/strong><\/a><strong><br \/>\n<\/strong><\/div>\n<\/td>\n<td valign=\"top\"><\/td>\n<\/tr>\n<tr>\n<td valign=\"top\"><strong><a href=\"https:\/\/www.ukctuzla.ba\/ukctuzla\/?page_id=289\" target=\"_blank\">Otpust iz bolnice<\/a><\/strong><\/td>\n<td valign=\"top\"><\/td>\n<\/tr>\n<tr>\n<td valign=\"top\"><a href=\"https:\/\/www.ukctuzla.ba\/ukctuzla\/?page_id=291\" target=\"_blank\"><strong><strong>Ku\u0107ni red<\/strong><\/strong><\/a><\/td>\n<td valign=\"top\"><\/td>\n<\/tr>\n<tr>\n<td valign=\"top\"><a href=\"https:\/\/www.ukctuzla.ba\/ukctuzla\/?page_id=293\" target=\"_blank\"><strong>Korisne informacije<\/strong><\/a><\/p>\n<p><strong>VODI\u010c ZA PACIJENTE<\/strong><\/p>\n<p><strong><a href=\"https:\/\/www.ukctuzla.ba\/ukctuzla\/wp-content\/uploads\/2016\/02\/1-PRAVA-OBAVEZE-I-ODGOVORNOSTI-PACIJENATA-pdf.pdf\" target=\"_blank\">-PRAVA, OBAVEZE I ODGOVORNOSTI PACIJENATA -(pdf)<\/a><\/strong><\/p>\n<p><strong>VODI\u010c ZA PACIJENTE SA DU\u0160EVNIM SMETNJAMA<\/strong><\/p>\n<p><strong><a href=\"https:\/\/www.ukctuzla.ba\/ukctuzla\/wp-content\/uploads\/2016\/02\/2-PRAVA-OBAVEZE-I-ODGOVORNOSTI-PACIJENATA-pdf.pdf\" target=\"_blank\">-PRAVA, OBAVEZE I ODGOVORNOSTI PACIJENATA-(pdf)<\/a><\/strong><\/p>\n<ul>\n<li><a href=\"https:\/\/www.ukctuzla.ba\/ukctuzla\/wp-content\/uploads\/2016\/02\/Obrazac-prigovora-doc.doc\" target=\"_blank\"><strong>Obrazac prigovora<\/strong>\u00a0<\/a> (doc)<\/li>\n<li><a href=\"https:\/\/www.ukctuzla.ba\/ukctuzla\/wp-content\/uploads\/2016\/02\/Zahtjev-za-izdavanje-medicinske-i-druge-dokumentacije-doc.doc\" target=\"_blank\"><strong>Zahtjev za izdavanje medicinske i druge dokumentacije\u00a0 (doc)<\/strong><\/a><\/li>\n<\/ul>\n<p><strong>\u00a0<\/strong><\/td>\n<td valign=\"top\"><\/td>\n<\/tr>\n<tr>\n<td valign=\"top\"><strong>Rezultati ankete<\/strong><\/p>\n<p><strong><a href=\"https:\/\/www.ukctuzla.ba\/ukctuzla\/wp-content\/uploads\/2016\/02\/Rezultati-ankete-o-zadovoljstvu-zaposlenika-za-2014.-godinu.pdf\" target=\"_blank\">Rezultati ankete o zadovoljstvu zaposlenika za 2014. godinu<\/a><\/strong><\/p>\n<p><strong><a href=\"https:\/\/www.ukctuzla.ba\/ukctuzla\/wp-content\/uploads\/2016\/02\/05.11.2015.pdf\" target=\"_blank\" rel=\"\">Rezultati ankete o zadovoljstvu pacijenata<\/a><\/strong><\/p>\n<p><strong><a href=\"https:\/\/www.ukctuzla.ba\/ukctuzla\/wp-content\/uploads\/2016\/02\/Rezultati-ankete-o-zadovoljstvu-zaposlenika-za-2013-154KB-pdf..pdf\">Rezultati ankete o zadovoljstvu zaposlenika za 2013 (154KB, pdf.)<\/a><\/strong><\/p>\n<p><strong><a href=\"https:\/\/www.ukctuzla.ba\/ukctuzla\/wp-content\/uploads\/2016\/02\/Mjerenje-zadovoljstva-hospitaliziranih-pacijenata-za-2013-93KB-pdf..pdf\" target=\"_blank\">Mjerenje zadovoljstva hospitaliziranih pacijenata za 2013 (93KB, pdf.)<\/a><\/strong><\/p>\n<p><strong>Uporedni rezultati mjerenja zadovoljstva hospitaliziranih pacijenata za 2009. i 2010. godinu \u2013 ukupno i po pojedinim kategorijama(53,9KB, pdf.)<\/strong><\/p>\n<p><strong>Uporedni rezultati mjerenja zadovoljstva poliklini\u010dkih pacijenata za 2009. i 2010.godinu(58,2 KB, pdf.)<\/strong><\/td>\n<td valign=\"top\"><\/td>\n<\/tr>\n<tr>\n<td valign=\"top\"><a href=\"https:\/\/www.ukctuzla.ba\/ukctuzla\/?page_id=311\" target=\"_blank\"><strong><strong>Informativni materijal o pojmu i na\u010dinu prijavljivanja korupcije.<\/strong><\/strong><\/a><\/td>\n<\/tr>\n<\/tbody>\n<\/table>\n<\/div>\n","protected":false},"excerpt":{"rendered":"<p>Po\u0161tovani pacijenti i posjetioci, dobrodo\u0161li na web stranice Univerzitetskog klini\u010dkog centara Tuzla! Univerzitetski klini\u010dki centar Tuzla (UKC Tuzla) je jedna od najve\u0107ih zdravstvenih ustanova u Bosni i Hercegovini, sa dugogodi\u0161njom uspje\u0161nom tradicijom u lije\u010denju razli\u010ditih vrsta oboljenja. Istovremeno je i nastavno-nau\u010dna baza fakulteta i \u0161kola medicinskog usmjerenja. Postoje\u0107a i budu\u0107a organizacija Ustanove zasnovana je na&hellip;<\/p>\n","protected":false},"author":1,"featured_media":16294,"parent":0,"menu_order":0,"comment_status":"closed","ping_status":"closed","template":"","meta":{"footnotes":""},"class_list":["post-712","page","type-page","status-publish","has-post-thumbnail","hentry","description-off"],"_links":{"self":[{"href":"https:\/\/www.ukctuzla.ba\/ukctuzla\/index.php?rest_route=\/wp\/v2\/pages\/712","targetHints":{"allow":["GET"]}}],"collection":[{"href":"https:\/\/www.ukctuzla.ba\/ukctuzla\/index.php?rest_route=\/wp\/v2\/pages"}],"about":[{"href":"https:\/\/www.ukctuzla.ba\/ukctuzla\/index.php?rest_route=\/wp\/v2\/types\/page"}],"author":[{"embeddable":true,"href":"https:\/\/www.ukctuzla.ba\/ukctuzla\/index.php?rest_route=\/wp\/v2\/users\/1"}],"replies":[{"embeddable":true,"href":"https:\/\/www.ukctuzla.ba\/ukctuzla\/index.php?rest_route=%2Fwp%2Fv2%2Fcomments&post=712"}],"version-history":[{"count":6,"href":"https:\/\/www.ukctuzla.ba\/ukctuzla\/index.php?rest_route=\/wp\/v2\/pages\/712\/revisions"}],"predecessor-version":[{"id":2121,"href":"https:\/\/www.ukctuzla.ba\/ukctuzla\/index.php?rest_route=\/wp\/v2\/pages\/712\/revisions\/2121"}],"wp:featuredmedia":[{"embeddable":true,"href":"https:\/\/www.ukctuzla.ba\/ukctuzla\/index.php?rest_route=\/wp\/v2\/media\/16294"}],"wp:attachment":[{"href":"https:\/\/www.ukctuzla.ba\/ukctuzla\/index.php?rest_route=%2Fwp%2Fv2%2Fmedia&parent=712"}],"curies":[{"name":"wp","href":"https:\/\/api.w.org\/{rel}","templated":true}]}}