{"id":722,"date":"2016-02-15T14:03:03","date_gmt":"2016-02-15T14:03:03","guid":{"rendered":"http:\/\/10.0.0.65\/ukctuzla3\/?page_id=722"},"modified":"2016-02-15T14:03:03","modified_gmt":"2016-02-15T14:03:03","slug":"scheduling-visits","status":"publish","type":"page","link":"https:\/\/www.ukctuzla.ba\/ukctuzla\/?page_id=722&lang=en","title":{"rendered":"SCHEDULING VISITS"},"content":{"rendered":"<p><strong><span style=\"font-style: inherit; font-weight: inherit;\">PREGLEDI U POLIKLINI\u010cKOJ ZDRAVSTVENOJ ZA\u0160TITI<\/span><\/strong><\/p>\n<p><strong><span style=\"font-style: inherit; font-weight: inherit;\">Zakazivanje pregleda\/procedura<\/span><\/strong><\/p>\n<p><span style=\"font-style: inherit; font-weight: inherit;\">Prijem pacijenata u specijalisti\u010dku\/subspecijalisti\u010dku ambulantu, kabinet ili savjetovali\u0161te (u daljem tekstu: ambulanta), radi pregleda ili provo\u0111enja dijagnosti\u010dke ili terapijske procedure (u daljem tekstu: pregled), vr\u0161i se na osnovu prethodno izvr\u0161enog zakazivanja.<br \/>\n<\/span><\/p>\n<p><span style=\"font-style: inherit; font-weight: inherit;\">Pacijent, koji se upu\u0107uje na pregled, zakazivanje vr\u0161i preko ljekara porodi\u010dne medicine, telefonom ili li\u010dnim dolaskom\/dolaskom \u010dlana porodice.<\/span><\/p>\n<p><span style=\"font-style: inherit; font-weight: inherit;\">Pacijent, kome se po otpustu iz bolnice ili nakon specijalisti\u010dkog pregleda, vr\u0161i zakazivanje kontrolnog pregleda, du\u017ean je javiti se medicinskoj sestri-tehni\u010daru na \u0161alteru za prijem medicinske dokumentacije, ukoliko mu datum i termin ve\u0107 nisu upisani u otpusno pismo\/nalaz.<\/span><\/p>\n<p><span style=\"font-style: inherit; font-weight: inherit;\">Pacijent, koji se zakazuje za pregled, mora imati uputnicu iz primarne zdravstvene za\u0161tite.<br \/>\n<\/span><\/p>\n<p><strong><span style=\"font-style: inherit; font-weight: inherit;\">Zakazivanje pregleda se vr\u0161i na slijede\u0107e brojeve telefona i u slijede\u0107im terminima:<\/span><\/strong><\/p>\n<p><strong><span style=\"font-style: inherit; font-weight: inherit;\">Ortopedsko-traumatolo\u0161ka poliklinika<\/span><\/strong><\/p>\n<p><span style=\"font-style: inherit; font-weight: inherit;\">Svakim radnim danom, na telefon 035\/303-473, u vremenu od 12 do 15 sati.<\/span><\/p>\n<p><span style=\"font-style: inherit; font-weight: inherit;\"><br \/>\n<strong><span style=\"font-style: inherit; font-weight: inherit;\">Otorinolaringolo\u0161ka poliklinika<\/span><\/strong><\/span><\/p>\n<p><span style=\"font-style: inherit; font-weight: inherit;\">Svakim radnim danom, na telefon 035\/303- 264, u vremenu od 12 do 15 sati.<br \/>\n<\/span><\/p>\n<p><span style=\"font-style: inherit; font-weight: inherit;\"><strong><span style=\"font-style: inherit; font-weight: inherit;\">O\u010dna poliklinika<\/span><\/strong><\/span><\/p>\n<p><span style=\"font-style: inherit; font-weight: inherit;\">Svakim radnim danom, na telefon 035\/303-213 u vremenu od 12 do 15 sati.<\/span><\/p>\n<p><strong><span style=\"font-style: inherit; font-weight: inherit;\">Hirur\u0161ka poliklinika<\/span><\/strong><\/p>\n<p><i><em><span style=\"font-style: inherit; font-weight: inherit;\">Specijalisti\u010dka ambulanta za abdominalnu hirurgiju i Specijalisti\u010dka ambulanta za torakohirurgiju<\/span><span style=\"font-style: inherit; font-weight: inherit;\"> &#8211;<\/span><\/em><\/i><\/p>\n<p><span style=\"font-style: inherit; font-weight: inherit;\">svakim radnim danom, na telefon 035\/303\u2013294, u vremenu od 08 do 09 sati i od 12 do 14 sati.<br \/>\n<strong><i><em><span style=\"font-style: inherit;\">Urolo\u0161ka specijalisti\u010dka ambulanta<\/span><\/em><\/i><\/strong><strong><i><em><span style=\"font-style: inherit;\"> &#8211; <\/span><\/em><\/i><\/strong><strong><span style=\"font-style: inherit;\">s<\/span><\/strong>vakim radnim danom, na telefon 035\/303\u2013720, u vremenu od 08 do 09 sati i od 12 do 14 sati.<\/span><\/p>\n<p><strong><span style=\"font-style: inherit; font-weight: inherit;\">Ginekolo\u0161ko \u2013 aku\u0161erska poliklinika<\/span><\/strong><\/p>\n<p><span style=\"font-style: inherit; font-weight: inherit;\">Svakim radnim danom, na telefon 035\/303-351, u vremenu od 11 do 13 sati.<br \/>\n<strong><span style=\"font-style: inherit; font-weight: inherit;\">Anesteziolo\u0161ka ambulanta<\/span><\/strong><\/span><\/p>\n<p><span style=\"font-style: inherit; font-weight: inherit;\">Anesteziolo\u0161ka ambulanta radi svakim radnim danom od 08 do 16 sati. Zakazivanje pregleda se vr\u0161i prema rasporedu koji je istaknut na ambulanti.<\/span><\/p>\n<p><span style=\"font-style: inherit; font-weight: inherit;\">Termin za pregled u anesteziolo\u0161koj ambulanti pacijent dobija u prijemnoj ambulanti klinike ne kojoj \u0107e biti hospitaliziran. Za ovaj pregled pacijent ne treba uputnicu.<\/span><\/p>\n<p><strong><span style=\"font-style: inherit; font-weight: inherit;\">Poliklinika za plu\u0107ne bolesti<\/span><\/strong><\/p>\n<p><span style=\"font-style: inherit; font-weight: inherit;\">Svakim radnim danom, na telefone 035\/306-640 i 306-647, u vremenu od 14 do 16 sati.<\/span><strong><span style=\"font-style: inherit; font-weight: inherit;\"><br \/>\n<\/span><\/strong><\/p>\n<p><strong><span style=\"font-style: inherit; font-weight: inherit;\">Poliklinika Klinike za interne bolesti<\/span><\/strong><\/p>\n<p><span style=\"font-style: inherit; font-weight: inherit;\">Svakim radnim danom, na telefon 035\/303-109, u vremenu od 13 do 15 sati.<\/span><\/p>\n<p><strong><span style=\"font-style: inherit; font-weight: inherit;\">Pedijatrijska poliklinika<\/span><\/strong><\/p>\n<p><span style=\"font-style: inherit; font-weight: inherit;\">Svakim radnim danom, na telefon 035\/303-707, u vremenu od 12 do 15 sati.<\/span><\/p>\n<p><strong><span style=\"font-style: inherit; font-weight: inherit;\">Fizijatrijska poliklinika<\/span><\/strong><\/p>\n<p><span style=\"font-style: inherit; font-weight: inherit;\">Svakim radnim danom, na telefon 035\/303-630, u vremenu od 08 do 16 sati.<\/span><\/p>\n<p><strong><span style=\"font-style: inherit; font-weight: inherit;\">Poliklinika za kardiovaskularne bolesti<\/span><\/strong><\/p>\n<p><i><em><span style=\"font-style: inherit; font-weight: inherit;\">Kabinet za elektrofiziologiju i pacemaker<\/span><\/em><\/i><span style=\"font-style: inherit; font-weight: inherit;\"> &#8211; \u010detvrtkom, na telefon 035\/303-244, u vremenu od 10-14 sati.<\/span><\/p>\n<p><strong><span style=\"font-style: inherit; font-weight: inherit;\">Dermatovenerolo\u0161ka poliklinika<\/span><\/strong><\/p>\n<p><i><em><span style=\"font-style: inherit; font-weight: inherit;\">Kabinet za flebologiju i hroni\u010dne rane<\/span><\/em><\/i><span style=\"font-style: inherit; font-weight: inherit;\"> &#8211; svakim radnim danom, na telefon 035\/303-121, u vremenu od 10 do 11 sati.<\/span><\/p>\n<p><i><em><span style=\"font-style: inherit; font-weight: inherit;\">Kabinet za alergologiju <\/span><span style=\"font-style: inherit; font-weight: inherit;\">&#8211;<\/span><\/em><\/i><span style=\"font-style: inherit; font-weight: inherit;\">svakim radnim danom, na telefon 035\/303-121, u vremenu od 14 do 15 sati.<\/span><\/p>\n<p><span style=\"font-style: inherit; font-weight: inherit;\"><i><em><span style=\"font-style: inherit; font-weight: inherit;\">Kabinet za fototerapiju i Kabinet za dermatohirurgiju <\/span><\/em><\/i>&#8211; svakim radnim danom, na telefon 035\/303-105, u vremenu od 14 do 15 sati.<\/span><\/p>\n<p><i><em><span style=\"font-style: inherit; font-weight: inherit;\">Kabinet za medicinsku kozmetologiju <\/span><span style=\"font-style: inherit; font-weight: inherit;\">&#8211;<\/span><\/em><\/i><span style=\"font-style: inherit; font-weight: inherit;\">svakim radnim danom, na telefon 035\/303-120, u vremenu od 14 do 15 sati.<\/span><\/p>\n<p><strong><span style=\"font-style: inherit; font-weight: inherit;\">Neurohirur\u0161ka poliklinika<\/span><\/strong><\/p>\n<p><span style=\"font-style: inherit; font-weight: inherit;\">Svakim radnim danom, na telefon 035\/303-288, u vremenu od 08 do 16 sati.<br \/>\n<\/span><\/p>\n<p><strong><span style=\"font-style: inherit; font-weight: inherit;\">Neurolo\u0161ka poliklinika<\/span><\/strong><\/p>\n<p><i><em><span style=\"font-style: inherit; font-weight: inherit;\">Specijalisti\u010dka ambulanta<\/span><\/em><\/i><span style=\"font-style: inherit; font-weight: inherit;\"> \u2013 zadnji radni dan u teku\u0107em mjesecu i prva dva radna dana slijede\u0107eg mjeseca, na telefon 035\/303-345 u vremenu od 08 do 11 sati.<\/span><\/p>\n<p><i><em><span style=\"font-style: inherit; font-weight: inherit;\">Kabinet za elektroencefalografiju (Kabinet za EEG)<\/span><\/em><\/i><span style=\"font-style: inherit; font-weight: inherit;\"> &#8211; svakim radnim danom, na telefon 035\/303-348, u vremenu od 08 do 12 sati.<\/span><\/p>\n<p><i><em><span style=\"font-style: inherit; font-weight: inherit;\">Kabinet za evocirane potencijale<\/span><\/em><\/i><span style=\"font-style: inherit; font-weight: inherit;\"> &#8211; svakim radnim danom, na telefon 035\/303-354, u vremenu od 08 do 10 sati.<\/span><\/p>\n<p><i><em><span style=\"font-style: inherit; font-weight: inherit;\">Kabinet za doplersonografiju<\/span><\/em><\/i><span style=\"font-style: inherit; font-weight: inherit;\"> &#8211; svakim radnim danom, na telefon 035\/303-344, u vremenu od 08 do 10 sati.<\/span><\/p>\n<p><strong><span style=\"font-style: inherit; font-weight: inherit;\">Poliklinika za plasti\u010dnu i maksilofacijalnu hirurgiju<\/span><\/strong><\/p>\n<p><span style=\"font-style: inherit; font-weight: inherit;\">Svakim radnim danom, na telefon 035\/303-725, u vremenu od 12 do 15 sati.<\/span><\/p>\n<p><strong><span style=\"font-style: inherit; font-weight: inherit;\">Psihijatrijska poliklinika<\/span><\/strong><\/p>\n<p><span style=\"font-style: inherit; font-weight: inherit;\">Svakim radnim danom, na telefon 035\/267-111, u vremenu od 08 do 15,30 sati.<\/span><\/p>\n<p><strong><span style=\"font-style: inherit; font-weight: inherit;\">Poliklinika za zarazne bolesti<\/span><\/strong><\/p>\n<p><i><em><span style=\"font-style: inherit; font-weight: inherit;\">Hepatolo\u0161ka ambulanta<\/span><\/em><\/i><span style=\"font-style: inherit; font-weight: inherit;\"> &#8211; svakim radnim danom, na telefon 035\/303-332, u vremenu od 09 do 10.<\/span><\/p>\n<p><strong><span style=\"font-style: inherit; font-weight: inherit;\">Postupanje po dolasku<\/span><\/strong><\/p>\n<p><span style=\"font-style: inherit; font-weight: inherit;\">Po dolasku u \u010dekaonicu pacijent se treba javiti medicinskoj sestri-tehni\u010daru na prijemu medicinske dokumentacije poliklinike na koju je upu\u0107en, gdje predaje zdravstvenu knji\u017eicu i uputnicu za pregled.<\/span><\/p>\n<p><strong><span style=\"font-style: inherit; font-weight: inherit;\">Otkazivanje zakazanog pregleda<\/span><\/strong><\/p>\n<p><span style=\"font-style: inherit; font-weight: inherit;\">U slu\u010daju nemogu\u0107nosti dolaska na zakazani pregled, pacijent je du\u017ean izvr\u0161iti otkazivanje najkasnije dan prije zakazanog pregleda, na iste brojeve telefona na koje vr\u0161i zakazivanje i u istim terminima.<\/span><\/p>\n","protected":false},"excerpt":{"rendered":"<p>PREGLEDI U POLIKLINI\u010cKOJ ZDRAVSTVENOJ ZA\u0160TITI Zakazivanje pregleda\/procedura Prijem pacijenata u specijalisti\u010dku\/subspecijalisti\u010dku ambulantu, kabinet ili savjetovali\u0161te (u daljem tekstu: ambulanta), radi pregleda ili provo\u0111enja dijagnosti\u010dke ili terapijske procedure (u daljem tekstu: pregled), vr\u0161i se na osnovu prethodno izvr\u0161enog zakazivanja. Pacijent, koji se upu\u0107uje na pregled, zakazivanje vr\u0161i preko ljekara porodi\u010dne medicine, telefonom ili li\u010dnim dolaskom\/dolaskom \u010dlana&hellip;<\/p>\n","protected":false},"author":1,"featured_media":16294,"parent":0,"menu_order":0,"comment_status":"closed","ping_status":"closed","template":"","meta":{"footnotes":""},"class_list":["post-722","page","type-page","status-publish","has-post-thumbnail","hentry","description-off"],"_links":{"self":[{"href":"https:\/\/www.ukctuzla.ba\/ukctuzla\/index.php?rest_route=\/wp\/v2\/pages\/722","targetHints":{"allow":["GET"]}}],"collection":[{"href":"https:\/\/www.ukctuzla.ba\/ukctuzla\/index.php?rest_route=\/wp\/v2\/pages"}],"about":[{"href":"https:\/\/www.ukctuzla.ba\/ukctuzla\/index.php?rest_route=\/wp\/v2\/types\/page"}],"author":[{"embeddable":true,"href":"https:\/\/www.ukctuzla.ba\/ukctuzla\/index.php?rest_route=\/wp\/v2\/users\/1"}],"replies":[{"embeddable":true,"href":"https:\/\/www.ukctuzla.ba\/ukctuzla\/index.php?rest_route=%2Fwp%2Fv2%2Fcomments&post=722"}],"version-history":[{"count":1,"href":"https:\/\/www.ukctuzla.ba\/ukctuzla\/index.php?rest_route=\/wp\/v2\/pages\/722\/revisions"}],"predecessor-version":[{"id":723,"href":"https:\/\/www.ukctuzla.ba\/ukctuzla\/index.php?rest_route=\/wp\/v2\/pages\/722\/revisions\/723"}],"wp:featuredmedia":[{"embeddable":true,"href":"https:\/\/www.ukctuzla.ba\/ukctuzla\/index.php?rest_route=\/wp\/v2\/media\/16294"}],"wp:attachment":[{"href":"https:\/\/www.ukctuzla.ba\/ukctuzla\/index.php?rest_route=%2Fwp%2Fv2%2Fmedia&parent=722"}],"curies":[{"name":"wp","href":"https:\/\/api.w.org\/{rel}","templated":true}]}}