{"id":8214,"date":"2019-10-18T11:16:53","date_gmt":"2019-10-18T10:16:53","guid":{"rendered":"http:\/\/www.ukctuzla.ba\/ukctuzla\/?page_id=8214"},"modified":"2025-03-20T10:23:43","modified_gmt":"2025-03-20T09:23:43","slug":"odjeljenje-ginekoloske-onkologije","status":"publish","type":"page","link":"https:\/\/www.ukctuzla.ba\/ukctuzla\/?page_id=8214&lang=bs","title":{"rendered":"Poro\u0111ajno odjeljenje"},"content":{"rendered":"<p><strong>\u0160ef Odjeljenja:<\/strong> Doc. dr. med. sci Enida Neva\u010dinovi\u0107, specijalista ginekologije i aku\u0161erstva<\/p>\n<p><strong>Odgovorna medicinska sestra:<\/strong>\u00a0Lejla Suba\u0161i\u0107, diplomirana medicinska sestra<\/p>\n<p><strong>Kontakt:<\/strong><\/p>\n<p>e-mail:\u00a0 info@ukctuzla.ba<\/p>\n<p>tel:\u00a0 00 387 35 303 416<\/p>\n<ul>\n<li>Porodili\u0161te koje je dobilo UNICEF-ov status \u201cPorodili\u0161te- prijatelj beba\u201c.<\/li>\n<li>Mogu\u0107nost da poro\u0111aju prisustvuje osoba po izboru porodilje<\/li>\n<li>Individualizirani pristup porodilji i njezinim \u017eeljama o na\u010dinu ra\u0111anja<\/li>\n<li>Kontinuirani te\u010daj za trudnice<\/li>\n<li>Bezbolan poro\u0111aj<\/li>\n<li>Prisustvo na poro\u0111aju nije uvjetovano prethodnim poha\u0111anjem te\u010daja pripreme trudnica za poro\u0111aj<\/li>\n<li>Uzimanje krvi iz pupkovine za mati\u010dne stanice koja se mo\u017ee pohraniti u Banku krvi iz pupkovine<\/li>\n<li>Odjeljenja raspola\u017eu sa 15 bolesni\u010dkih kreveta<\/li>\n<\/ul>\n","protected":false},"excerpt":{"rendered":"<p>\u0160ef Odjeljenja: Doc. dr. med. sci Enida Neva\u010dinovi\u0107, specijalista ginekologije i aku\u0161erstva Odgovorna medicinska sestra:\u00a0Lejla Suba\u0161i\u0107, diplomirana medicinska sestra Kontakt: e-mail:\u00a0 info@ukctuzla.ba tel:\u00a0 00 387 35 303 416 Porodili\u0161te koje je dobilo UNICEF-ov status \u201cPorodili\u0161te- prijatelj beba\u201c. Mogu\u0107nost da poro\u0111aju prisustvuje osoba po izboru porodilje Individualizirani pristup porodilji i njezinim \u017eeljama o na\u010dinu ra\u0111anja Kontinuirani&hellip;<\/p>\n","protected":false},"author":2,"featured_media":16294,"parent":0,"menu_order":0,"comment_status":"closed","ping_status":"closed","template":"","meta":{"footnotes":""},"class_list":["post-8214","page","type-page","status-publish","has-post-thumbnail","hentry","description-off"],"_links":{"self":[{"href":"https:\/\/www.ukctuzla.ba\/ukctuzla\/index.php?rest_route=\/wp\/v2\/pages\/8214","targetHints":{"allow":["GET"]}}],"collection":[{"href":"https:\/\/www.ukctuzla.ba\/ukctuzla\/index.php?rest_route=\/wp\/v2\/pages"}],"about":[{"href":"https:\/\/www.ukctuzla.ba\/ukctuzla\/index.php?rest_route=\/wp\/v2\/types\/page"}],"author":[{"embeddable":true,"href":"https:\/\/www.ukctuzla.ba\/ukctuzla\/index.php?rest_route=\/wp\/v2\/users\/2"}],"replies":[{"embeddable":true,"href":"https:\/\/www.ukctuzla.ba\/ukctuzla\/index.php?rest_route=%2Fwp%2Fv2%2Fcomments&post=8214"}],"version-history":[{"count":5,"href":"https:\/\/www.ukctuzla.ba\/ukctuzla\/index.php?rest_route=\/wp\/v2\/pages\/8214\/revisions"}],"predecessor-version":[{"id":18169,"href":"https:\/\/www.ukctuzla.ba\/ukctuzla\/index.php?rest_route=\/wp\/v2\/pages\/8214\/revisions\/18169"}],"wp:featuredmedia":[{"embeddable":true,"href":"https:\/\/www.ukctuzla.ba\/ukctuzla\/index.php?rest_route=\/wp\/v2\/media\/16294"}],"wp:attachment":[{"href":"https:\/\/www.ukctuzla.ba\/ukctuzla\/index.php?rest_route=%2Fwp%2Fv2%2Fmedia&parent=8214"}],"curies":[{"name":"wp","href":"https:\/\/api.w.org\/{rel}","templated":true}]}}