{"id":9784,"date":"2022-10-07T09:32:31","date_gmt":"2022-10-07T08:32:31","guid":{"rendered":"http:\/\/www.ukctuzla.ba\/ukctuzla\/?page_id=9784"},"modified":"2026-02-12T14:44:25","modified_gmt":"2026-02-12T13:44:25","slug":"klinika-za-bolesti-uha-grla-i-nosa-djelatnost","status":"publish","type":"page","link":"https:\/\/www.ukctuzla.ba\/ukctuzla\/?page_id=9784&lang=bs","title":{"rendered":"Klinika za bolesti uha, grla i nosa i hirurgiju glave i vrata-Djelatnost"},"content":{"rendered":"<p><strong>ODJELJENJE ZA OTORINOLARINGOLOGIJU<\/strong><br \/>\n<strong>\u0160ef Odjeljenja:<\/strong> Prim. dr. Emir \u0160ehanovi\u0107, specijalista ORL<br \/>\n<strong>Odgovorna medicinska sestra\/tehni\u010dar:<\/strong> Ivana Sabitovi\u0107, dipl. med. sestra<\/p>\n<p style=\"text-align: justify;\">Svakodnevni rad na odjeljenju podrazumijeva aktivnosti usmjerene na dijagnostiku i lije\u010denje: oboljenja uha (upale, tumori, o\u0161te\u0107enja sluha), oboljenja nosa i paranazalnih \u0161upljina, oboljenja \u017edrijela i grkljana (tonzilitisi, uro\u0111ene i ste\u010dene anomalije, maligna oboljenja). U tom pravcu preduzimaju se sljede\u0107e dijagnosti\u010dke procedure: ORL pregled, ultrazvu\u010dni pregled vrata, rinomanometrija, videostroboskopija, fiberopti\u010dki-endonazalni pregled. Nakon uspostavljanja dijagnoze, pristupa se (u zavisnosti od stanja pacijenta) konzervativnom, farmakolo\u0161kom ili hirur\u0161kom lije\u010denju oboljenja. Kod hirur\u0161kog lije\u010denja oboljenja uposlenici klinike su osposobljeni za uspje\u0161no izvo\u0111enje ve\u0107ine operacijskih zahvata koji se izvode na klinikama ovog ranga u okru\u017eenju. Kod lije\u010denja oboljenja paranazalnih sinusa, koristi se sinusna endoskopska hirurgija (FESS).<\/p>\n<p>&nbsp;<\/p>\n<p><strong>ODJELJENJE ZA RINOSINUSOLOGIJU<\/strong><br \/>\n<strong>\u0160ef Odjeljenja:<\/strong> Prim. dr. Ned\u017ead Salki\u0107, specijalista ORL<br \/>\n<strong>Odgovorna medicinska sestra\/tehni\u010dar:<\/strong><\/p>\n<p>Odjeljenje za rinosinusologiju se bavi dijagnosticiranjem i hirur\u0161kim lije\u010denjem bolesti nosa i paranazalnih sinusa.<br \/>\nOd dijagnosti\u010dkih procedura se provode:<br \/>\nRinomanometrija i Fiberopti\u010dki endonazalni pregled.<br \/>\nOd operativnih procedura se trenutno provode:<\/p>\n<ul>\n<li>Rekonstrukcije deformiteta nosne pregrade i piramide (septoplastika i septorinoplastika),<\/li>\n<li>Endoskopske operacije deformiteta nosne pregrade,<\/li>\n<li>Endoskopske operacije sinonazalne polipoze,<\/li>\n<li>Endoskopske operacije tumora paranazalnih sinusa,<\/li>\n<li>Endoskopske operacije stenoze suznih kanala,<\/li>\n<li>Endoskopske operacije dekompresije orbite,<\/li>\n<li>Hiru\u0161ko lije\u010denje tumora nosa i paranazalnih sinusa<\/li>\n<\/ul>\n<p>&nbsp;<\/p>\n<p><strong>ODJELJENJE ZA TUMORE GLAVE I VRATA<\/strong><br \/>\n<strong>\u0160ef Odjeljenja: <\/strong><br \/>\n<strong>Odgovorna medicinska sestra\/tehni\u010dar:<\/strong> Velida Dedi\u0107, dipl.med.sestra<\/p>\n<p>Odjeljenje za tumore glave i vrata se bavi dijagnosticiranjem i hirur\u0161kim lije\u010denjem pacijenata oboljelih od tumora glave i vrata.<br \/>\nOd dijagnosti\u010dkih procedura koje se provode su:<\/p>\n<ul>\n<li>UZ vrata,<\/li>\n<li>Videostroboskopija,<\/li>\n<li>Direktoskopija,<\/li>\n<li>Traheoskopija,<\/li>\n<li>Fiberopti\u010dki endonazalni pregled,<\/li>\n<li>Epifaringoskopija,<\/li>\n<li>Biopsija supsektnog tumorskog tkiva sa upu\u0107ivanjem na patohistolo\u0161ku analizu.<\/li>\n<\/ul>\n<p>Od operativnih procedura trenutno se provode:<\/p>\n<ul>\n<li>Laringomikroskopija sa biopsijom,<\/li>\n<li>Ezofagoskopija sa eventualnom biopsijom,<\/li>\n<li>Epifaringoskopija sa biopsijom tumora epifaringsa,<\/li>\n<li>Slo\u017eeniji operativni zahvati na vratu (biopsija tumora, biopsija limfnih \u010dvorova, extirpacija tumora, extirpacija limfnih \u010dvorova, disekcije vrata-radikalna\/funkcionalna),<\/li>\n<li style=\"text-align: justify;\">Operativni zahvati na \u0161titnoj \u017elijezdi i paratireoidnim \u017elijezdama zbog tumora (totalna tireoidektomija, lobektomija, subtotalna tireoidektomija, lobektomija sa istmektomijom, extirpacija paratireoidnih \u017elijezda\/totalna\/subtotalna, enukleacija \u010dvora iz \u0161titne \u017elijezde),<\/li>\n<li>Operativni zahvati na pljuva\u010dnim \u017elijezdama zbog malignih tumora (odstranjnje submandibularne \u017elijezde, operativni zahvati na parotidnoj \u017elijezdi-extirpacija tumora\/totalna parotidektomija)<\/li>\n<li style=\"text-align: justify;\">Odstranjivanje tumora ko\u017ee lica i vrata sa primarnim zatvaranjem ili kod ve\u0107ih defekata pokrivanje sa lokalnim rotacionim re\u017enjevima, sa muskulokutanim flapovima (flap m. pectoralisa) ili pokrivanje sa slobodnim transplatatima (Tirsch, Woolf),<\/li>\n<li style=\"text-align: justify;\">Slo\u017eeni operativni zahvati u podru\u010dju orofaringsa i hipofaringsa (pro\u0161irena tonzilektomija, excizija tumora oro i hipofaringsa),<\/li>\n<li style=\"text-align: justify;\">Slo\u017eeni operativni zahvati malignih tumora u podru\u010dju hipofaringsa i po\u010detnog dijela cervikalnog jednjaka (Gastric-pull operacija),<\/li>\n<li style=\"text-align: justify;\">Slo\u017eeni operativni zahvati u podru\u010dju larinksa (totalna laringektomija, parcijalna laringektomija-supragloti\u010dna\/lateralna\/frontolateralna, hordektomija-simplex i distensa),<\/li>\n<li>Slo\u017eeni operativni zahvati u cilju odstranjenja malignih tumora nosa i paranazalnih sinusa,<\/li>\n<li>Operativni zahvati na u\u0161nim \u0161koljkama zbog malignih tumora (exscisija tumora u\u0161ke, klinasta resekcija tumora, semiamputacija u\u0161ke, amputacija u\u0161ke)<\/li>\n<\/ul>\n<p>&nbsp;<\/p>\n<p><strong>ODJELJENJE ZA DNEVNU HIRURGIJU<\/strong><br \/>\n<strong>\u0160ef Odjeljenja:<\/strong> Doc.dr.med.Almedina Rama\u0161 dr.med., specijalista ORL-subspecijalista audiolog<br \/>\n<strong>Odgovorna medicinska sestra\/tehni\u010dar:<\/strong> Mirela \u0160kripi\u0107, magistar sestrinstva<\/p>\n<p style=\"text-align: justify;\">Dnevna hirurgija se defini\u0161e kao operacija\/postupak koji se obavlja ambulantno u bolnici, poslije kojeg se pacijent otpu\u0161ta istog dana ili operacija\/postupak poslije kojeg pacijent se zadr\u017eava preko no\u0107i na odjeljenju, a kome je nu\u017ean produ\u017eeni boravak. Dnevna hirurgija je odjeljenje na Klinici za bolesti uha, grla i nosa i hirurgiju glave i vrata, gdje se izvode otorinolaringolo\u0161ke intervencije u lokalnoj anesteziji u cilju dijagnostike ili terapijskog postupka. Pacjenti koji se podvrgavaju tretmanu dnevne hirurgiju se planiraju i zakazuju, a manji broj pacijentata u hitnim slu\u010dajevima se prima na Odjel izvan plana.<br \/>\nDijagnosti\u010dke i terapijske, hirur\u0161ke procedure koje se izvode na Odjelu za dnevnu hirurgiju su:<\/p>\n<ul>\n<li>Biopsije limfnih \u010dvorova ili tumora vrata<\/li>\n<li>Biopsije tumora lica<\/li>\n<li>Ekscizije malignih i benignih tumora vrata<\/li>\n<li>Ekscije malignih i benignih tumora lica<\/li>\n<li>Rekonstrukcija i plastika defekta lica i vrata<\/li>\n<li>Biopsije i ekscizije tumora nosa<\/li>\n<li>Direktoskopija radi pregleda hipofarinksa i endolarinksa ili radi biopsije\/odstranjenja tumora<\/li>\n<li>Direktoskopija radi odstranjenja stranog tijela<\/li>\n<li>Epifaringoskopija radi pregleda, biopsije ili odstranjenja stranog tijela<\/li>\n<li>Bu\u017eiranje stenoze jednjaka<\/li>\n<li>Otomikroskopija radi toalete, biopsije ili odstranjenja stranog tijela<\/li>\n<li>Instilacija ili ekstrakcija ventilatornih cjev\u010dica<\/li>\n<li>Plasiranje ventilatorne cjev\u010dice lakrimalnog kanala<\/li>\n<li>Plastika traheostome<\/li>\n<li>Traheoskopija kod traheotomiranih pacijenata<\/li>\n<li>Endoskopija nosnih kavuma radi pregleda, biopsije ili odstranjenja stranog tijela<\/li>\n<li>Fiberendoskopki pregled (nosnog kavuma, \u017edrijela i po\u010detnog dijela grkljana)<\/li>\n<li>Prednja ili stra\u017enja nosna tamponada kod obilnih krvarenja iz nosa<\/li>\n<li>Incizija ateroma, furunkula, karbunkula ili apscesa na licu, vratu, te apscesa u oro ili hipofarinksu<\/li>\n<li>Zbrinjavanje povreda lica i vrata<\/li>\n<\/ul>\n<p>&nbsp;<\/p>\n<p><strong>AUDIOLO\u0160KO ODJELJENJE<\/strong><br \/>\n<strong>\u0160ef Odjeljenja:<\/strong> Prof. dr. med. sci. Fuad Brki\u0107, primarijus, specijalista ORL- subspecijalista audiolog<br \/>\n<strong>Odgovorna medicinska sestra\/tehni\u010dar:<\/strong> Alija Suljagi\u0107, dipl.med.tehni\u010dar<\/p>\n<p style=\"text-align: justify;\">Svakodnevni poslovi na odjeljenju podrazumjevaju rad sa osobama o\u0161te\u0107enog sluha, \u0161to se odnosi na dijagnosti\u010dke i terapijske procedura kod ovakvih stanja: audiometrija (tonska i govorna), timpanometrija, ispitivanje akusti\u010dkih refleksa, ispitivanje evociranih slu\u0161nih potencijala mo\u017edanog debla, ispitivanje otoakusti\u010dkih emisija, te rehabilitacija sluha (slu\u0161na pomagala, kohlearni implantati).<br \/>\nIsto tako, pacijenti koji boluju od vertiginoznog sindroma, tinnitusa (zujanja u u\u0161ima), su predmet dijagnoze i tretmana na ovom odjeljenju, a u tom pravcu se poduzimaju sljede\u0107e procedure: videookulografsko testiranje (spontani nistagmus, pozicioni nistagmus, rotacijski nistagmus, cervikalni nistagmus), kalorijsko testiranje vestibularnog aparata, balansni testovi, vestibularne rehabilitacijske vje\u017ebe.<\/p>\n<p>&nbsp;<\/p>\n<p><strong>FONIJATRIJSKO ODJELJENJE<\/strong><br \/>\n<strong>\u0160ef Odjeljenja:<\/strong> prof. dr. med. sci. Almir Salki\u0107, specijalista ORL<br \/>\n<strong>Odgovorna medicinska sestra\/tehni\u010dar:<\/strong> Amila Kra\u0161i\u0107, magistar sestrinstva<\/p>\n<p style=\"text-align: justify;\">Svakodnevni poslovi na odjeljenju podrazumjevaju rad sa osobama poreme\u0107ajem govora, jezika, glasa i gutanja, \u0161to se odnosi na dijagnosti\u010dke i terapijske procedura kod ovakvih stanja: subjektivna i objektivna analiza glasa (tonziloadenoidektomija, totalna tireoidektomija, benigne lezije glasnica, totalne i parcijalne laringektomije, neurolo\u0161kih i funkcionalnih disfonija), utvr\u0111ivanje artikulaciono-jezi\u010dkog statusa primjenom odgovaraju\u0107ih testova kod pacijenta sa dislalijom, mucanjem, disfazijom, nedovoljna-govorna jezi\u010dka razvijenost, utvr\u0111ivanje sposobnosti gutanja primjenom odgovaraju\u0107ih testova (oro-faringealna disfagija), te rehabilitacija govor, govorne proteze, glasa i gutanja kod navedenih pacijenata.<\/p>\n<p>&nbsp;<\/p>\n<p><strong>Knjige i ud\u017ebenici u \u010dijem pisanju su u\u010destvovali uposlenici Klinike<\/strong><\/p>\n<ol>\n<li>Otorinolaringologija za studente Medicinskog fakulteta Beograd\/Zagreb: Medicinska knjiga, 1990.<\/li>\n<li>Slu\u0161na pomagala. Tuzla: Print-Com, 2001.<\/li>\n<li>Za\u0161tita razvojnog doba. Tuzla: Bosanska rije\u010d, 2004.<\/li>\n<li>Audiologija. Tuzla, Harfo-graf, 2005.<\/li>\n<li>Praktikum iz audiologije. Tuzla, Harfo-graf, 2005.<\/li>\n<li>Praktikum iz otorinolaringologije. Sarajevo, Arka Press, 2006.<\/li>\n<li>Rehabilitacija djece sa ugra\u0111enim kohlearnim implantatom. Sarajevo, Grafika \u0160ARAN, 2007.<\/li>\n<li>Alergijski rinitis: Dijagnoza i lije\u010denje. Tuzla, Harfo-graf, 2008.<\/li>\n<li>Slu\u0161ni aparati. Tuzla, Harfo-graf, 2008.<\/li>\n<li>Alergijski rinitis u djece. Tuzla, Harfo-graf, 2009.<\/li>\n<li>Alergijski rinitis i astma. Tuzla, Harfo-graf, 2010.<\/li>\n<li>Disfagija: uzroci, dijagnoza, tretman i rehabilitacija. Tuzla, Harfo-graf, 2010.<\/li>\n<li>Otorinolaringologija i pridru\u017eena njega. Panevropski Univerzitet APEIRON, 2012.<\/li>\n<li>Prakti\u010dna otorinolaringologija. Tuzla, Harfo-graf, 2014.<\/li>\n<\/ol>\n<p>&nbsp;<\/p>\n<p><strong>Projekti<\/strong><\/p>\n<ol>\n<li style=\"text-align: justify;\">\u00abDr. Speech Package-pobolj\u0161anje kvaliteta prakti\u010dne nastave za studente Defektolo\u0161kog fakulteta\u00bb. World University Service- Austrian Committee SSP 4\/II No. 7686\/99.<\/li>\n<li style=\"text-align: justify;\">\u00abeLearning Distant Learning Programme\u00bb- WUS Austria. Project No.: DL2003-01. Univerzitetski centar za razvoj daljinskog u\u010denja.<\/li>\n<li>\u201eScreening mutacija gena za connexin 26 (GJB2) i connexin 30 (GJB6) u populaciji Tuzlanskog kantona\u201c. Vlada Tuzlanskog kantona, Odluka br. 02\/1- od 19.12.2007.<\/li>\n<li style=\"text-align: justify;\">\u201eOtvoreno multicentri\u010dno klini\u010dko ispitivanje efikasnosti i sigurnosti primjene lijeka Lysobact u lije\u010denju i prevenciji postoperativnih komplikacija nakon tonzilektomije\u201c. Istra\u017eiva\u010dki projekat kompanije \u201eBosnalijek\u201c proveden 2008.-2009. godine.<\/li>\n<li style=\"text-align: justify;\">\u201cA Phase III, Open-Labeled, Randomized, Multi-Center Study of Effects of Leucocyte Interleukin, Injection (Multikine) Plus Standard of Care (Surgery + Radiotherapy or Surgery + Concurrent Chemoradiotherapy) in Subjects with Advanced Primary Squamous Cell carcinoma of the Oral Cavity\/soft Palate Versus Standard of Care Only\u201d (Zapo\u010det projekat).<\/li>\n<li>\u201eJednogodi\u0161nja studija za procjenu efikasnosti i bezbjednosti ALK imunoterapije u obliku tableta protiv alergije na grinje iz ku\u0107ne pra\u0161ine kod bolesnika sa alergijskim rinitisom izazvanima grinjama iz ku\u0107ne pra\u0161ine\u201c (MT-06).<\/li>\n<li>Projekat kohlearne implantacije na klinici (od 2001).<\/li>\n<\/ol>\n<p>&nbsp;<\/p>\n<p>&nbsp;<\/p>\n<p>&nbsp;<\/p>\n<p>&nbsp;<\/p>\n<p>&nbsp;<\/p>\n<p><a href=\"https:\/\/www.ukctuzla.ba\/ukctuzla\/wp-content\/uploads\/2018\/04\/Tuzlanska-ORL-\u0161kola.png\"><img loading=\"lazy\" decoding=\"async\" class=\"alignnone size-medium wp-image-5988\" src=\"https:\/\/www.ukctuzla.ba\/ukctuzla\/wp-content\/uploads\/2018\/04\/Tuzlanska-ORL-\u0161kola-300x212.png\" alt=\"\" width=\"300\" height=\"212\" srcset=\"https:\/\/www.ukctuzla.ba\/ukctuzla\/wp-content\/uploads\/2018\/04\/Tuzlanska-ORL-\u0161kola-300x212.png 300w, https:\/\/www.ukctuzla.ba\/ukctuzla\/wp-content\/uploads\/2018\/04\/Tuzlanska-ORL-\u0161kola.png 534w\" sizes=\"auto, (max-width: 300px) 100vw, 300px\" \/><\/a><\/p>\n<h5><strong>Tuzlanska ORL \u0161kola <a href=\"https:\/\/www.ukctuzla.ba\/ukctuzla\/?page_id=5985&amp;lang=bs\" target=\"_blank\" rel=\"noopener\">vi\u0161e<\/a><\/strong><\/h5>\n","protected":false},"excerpt":{"rendered":"<p>ODJELJENJE ZA OTORINOLARINGOLOGIJU \u0160ef Odjeljenja: Prim. dr. Emir \u0160ehanovi\u0107, specijalista ORL Odgovorna medicinska sestra\/tehni\u010dar: Ivana Sabitovi\u0107, dipl. med. sestra Svakodnevni rad na odjeljenju podrazumijeva aktivnosti usmjerene na dijagnostiku i lije\u010denje: oboljenja uha (upale, tumori, o\u0161te\u0107enja sluha), oboljenja nosa i paranazalnih \u0161upljina, oboljenja \u017edrijela i grkljana (tonzilitisi, uro\u0111ene i ste\u010dene anomalije, maligna oboljenja). U tom pravcu&hellip;<\/p>\n","protected":false},"author":2,"featured_media":16294,"parent":0,"menu_order":0,"comment_status":"closed","ping_status":"closed","template":"","meta":{"footnotes":""},"class_list":["post-9784","page","type-page","status-publish","has-post-thumbnail","hentry","description-off"],"_links":{"self":[{"href":"https:\/\/www.ukctuzla.ba\/ukctuzla\/index.php?rest_route=\/wp\/v2\/pages\/9784","targetHints":{"allow":["GET"]}}],"collection":[{"href":"https:\/\/www.ukctuzla.ba\/ukctuzla\/index.php?rest_route=\/wp\/v2\/pages"}],"about":[{"href":"https:\/\/www.ukctuzla.ba\/ukctuzla\/index.php?rest_route=\/wp\/v2\/types\/page"}],"author":[{"embeddable":true,"href":"https:\/\/www.ukctuzla.ba\/ukctuzla\/index.php?rest_route=\/wp\/v2\/users\/2"}],"replies":[{"embeddable":true,"href":"https:\/\/www.ukctuzla.ba\/ukctuzla\/index.php?rest_route=%2Fwp%2Fv2%2Fcomments&post=9784"}],"version-history":[{"count":32,"href":"https:\/\/www.ukctuzla.ba\/ukctuzla\/index.php?rest_route=\/wp\/v2\/pages\/9784\/revisions"}],"predecessor-version":[{"id":20719,"href":"https:\/\/www.ukctuzla.ba\/ukctuzla\/index.php?rest_route=\/wp\/v2\/pages\/9784\/revisions\/20719"}],"wp:featuredmedia":[{"embeddable":true,"href":"https:\/\/www.ukctuzla.ba\/ukctuzla\/index.php?rest_route=\/wp\/v2\/media\/16294"}],"wp:attachment":[{"href":"https:\/\/www.ukctuzla.ba\/ukctuzla\/index.php?rest_route=%2Fwp%2Fv2%2Fmedia&parent=9784"}],"curies":[{"name":"wp","href":"https:\/\/api.w.org\/{rel}","templated":true}]}}