{"id":98,"date":"2016-02-13T10:19:36","date_gmt":"2016-02-13T09:19:36","guid":{"rendered":"http:\/\/10.0.0.65\/ukctuzla3\/?page_id=98"},"modified":"2025-03-12T10:07:36","modified_gmt":"2025-03-12T09:07:36","slug":"o-nama","status":"publish","type":"page","link":"https:\/\/www.ukctuzla.ba\/ukctuzla\/?page_id=98&lang=bs","title":{"rendered":"O NAMA"},"content":{"rendered":"<p><a href=\"https:\/\/www.ukctuzla.ba\/ukctuzla\/?page_id=1878&amp;lang=bs\" target=\"_blank\" rel=\"noopener\">Razvoj zdravstva u Tuzli (vi\u0161e)<\/a><\/p>\n<p style=\"text-align: justify;\">Javna zdravstvena ustanova Univerzitski klini\u010dki centar Tuzla moderna je ustanova sa jasnom vizijom svog razvoja i misijom da kontinuiranom edukacijom unapre\u0111uje i podi\u017ee kvalitet usluga za svoje pacijente kako bi bila liderom u brizi o zdravlju gra\u0111ana, prepoznata u lije\u010denju, edukaciji i inovacijama. U Univerzitetskom klini\u010dkom centru Tuzla primjenjuju se savremene i visokosofisticirane dijagnosti\u010dke procedure, uvode nove operatvne metode, prate dostignu\u0107a u medicini na razli\u010ditim nivoima, vr\u0161i kontinuirana edukacija kadra i odvija kvalitetna nau\u010dno-istra\u017eiva\u010dka aktivnost. UKC Tuzla je prepoznatljiv po dobroj organizaciji, efikasnosti, efektivnosti i ekonomi\u010dnosti, te razvoju i ovladavanju znanjem i vje\u0161tinama u oblasti visoko diferenciranih medicinskih metoda.<\/p>\n<p style=\"text-align: justify;\"><strong>Organizacija savremene ustanove<\/strong><br \/>\nJavna zdravstvena ustanova Univerzitski klini\u010dki centar Tuzla prostire se na ukupno 60.000 kvadratnih metara prostora i \u010detiri lokacije: kompleks Gradina koga \u010dini nekoliko objekata u kojima su smje\u0161tene klinike, poliklinike, zavodi, uprava, administracija i tehni\u010dka podr\u0161ka, te objekti u naseljima Kreka, Slavinovi\u0107i i Solina.<br \/>\nJavna zdravstvena ustanova Univerzitski klini\u010dki centar Tuzla ima 42 organizacione jedinice, od \u010dega, 23 Klinike, 2 Poliklinike, 2 Zavoda, Centar palijativne njege i Urgentni centar, Bolni\u010dku apoteku, 7 sektora i 5 slu\u017ebi.<\/p>\n<p style=\"text-align: justify;\"><strong>Statisti\u010dki podaci<\/strong><br \/>\nU javnoj zdravstvenoj ustanovi Univerzitetski klini\u010dki centar Tuzla zaposleno je 2.508 uposlenika, od \u010dega su njih 1.836 zdravstveni radnici, 537 doktora medicine i 1.229 medicinskih sestara \u2013 tehni\u010dara (320 sa vi\u0161om i visokom stru\u010dnom spremom i 909 sa srednjom stru\u010dnom spremom). Pored toga, zaposlen je 58 zdravstveni saradnik i 12 specijalista farmacije i biohemije, i 672 razli\u010ditih nemedicinskih zaposlenika.<br \/>\nU JZU UKC Tuzla, \u010diji je kapacitet 1.333 bolni\u010dka kreveta, godi\u0161nje se lije\u010di oko 46.000 bolesnika, obavi preko 20.000 operacija za le\u017ee\u0107e bolesnike, oko 9.000 operacija za ambulantne bolesnike i pru\u017ei vi\u0161e od 3.000.000 usluga i pregleda, te ostvareno preko 300.000 bolnoopskrbnih dana uz prosje\u010dnu du\u017einu lije\u010denja od 6,54 dana.<\/p>\n<p style=\"text-align: justify;\"><strong>Edukacija kao opredjeljenje<\/strong><br \/>\nEdukacija je vrlo va\u017ena u na\u0161oj ustanovi. UKC Tuzla ima konekcije i veze sa bolnicama \u0161irom svijeta i mnogo se ula\u017ee u edukaciju kadra.<\/p>\n<p style=\"text-align: justify;\">Sa jednim akademikom, 63 profesora, 78 doktora nauka i 100 magistara UKC Tuzla je nastavna baza za: Medicinski, Farmaceutski, Edukacijsko \u2013 rehabilitacijski fakultet, Visoku zdravstvenu \u0161kolu Univerziteta u Tuzli i Srednju medicinsku \u0161kolu. A od 2015. godine i nastavna baza za Evropski univerzitet Br\u010dko distrikt i Evropski univerzitet \u201cKallos\u201d Tuzla.<\/p>\n<p style=\"text-align: justify;\">Pored toga, u okviru sklopljenih sporazuma o saradnji u Ustanovi se obavlja edukacija visokog i srednjeg medicinskog kadra iz drugih centara u BiH, te specijalizanata posebnih programa.<br \/>\nLjekari UKC Tuzla vrlo su aktivni u na\u010dno-istra\u017eiva\u010dkom segmentu i svoje radove objavljuju u indeksiranim stru\u010dnim i nau\u010dnim \u010dasopisima citiranim u Current Contents (CC) bazi podataka koja pokriva sadr\u017eaje oko 7000 najva\u017enijih nau\u010dnih \u010dasopisa u svijetu.<\/p>\n<p style=\"text-align: justify;\">JZU UKC Tuzla je godi\u0161nje organizator brojnih stru\u010dnih doga\u0111aja sa vi\u0161e od 10.000 doma\u0107ih i me\u0111unarodnih u\u010desnika.<\/p>\n<p style=\"text-align: justify;\">Tokom godine jednom mjese\u010dno se odr\u017eavaju sastanci na kojima se prezentuju rezultati rada klinika, kao i stru\u010dni sastanci medicinskih sestara tehni\u010dara<\/p>\n<p style=\"text-align: justify;\"><strong>Permanentna edukacija u unapre\u0111enje rada kroz projekte saradnje<\/strong><br \/>\nUspostavom saradnje sa velikim brojem medicinskih ustanova \u0161irom svijeta, UKC Tuzla svoj razvoj bazira na permanentnoj stru\u010dnoj i nau\u010dnoj edukaciji medicinskih radnika i medicinskih saradnika u zemlji i inostranstvu. Brojne su destinacije u kojima ljekari, medicinske sestre, administrativni radnici i drugo osoblje vr\u0161e usavr\u0161avanje. Edukacija se provodi u okviru partnerskih projekata, tako da, osim boravka na\u0161ih stru\u010dnjaka u najsavremenijim medicinskim centrima \u0161irom svijeta, svjetski priznati stru\u010dnjaci \u010desto borave u UKC Tuzla. Obostrana saradnja je osigurana sa velikim centrima iz: Slovenije (Ljubljana, Maribor, Golnik), Hrvatske (Zagreb, Split, Rijeka, Osijek), Srbije (Beograd, Novi Sad, Sremska Kamenica, \u0106uprija), SAD-a (Buffalo, Cincinnati, Chicago, Maryland), Francuske (Strasbourg, Paris, Anges, Nantes), Austrije (Wienna), Njema\u010dke (G\u00fcnzburg, Ulm, Libek, Frankfurt, Regensburg), \u0160vedske (\u00d6rebro), Norve\u0161ke (Oslo, Trondhaim), Engleske (Leeds), Italije (Udine), \u0160vicarska (Berne), Turska.<\/p>\n<p style=\"text-align: justify;\"><strong>Kvalitetom do uspjeha<\/strong><br \/>\nIskorak u organizaciji i pra\u0107enju savremenih trendova, kao i stvaranju imid\u017ea zdravstvene ustanove koja pru\u017ea usluge standardnog i visokog kvaliteta, zna\u010dajnu ulogu ima uspostava sistema pobolj\u0161anja kvaliteta, koja se odvija u saradnji sa Agencijom za kvalitet i akreditacije u zdravstvu u Federaciji BiH. Standardizacija podrazumijeva uspostavu unutra\u0161njeg sistema pobolj\u0161anja kvaliteta, definisanje misije, vizije i vrijednosti zdravstvene ustanove, strate\u0161ko planiranje u domenu upravljanja kvalitetom i obezbje\u0111enje odre\u0111enih resursa za te namjene, te izradu odre\u0111enih akata unutar zdravstvene ustanove, kao \u0161to su klini\u010dke vodilje, dokumentirane procedure, programi, protokoli, evidencije i uspostava odre\u0111enih indikatora preko kojih se mjeri kvalitet.<br \/>\nUniverzitetski lini\u010dki centar Tuzla dobio je, u decembru 2014. godine, priznanje kao ustanova koja je najvi\u0161e doprinijela \u0161irenju projekta i pomo\u0107i drugima pri uspostavi sistema kvaliteta i sigurnosti u kategoriji dobre prakse. Prema anketi koju je provelo Udru\u017eenje za razvoj dru\u0161tva \u201cKap\u201d, uz podr\u0161ku ambasade SAD, u 2016. godini, Univerzitetski klini\u010dki centar Tuzla progla\u0161en je za najbolju zdravstvenu ustanovu u FBiH.<\/p>\n<p style=\"text-align: justify;\"><strong>UKC Tuzla prvi akreditirani klini\u010dki centar u FBiH<\/strong><br \/>\nUniverzitetski klini\u010dki centar Tuzla je u skladu sa na\u010delom stalnog unapre\u0111enja kvaliteta zdravstvene za\u0161tite i kvaliteta zdravstvenih usluga, jo\u0161 2003. godine, krenuo u proces standardizacije, prvenstveno radnih procesa. Ove aktivnosti vodila je posebno organizovana organizaciona jedinica, \u010diji zadatak je bio da, u saradnji sa svim ostalim organizacionim jedinicama, izvr\u0161i standardizaciju, odnosno uspostavi, odr\u017eava i unapre\u0111uje sistem kvaliteta i sigurnosti. Sve to dovelo je do ispunjavanja obaveza utvr\u0111enih Akreditacijskim standardima za bolnice i Certifikacijskim standardima za transplantacijsku medicinu, odnosno do vanjske ocjene i dodjele bezuslovne akreditacije i certifikacije.<br \/>\nProces vanjske ocjene i dodjele akreditacije provela je Agencija za kvalitet i akreditaciju u zdravstvu u Federaciji Bosne i Hercegovine, te je 5.decembra 2018. godine UKC Tuzla dodjelila crtifikat.<\/p>\n<p style=\"text-align: justify;\"><strong>Na\u0161a prepoznatljivost<\/strong><\/p>\n<p style=\"text-align: justify;\"><strong>Transplantacijska medicina<\/strong><br \/>\nUKC Tuzla je zvani\u010dno verificirana ustanova od Ministarstva zdravstva, za tipizaciju, eksplantaciju i transplantaciju tkiva i organa. To je postignuto zahvaljuju\u0107i dobro educiranim timovima, dobroj organizaciji i materijalno tehni\u010dkoj opremljenosti, \u0161to su to uslovi bez kojih bi bilo nemogu\u0107e realizovati transplant program.U UKC Tuzla danas se izvode: kadaveri\u010dne transplantacije bubrega, jetre i ro\u017enica, alogena i autologna transplantacija mati\u010dnih \u0107elija hematopoeze \u2013 ko\u0161tane sr\u017ei i transplantacije jetre i bubrega sa \u017eivih davalaca. Ovaj vid lije\u010denja primjenjuje se u UKC Tuzla od septembra 1999. godine kada je izvr\u0161ena prva transplantacija bubrega sa \u017eivog srodnika.<br \/>\nDo 2021.godine ukupno su ura\u0111ene 263 transplantacije bubrega, od \u010dega 38 kadaveri\u010dnih, 22 kadaveri\u010dne transplantacije jetre, 40 kadaveri\u010dnih ransplantacija ro\u017enica.<\/p>\n<p style=\"text-align: justify;\">UKC Tuzla je jedini centar u BiH u kojem se obavljaju transplantacije mati\u010dnih \u0107elija hematopoeze. Tim za transplantaciju mati\u010dnih \u0107elija hematopoeze \u010dine specijalisti hematologije, transfuziologije, patologije, imunologije, mikrobiologije, molekularne biologije, radioterapije, klini\u010dki farmakolog, kao i medicinske sestre-tehni\u010dari i svi su oni jednako zaslu\u017eni za uspjeh tranpslatnacije. Transplantacija mati\u010dnih \u0107elija hematopoeze je visokosofisticiran modalitet lije\u010denja koji mo\u017ee dovesti do izlije\u010denja brojnih hematolo\u0161kih i nehematolo\u0161kih, malignih i nemalignih oboljenja gdje je konvencionalna terapija insuficijentna. Do 2021. godine u UKC Tuzla ura\u0111ene su ukupno 146 transplantacija mati\u010dnih \u0107elija hematopoeze, od \u010dega 125 autolognih i 21 alogena.<\/p>\n<p style=\"text-align: justify;\"><strong>Barijatrijska hirurgija na Klinici za hirurgiju<\/strong><br \/>\nDebljinu u BiH lije\u010de jedino tuzlanski ljekari. Trenutno se na Klinici za hirurgiju rade hiru\u0161ki modaliteti Laparoskopski Gastric banding, Laparoskopska Slive resekcija \u017eeluca, Mini gastric bay pas i Bilio pankreati\u010dna diverzija. Rije\u010d je o hirur\u0161kim zahvatima kojima se smanjuje veli\u010dina \u017eeluca, odstranjuje ili premo\u0161\u0107uje dio \u017eeluca. Operativno smanjenje tjelesne mase mo\u017ee spasiti \u017eivot ekstremno pretilim pacijentima i stoga je opravdano preporu\u010diti i prihvatiti hiru\u0161ku mogu\u0107nost lije\u010denja, kada izostane uspjeh konzervativnih metoda.<\/p>\n<p style=\"text-align: justify;\"><strong>Primjena najsavremenije metode u hirur\u0161kom lije\u010denju tumora prsne kosti<\/strong><br \/>\nHirur\u0161ke resekcije tumora grudne kosti i stabilizacija grudnog ko\u0161a na Klinici za hirurgiju rade se primjenom dual sintetskom i titanijum MESH tehnikom. Po dostupnim objavljenim radovima u nau\u010dnim bazama podataka ova tehnika je primjenjena samo u nekoliko klini\u010dkih centara i to u Istanbulu, Rijadu, Pekingu i Tokiju. Cilj ove tehnike je potpuna za\u0161tita srca i velikih krvnih sudova uz o\u010duvanje respiratorne funkcije grudnog ko\u0161a.<\/p>\n<p style=\"text-align: justify;\"><strong>Neuroradiolo\u0161ke procedure<\/strong><br \/>\nKlinika za neurohirurgiju i Klinika za radiologiju posljednjih godina djeluju zajedno u okviru neuroradiologije i nastavljaju sa kontinuitetom uvo\u0111enja procedura koilovanja aneurizmi mozga, embolizacija arterio-venoznih malformacija mozga i stentiranja sudova mozga i vrata. Uveden je i novi pristup u lije\u010denju akutnog ishemijskog mo\u017edanog udara metodom koja podrazumijeva uklanjanje tromba, odnosno ugru\u0161ka iz krvnih sudova u mozgu uz pomo\u0107 katetera.<br \/>\nUniverzitetski klini\u010dki centar Tuzla jedina je ustanova u BiH u kojoj pacijenti usluge iz oblasti neuroradiologije mogu dobiti tokom 24 sata, sedam dana u sedmici.<\/p>\n<p style=\"text-align: justify;\"><strong>Najkompliciraniji neurohiru\u0161ki zahvati<\/strong><br \/>\nNa Klinici za neurohirurgiju Tuzla lije\u010di se \u0161irok dijapazon bolesti koje ne mogu biti tretirane u drugim zdravstvenim ustanovama u BiH. Trenutno se na klinici nalaze pacijenti svih uzrasta i iz svih krajeva BiH koji su uspje\u0161no operisani od strane tuzlanskih neurohirurga. Na Klinici za neurohirurgiju obavljaju se najkompliciraniji neurohiru\u0161ki zahvati u podru\u010dju neurovaskularne, neuroonkologijske, neuropedijatrijske, spinalne i funkcionalne neurohirurgije, te mikrohiru\u0161ki, endoskopski i stereotaksi\u010dni zahvati. Minimalno invazivna neurohirurgija temeljni je pristup hiru\u0161kom lije\u010denju bolesnika. Zahvaljuju\u0107i ovakvom pristupu u lije\u010denju najomplikovanijih slu\u010dajeva klinika je postala poznata i izvan granica BiH.<\/p>\n<p style=\"text-align: justify;\"><strong>Iz sfere dijagnostike u sferu terapije<\/strong><br \/>\nKlinika za radiologiju JZU UKC Tuzla pre\u0161la je iz sfere dijagnostike u sferu terapije i Odjel interventne radilogije JZU UKC Tuzla uspio je da pove\u017ee sve karike lanca dijagnostike krvnih sudova kao i da uvede nove terapijske metode kojim se rje\u0161avaju neka oboljenja krvnih sudova. Neke od procedura koje se izvode na ovoj klinici su RTA stent arterija donjih ekstremiteta, Endovaskularni tretman postavljanja koila u intrakranijalnu aneurizmu, CT angio krvnih sudova sa 3D rekonstrukcijom, embolizacija aneurizmi cerebralnih arterija-Coli sistem, MR jetre sa primovistom, Endovaskularni tretman stenoze subklavije i Arterovenske malformacije na ki\u010dmenoj mo\u017edini.<\/p>\n<p style=\"text-align: justify;\"><strong>Rekonstruktivni zahvati dojke sa ugradnjom implantata<\/strong><br \/>\nNa Klinici za plasti\u010dnu i rekonstruktivnu hirurgiju rade se rekonstruktivni zahvati dojke sa ugradnjom implantata kod pacijentica nakon dijagostikovanja maligne bolesti i ura\u0111ene mastektomije, \u010dime je pacijenticama omugu\u0107en daljnji kvalitetan \u017eivot i pshi\u010dka stabilnost To je trend prisutan i u vode\u0107im svjetskim zdravstvenim centrima.<br \/>\nNa ovoj klinici od 2011. godine uspje\u0161no se izvode replantacije \u0161ake i do sada ih je ura\u0111eno dvadeset dvije, od \u010dega je bilo dvadeset replantacija prstiju i dvije replantacije kompletne \u0161ake.<br \/>\nKao iskusni specijalisti plasti\u010dne, estetske i rekonstruktivne hirurgije, zaposlenici Klinike za plasti\u010dnu i rekonstruktivnu hirurgiju stru\u010dnu pa\u017enju posve\u0107uju i uro\u0111enim anomalijama, tumorima ko\u017ee i mekih tkiva, opekotinama, ali i estetskoj hirurgiji, u kojoj rade face lift-ritidoplastiku, blefaroplastiku, rino i rinoseptoplastiku, otopostaze, korektivne zahvate na dojkama, abdomenu, ekstremitetima, kao i lipektomiju, liposukciju i lipofiling.<\/p>\n<p style=\"text-align: justify;\"><strong>Biolo\u0161ka terapija kao savremena strategija lije\u010denja<\/strong><br \/>\nOrganizacija Klinike za o\u010dne bolesti bazirana je na principima i stavovima savremene oftalmologije. Na klinici se trenutno radi kompletna hirurgija le\u0107e savremenom metodom fakoemulzifikacije , transplantacija ro\u017enice, moderne operacije glaukoma, te operacije na stra\u017enjem segmentu oka kod djece i odraslih.<br \/>\nNa stra\u017enjem segmentu oka osim velikog iskustva operacije ablacije mre\u017enice, usvojeni su i moderni operativni zahvati kod vitreoretinalnih oboljenja. Pored standardnih dijagnosti\u010dkih i terapeutskih procedura osvremenjen je operativni zahvat na stra\u017enjem segmentu oka sa \u010detiri porta i krovnim svjetlom.<\/p>\n<p style=\"text-align: justify;\"><strong>Dje\u010dija intenzivna njega savremenog koncepta<\/strong><br \/>\nTokom rekonstrukcije Klinike za dje\u010dije bolesti obezbje\u0111en je adekvatan prostor za multidisciplinarnu jedinicu intenzivne njege.<br \/>\nProstor je ra\u0111en po najsavremenijim standardima i postoje\u0107a oprema je dopunjena sa novim respiratorom, namjenjenim za mehani\u010dku ventilaciju djece i novoro\u0111en\u010dadi, kao i sa inkubatorom, perfuzorima, infuzionim i nutritivnim pumpama i monitorima. Cilj adaptacije ovog prostora koji sadr\u017ei dvadeset jedinica za pacijente, od kojih je osamnaest respiratornih, je da se preveniraju i svedu na minimum te\u0161ka oboljenja i neonatalna, odnosno novoro\u0111ena\u010dka smrtnost.<br \/>\nPored rekonstrukcije, vr\u0161ena je i edukacija kadra u Cincinnatiju, SAD.<\/p>\n<p style=\"text-align: justify;\"><strong>Novo dje\u010dije odjeljenje hematologije i onkologije<\/strong><br \/>\nRazlog za pokretanje inicijative otvaranja novog Odjeljenja hematologije i onkologije sa ve\u0107im kapacitetom le\u017ei u \u010dinjenici da je Tuzlanski kanton vode\u0107i kanton u FBiH po broju oboljele djece i mladih od malignih oboljenja. Uglavnom je rije\u010d o leukemijama, ali tu su i tumori centralnog nervnog sistema i drugi maligniteti. Otvaranjem ovog Odjeljenja zaokru\u017een je cjelokupan tretman dijagnostike i stvoreni bolji prostorni uslovi za pacijente koji u toku trajanja dijagnostike i terapije u bolnici provedu i do 6 mjeseci.<\/p>\n<p style=\"text-align: justify;\"><strong>Odjeljenje dje\u010dije hirurgije Klinike za dje\u010dije bolesti<\/strong><br \/>\nOdjeljenje za dje\u010diju hirurgiju pru\u017ea \u0161irok spektar usluga iz oblasti dje\u010dije hirurgije \u0161to uklju\u010duje neonatalnu hirurgiju, kao \u0161to su uro\u0111ene anomalije gastrointestinalnog trakta, prednjeg trbu\u0161nog zida, anorektalne anomalije, sakrokokcigealni tumori. Hirur\u0161ke procedure u pedijatrijskoj urologiji sprovode se kod uro\u0111ene ili ste\u010dene bolesti bubrega, mokra\u0107nih kanala i spolovila, kao i endoskopsko rje\u0161avanje veziko-ureteralnog refluksa. Hirur\u0161ki tretmani izvode se kod tumora grudnog ko\u0161a, retroperitonealnih i intraabdominalnih tumora. Na Odjeljenju za dje\u010diju hirurgiju tako\u0111er, vr\u0161i se i zbrinjavanje opekotina kao i povreda grudnog ko\u0161a i abdomena, te sva druga akutna hirur\u0161ka stanja u dje\u010dijoj hirurgiji. U novoro\u0111ena\u010dkoj hirurgiji, kao i u hirurgiji uro\u0111enih deformiteta grudnog ko\u0161a izvode se hirur\u0161ki zahvati u okviru svjetskih spoznaja i znanja ste\u010denih na usavr\u0161avanjima u inostranstvu.<\/p>\n<p style=\"text-align: justify;\"><strong>Pozitivne promjene u domenu interventne kardiologije<\/strong><br \/>\nTretman STEMI infarkta na Klinici za invazivnu kardiologiju organizovan je po sistemu 24\/7, odnosno 24 \u010dasa dnevno sedam dana u sedmici. Procedure na koje stavljaju akcenat na ovoj klinici su endovaskularni tretmani, nehiru\u0161ki tretmani periferne arterijske okuzivne bolesti, odnosno bolesti (su\u017eavanja) okluzije perifernih arterija prvenstveno nogu, bubre\u017enih arterija i vrata.<br \/>\nTako\u0111er, vrlo zna\u010dajan je razvoj u segmentu implantacije pejsmejkera, posebno CRT ure\u0111aja za resinkronizacijsku terapiju kod sr\u010dane slabosti. A tokom 2017. godine, na ovoj klinici je uvedena i procedura balon dilatacija aortne valvule.<br \/>\nIzazov za inovativni tim Klinike za invazivnu kardiologiju UKC Tuzla je lije\u010denje nepravilnog sr\u010danog ritma odnosno perkutne zamjene sr\u010danog zaliska nehiru\u0161kim putem, \u0161to predstavlja trend u kardiologiji. Drugi segment se odnosi na uvo\u0111enje procedure tzv. Tavia, odnosno perkutane zamjene aortne valvule nehiru\u0161kim putem.<\/p>\n<p style=\"text-align: justify;\"><strong>Intenziviran kardiohirur\u0161ki operativni program<\/strong><br \/>\nKlinika za kardiovaskularnu hirurgiju predstavlja visoko specijaliziranu ustanovu u kojoj se vr\u0161e svi operativni zahvati na srcu i velikim krvnim \u017eilama. Dobra opremljenost klinike i visoka stru\u010dnost kadra omogu\u0107uje primjenu najsavremenijih metoda u dijagnostici i operativnim postupcima. Do prije nekoliko godina me\u0111u naju\u010destalijim operativnim zahvatima su bili aortokoronarni bajpasi. U posljednje vrijeme do\u0161lo je do zna\u010dajne promjene u u\u010destalosti vr\u0161enja pojedinih operativnih zahvata u korist ve\u0107eg broja operativnih zahvata na sr\u010danim zaliscima, korijenu aorte i aorti u cjelosti. Pored toga svakodnevno se obavljaju operativni zahvati na velikim krvnim \u017eilama gornjih i donjih ekstremiteta.<br \/>\nStrate\u0161ki plan razvoja tuzlanske kardiohirurgije je transplantacija srca. Za ovaj veliki stru\u010dni i logisti\u010dki poduhvat pripremne radnje su u toku.<\/p>\n<p style=\"text-align: justify;\"><strong>Gastroenterolo\u0161ka dijagnostika i lije\u010denje<\/strong><br \/>\nU UKC Tuzla se uspje\u0161no izvedeni intervencijski endokliping poslije polipektomije u kolonudebelom crijevu. U intervencijskoj gastroenterologiji endokliping metoda (stavljanje klipse pod kontrolom fiber opti\u010dkog instrumenta) se uglavnom rutinirano radi u cilju zaustavljanja i spre\u010davanja krvarenja, ve\u0107inom iz proksimalnog dijela gastroinestinarnog trakta.<br \/>\nPerspektiva intervencijskog endoklipinga u gastroenterologiji nije samo zaustavljanje i spre\u010davanje krvarenja, nego i njena primjena u neoperativnom lije\u010denju perforacija gastrointestinalne cijevi.<br \/>\nUvo\u0111enje novih i usavr\u0161avanje dosada\u0161njih endoskopskih intervencijskih procedura, uticat \u0107e na smanjenje broja klasi\u010dnih hirur\u0161kih intervencija, a sve u cilju pobolj\u0161anja kvaliteta \u017eivota pacijenata i smanjenja sveukupnih tro\u0161kova lije\u010denja.<\/p>\n<p style=\"text-align: justify;\"><strong>Metoda lije\u010denja tumora jetre etanolskom ablacijom<\/strong><br \/>\nLjekari Odjeljenja za gastroenterologiju i hepatologiju uspje\u0161no izvode metodu lije\u010denja tumora jetre etanolskom ablacijom, koja podrazumijeva da se odre\u0111ena koli\u010dina alkohola, pod kontrolom ultrazvuka, direktno ubrizgava u tumor. Procedura se izvodi u lokalnoj anesteziji, traje 20-tak minuta i obi\u010dno je potrebno od dva do \u0161est tretmana kako bi se tumor uni\u0161tio. Etanolska ablacija kao i ve\u0107ina drugih ablativnih tehnika mo\u017ee posti\u0107i odumiranje tumora u postotku od 90 do 100 posto, zavisno od njegove veli\u010dine. Iako sama procedura traje 20 minuta, lije\u010denje raka jetre za 20 minuta je za dana\u0161nju medicinu jo\u0161 uvijek daleki cilj.<\/p>\n<p style=\"text-align: justify;\"><strong>Minimalno invazivne procedure u ortopediji<\/strong><br \/>\nAtroskopija ramena je procedura koja se izvodi na Klinici za ortopediju i traumatologiju. Pomo\u0107u ove procedure omogu\u0107en je vizuelni prikaz unutarnje strukture ramenog pojasa, gdje se detektuje problem, nakon \u010dega se pristupa rje\u0161avanju istog. Metoda se izvodi endoskopski, odnosno kroz dva do tri manja otvora, od par milimetara, uz pomo\u0107 kamere, \u0161to predstavlja prednost u odnosu na klasi\u010dnu operaciju, te br\u017ei postoperativni tok.<br \/>\nKlinika za ortopediju i traumatologiju radi i laparoskopske procedure u ortopedskoj hirurgiji, kao \u0161to su: rupture rotatorne man\u0161ete, kalcificiraju\u0107i tendinis, smrznuto rame, artroza ramena i stra\u017enja luksacija ramena.<\/p>\n<p style=\"text-align: justify;\"><strong>Instalacija prvog PACS\/RIS rje\u0161enja u BiH<\/strong><br \/>\nU UKC Tuzla u primjeni je PACS\/RIS sistem od 2007. godine, kojim je digitalizirana i modernizirana ne samo radiologija, nego je i ubrzan proces rada svim ljekarima i medicinskom osoblju.<br \/>\nUvo\u0111enjem PACS-a sistema (sistem za obradu, arhiviranje i distribuciju radiolo\u0161ke slike), RIS-a (radiolo\u0161ki informacioni sistem) i CR-a (ure\u0111aji za digitalizaciju), kompletna obrada, distribucija i arhiviranje radiolo\u0161kih slika i pisanih nalaza u Univerzitetskom klini\u010dkom centru Tuzla odvija se u elektronskoj formi.<br \/>\nSistem je zasnovan na savremenoj WEB tehnologiji i opremljen softverskim alatima za primjenu u razli\u010ditim oblastima dijagnostike (standardna radiografija, mamografija, 3D prikazi za CT-MR dijagnostiku, UZV dijagnostika, angio paket, virtualna kolonoskopija, ortopedija). Ovakav na\u010din rada omogu\u0107ava pobolj\u0161anje radnih procesa, stvaranje elektronske demografske baze podataka, ukupno podizanje kvalitete dijagnosti\u010dkih disciplina, pove\u0107anje produktivnosti i iskoristivosti modaliteta uz smanjenje tro\u0161kova poslovanja.<br \/>\nSistem elektronskog kartona pacijenata, uveden je tokom 2011. godine. U ovom sistemu se svi nalazi pacijenata iz domova zdravlja, tj. timova porodi\u010dne medicine, objedinjuju u JZU UKC Tuzla, te je time ubrzan proces razmjene podataka izme\u0111u ustanova primarne i sekundarne zdravstvene za\u0161tite.<\/p>\n<p style=\"text-align: justify;\"><a href=\"https:\/\/www.ukctuzla.ba\/ukctuzla\/?page_id=1868&amp;lang=bs\" target=\"_blank\" rel=\"noopener\"><em><strong>Transplantacije u UKC Tuzla (VI\u0160E)<\/strong><\/em><\/a><\/p>\n","protected":false},"excerpt":{"rendered":"<p>Razvoj zdravstva u Tuzli (vi\u0161e) Javna zdravstvena ustanova Univerzitski klini\u010dki centar Tuzla moderna je ustanova sa jasnom vizijom svog razvoja i misijom da kontinuiranom edukacijom unapre\u0111uje i podi\u017ee kvalitet usluga za svoje pacijente kako bi bila liderom u brizi o zdravlju gra\u0111ana, prepoznata u lije\u010denju, edukaciji i inovacijama. U Univerzitetskom klini\u010dkom centru Tuzla primjenjuju se&hellip;<\/p>\n","protected":false},"author":1,"featured_media":16294,"parent":0,"menu_order":0,"comment_status":"closed","ping_status":"closed","template":"","meta":{"footnotes":""},"class_list":["post-98","page","type-page","status-publish","has-post-thumbnail","hentry","description-off"],"_links":{"self":[{"href":"https:\/\/www.ukctuzla.ba\/ukctuzla\/index.php?rest_route=\/wp\/v2\/pages\/98","targetHints":{"allow":["GET"]}}],"collection":[{"href":"https:\/\/www.ukctuzla.ba\/ukctuzla\/index.php?rest_route=\/wp\/v2\/pages"}],"about":[{"href":"https:\/\/www.ukctuzla.ba\/ukctuzla\/index.php?rest_route=\/wp\/v2\/types\/page"}],"author":[{"embeddable":true,"href":"https:\/\/www.ukctuzla.ba\/ukctuzla\/index.php?rest_route=\/wp\/v2\/users\/1"}],"replies":[{"embeddable":true,"href":"https:\/\/www.ukctuzla.ba\/ukctuzla\/index.php?rest_route=%2Fwp%2Fv2%2Fcomments&post=98"}],"version-history":[{"count":23,"href":"https:\/\/www.ukctuzla.ba\/ukctuzla\/index.php?rest_route=\/wp\/v2\/pages\/98\/revisions"}],"predecessor-version":[{"id":17349,"href":"https:\/\/www.ukctuzla.ba\/ukctuzla\/index.php?rest_route=\/wp\/v2\/pages\/98\/revisions\/17349"}],"wp:featuredmedia":[{"embeddable":true,"href":"https:\/\/www.ukctuzla.ba\/ukctuzla\/index.php?rest_route=\/wp\/v2\/media\/16294"}],"wp:attachment":[{"href":"https:\/\/www.ukctuzla.ba\/ukctuzla\/index.php?rest_route=%2Fwp%2Fv2%2Fmedia&parent=98"}],"curies":[{"name":"wp","href":"https:\/\/api.w.org\/{rel}","templated":true}]}}